{"id":8064,"date":"2025-10-02T08:40:40","date_gmt":"2025-10-02T06:40:40","guid":{"rendered":"https:\/\/freyaframes.eu\/?post_type=product&#038;p=8064"},"modified":"2025-10-02T08:40:41","modified_gmt":"2025-10-02T06:40:41","slug":"sailkite-coating","status":"publish","type":"product","link":"https:\/\/freyaframes.eu\/et\/product\/sailkite-coating\/","title":{"rendered":"Sail&amp;Kite Coating"},"content":{"rendered":"<p>Sails are one of the most sensitive components of a boat. Mechanical loads (manoeuvres, strong winds) and environmental influences (water, salt) are a major factor for all canvas, foils and laminates.<br \/>\nSail &amp; Kite coating is a two-component canvas coating based on the chemical nanotechnology. The optically neutral coating extends the life, increases the performance and simplifies the handling.<br \/>\nSail &amp; Kite coating is an effective shield against water, dirt and weather. The surface gets extremely slidable, reducing friction and facilitating handling of large fabric layers. Fast drying reduces the growth of mildew and mold formation.<br \/>\nSail &amp; Kite Coating thus significantly increases the life of the fabric.<\/p>\n<p>Benefits:<br \/>\n\u2022 Improve the gliding behaviour (trimming, setting and recovery of sails, fock or spinnaker)<br \/>\n\u2022 Significant reduction of friction in the mast groove and profile guard<br \/>\n\u2022 Strong waterproofing effect, very high water and dirt repellency<br \/>\n\u2022 Up to 65% lighter sails through reduced water absorption<br \/>\n\u2022 Up to 65% faster drying time<br \/>\n\u2022 Reduction of mold and stain formation<br \/>\n\u2022 Optimizing the aerodynamic properties<br \/>\n\u2022 Increase the breaking load of sail cloths without increasing the fabric weight<br \/>\n\u2022 Improving the look by smoothing the sails<br \/>\n\u2022 Extremely high durability<br \/>\n\u2022 Resistant to cleaning chemicals<br \/>\n\u2022 Highly concentrated -&gt; high yield<br \/>\n\u2022 Water-based -&gt; solvent free -&gt; free of biocides<br \/>\n\u2022 Non-combustible -&gt; no hazardous material<br \/>\n\u2022 Easy application<\/p>","protected":false},"excerpt":{"rendered":"<p>Areas of application:<br \/>\n\u2022 Spinnaker, jib and mainsail, furling sails, kites etc&#8230;<br \/>\n\u2022 Waterproof coating for tarpaulin, tents, pavillions, sun sails or awnings<br \/>\n\u2022 We recommend Sail &amp; Kite Impregnation for fabrics that can not be rolled out and treated with Sail &amp; Kite Coating (sprayhood, protective roofs, convertible top, sun shade, backpack, sailing-clothing, shoes, boat pillows, etc.)<\/p>","protected":false},"featured_media":8065,"template":"","meta":{"_acf_changed":false,"content-type":"","_monsterinsights_skip_tracking":false,"_monsterinsights_sitenote_active":false,"_monsterinsights_sitenote_note":"","_monsterinsights_sitenote_category":0},"product_brand":[],"product_cat":[544],"product_tag":[186,185],"class_list":{"0":"post-8064","1":"product","2":"type-product","3":"status-publish","4":"has-post-thumbnail","6":"product_cat-cleaners","7":"product_tag-bimini","8":"product_tag-sprayhood","9":"pa_brand-sailkite","11":"first","12":"instock","13":"taxable","14":"shipping-taxable","15":"purchasable","16":"product-type-variable","17":"wvs-archive-product-wrapper"},"acf":[],"yoast_head":"<!-- This site is optimized with the Yoast SEO Premium plugin v27.3 (Yoast SEO v27.3) - https:\/\/yoast.com\/product\/yoast-seo-premium-wordpress\/ -->\n<title>Sail&amp;Kite Coating - Freyaframes<\/title>\n<meta name=\"description\" content=\"Protect your investment with Sail canvas coating! Engineered to withstand strong winds and water, it simplifies handling for all sailors. Discover now!\" \/>\n<meta name=\"robots\" content=\"index, follow, max-snippet:-1, max-image-preview:large, max-video-preview:-1\" \/>\n<link rel=\"canonical\" href=\"https:\/\/freyaframes.eu\/et\/toode\/sailkite-coating\/\" \/>\n<meta property=\"og:locale\" content=\"et_EE\" \/>\n<meta property=\"og:type\" content=\"article\" \/>\n<meta property=\"og:title\" content=\"Sail&amp;Kite Coating\" \/>\n<meta property=\"og:description\" content=\"Protect your investment with Sail canvas coating! Engineered to withstand strong winds and water, it simplifies handling for all sailors. Discover now!\" \/>\n<meta property=\"og:url\" content=\"https:\/\/freyaframes.eu\/et\/toode\/sailkite-coating\/\" \/>\n<meta property=\"og:site_name\" content=\"Freyaframes\" \/>\n<meta property=\"article:publisher\" content=\"https:\/\/www.facebook.com\/freyaframes\" \/>\n<meta property=\"article:modified_time\" content=\"2025-10-02T06:40:41+00:00\" \/>\n<meta property=\"og:image\" content=\"https:\/\/freyaframes.eu\/wp-content\/uploads\/2025\/10\/is10602-1.jpg\" \/>\n\t<meta property=\"og:image:width\" content=\"450\" \/>\n\t<meta property=\"og:image:height\" content=\"450\" \/>\n\t<meta property=\"og:image:type\" content=\"image\/jpeg\" \/>\n<meta name=\"twitter:card\" content=\"summary_large_image\" \/>\n<script type=\"application\/ld+json\" class=\"yoast-schema-graph\">{\"@context\":\"https:\\\/\\\/schema.org\",\"@graph\":[{\"@type\":\"WebPage\",\"@id\":\"https:\\\/\\\/freyaframes.eu\\\/product\\\/sailkite-coating\\\/\",\"url\":\"https:\\\/\\\/freyaframes.eu\\\/product\\\/sailkite-coating\\\/\",\"name\":\"Sail&Kite Coating - Freyaframes\",\"isPartOf\":{\"@id\":\"https:\\\/\\\/freyaframes.eu\\\/#website\"},\"primaryImageOfPage\":{\"@id\":\"https:\\\/\\\/freyaframes.eu\\\/product\\\/sailkite-coating\\\/#primaryimage\"},\"image\":{\"@id\":\"https:\\\/\\\/freyaframes.eu\\\/product\\\/sailkite-coating\\\/#primaryimage\"},\"thumbnailUrl\":\"https:\\\/\\\/freyaframes.eu\\\/wp-content\\\/uploads\\\/2025\\\/10\\\/is10602-1.jpg\",\"datePublished\":\"2025-10-02T06:40:40+00:00\",\"dateModified\":\"2025-10-02T06:40:41+00:00\",\"description\":\"Protect your investment with Sail canvas coating! Engineered to withstand strong winds and water, it simplifies handling for all sailors. Discover now!\",\"breadcrumb\":{\"@id\":\"https:\\\/\\\/freyaframes.eu\\\/product\\\/sailkite-coating\\\/#breadcrumb\"},\"inLanguage\":\"et\",\"potentialAction\":[{\"@type\":\"ReadAction\",\"target\":[\"https:\\\/\\\/freyaframes.eu\\\/product\\\/sailkite-coating\\\/\"]}]},{\"@type\":\"ImageObject\",\"inLanguage\":\"et\",\"@id\":\"https:\\\/\\\/freyaframes.eu\\\/product\\\/sailkite-coating\\\/#primaryimage\",\"url\":\"https:\\\/\\\/freyaframes.eu\\\/wp-content\\\/uploads\\\/2025\\\/10\\\/is10602-1.jpg\",\"contentUrl\":\"https:\\\/\\\/freyaframes.eu\\\/wp-content\\\/uploads\\\/2025\\\/10\\\/is10602-1.jpg\",\"width\":450,\"height\":450},{\"@type\":\"BreadcrumbList\",\"@id\":\"https:\\\/\\\/freyaframes.eu\\\/product\\\/sailkite-coating\\\/#breadcrumb\",\"itemListElement\":[{\"@type\":\"ListItem\",\"position\":1,\"name\":\"Home\",\"item\":\"https:\\\/\\\/freyaframes.eu\\\/\"},{\"@type\":\"ListItem\",\"position\":2,\"name\":\"Custom Boat Frames &amp; Canvas | Freyaframes Shop\",\"item\":\"https:\\\/\\\/freyaframes.eu\\\/shop\\\/\"},{\"@type\":\"ListItem\",\"position\":3,\"name\":\"Sail&#038;Kite Coating\"}]},{\"@type\":\"WebSite\",\"@id\":\"https:\\\/\\\/freyaframes.eu\\\/#website\",\"url\":\"https:\\\/\\\/freyaframes.eu\\\/\",\"name\":\"Freyaframes\",\"description\":\"Custom Sprayhoods &amp; Stainless Steel Frames | No Boat Visit Required\",\"publisher\":{\"@id\":\"https:\\\/\\\/freyaframes.eu\\\/#organization\"},\"alternateName\":\"Freya\",\"potentialAction\":[{\"@type\":\"SearchAction\",\"target\":{\"@type\":\"EntryPoint\",\"urlTemplate\":\"https:\\\/\\\/freyaframes.eu\\\/?s={search_term_string}\"},\"query-input\":{\"@type\":\"PropertyValueSpecification\",\"valueRequired\":true,\"valueName\":\"search_term_string\"}}],\"inLanguage\":\"et\"},{\"@type\":\"Organization\",\"@id\":\"https:\\\/\\\/freyaframes.eu\\\/#organization\",\"name\":\"freyaframes\",\"alternateName\":\"freyaframes.eu\",\"url\":\"https:\\\/\\\/freyaframes.eu\\\/\",\"logo\":{\"@type\":\"ImageObject\",\"inLanguage\":\"et\",\"@id\":\"https:\\\/\\\/freyaframes.eu\\\/#\\\/schema\\\/logo\\\/image\\\/\",\"url\":\"https:\\\/\\\/freyaframes.eu\\\/wp-content\\\/uploads\\\/2023\\\/02\\\/Freya-e1711470187319.webp\",\"contentUrl\":\"https:\\\/\\\/freyaframes.eu\\\/wp-content\\\/uploads\\\/2023\\\/02\\\/Freya-e1711470187319.webp\",\"width\":800,\"height\":355,\"caption\":\"freyaframes\"},\"image\":{\"@id\":\"https:\\\/\\\/freyaframes.eu\\\/#\\\/schema\\\/logo\\\/image\\\/\"},\"sameAs\":[\"https:\\\/\\\/www.facebook.com\\\/freyaframes\",\"https:\\\/\\\/www.instagram.com\\\/freyaframes\\\/\"],\"description\":\"Charter Sailing O\u00dc is making premium boat canvas & stainless steel frames. We sell our products under 2 brands - freyaframes.eu and sprayhoodz.eu.\",\"email\":\"we@freyaframes.eu\",\"telephone\":\"+37256800066\",\"legalName\":\"Charter Sailing O\u00dc\",\"foundingDate\":\"2021-01-19\",\"vatID\":\"EE102499645\",\"numberOfEmployees\":{\"@type\":\"QuantitativeValue\",\"minValue\":\"1\",\"maxValue\":\"10\"},\"publishingPrinciples\":\"https:\\\/\\\/freyaframes.eu\\\/blog\\\/\"}]}<\/script>\n<!-- \/ Yoast SEO Premium plugin. -->","yoast_head_json":{"title":"Sail&Kite Coating - Freyaframes","description":"Protect your investment with Sail canvas coating! Engineered to withstand strong winds and water, it simplifies handling for all sailors. Discover now!","robots":{"index":"index","follow":"follow","max-snippet":"max-snippet:-1","max-image-preview":"max-image-preview:large","max-video-preview":"max-video-preview:-1"},"canonical":"https:\/\/freyaframes.eu\/et\/toode\/sailkite-coating\/","og_locale":"et_EE","og_type":"article","og_title":"Sail&Kite Coating","og_description":"Protect your investment with Sail canvas coating! Engineered to withstand strong winds and water, it simplifies handling for all sailors. Discover now!","og_url":"https:\/\/freyaframes.eu\/et\/toode\/sailkite-coating\/","og_site_name":"Freyaframes","article_publisher":"https:\/\/www.facebook.com\/freyaframes","article_modified_time":"2025-10-02T06:40:41+00:00","og_image":[{"width":450,"height":450,"url":"https:\/\/freyaframes.eu\/wp-content\/uploads\/2025\/10\/is10602-1.jpg","type":"image\/jpeg"}],"twitter_card":"summary_large_image","schema":{"@context":"https:\/\/schema.org","@graph":[{"@type":"WebPage","@id":"https:\/\/freyaframes.eu\/product\/sailkite-coating\/","url":"https:\/\/freyaframes.eu\/product\/sailkite-coating\/","name":"Sail&Kite Coating - Freyaframes","isPartOf":{"@id":"https:\/\/freyaframes.eu\/#website"},"primaryImageOfPage":{"@id":"https:\/\/freyaframes.eu\/product\/sailkite-coating\/#primaryimage"},"image":{"@id":"https:\/\/freyaframes.eu\/product\/sailkite-coating\/#primaryimage"},"thumbnailUrl":"https:\/\/freyaframes.eu\/wp-content\/uploads\/2025\/10\/is10602-1.jpg","datePublished":"2025-10-02T06:40:40+00:00","dateModified":"2025-10-02T06:40:41+00:00","description":"Protect your investment with Sail canvas coating! Engineered to withstand strong winds and water, it simplifies handling for all sailors. Discover now!","breadcrumb":{"@id":"https:\/\/freyaframes.eu\/product\/sailkite-coating\/#breadcrumb"},"inLanguage":"et","potentialAction":[{"@type":"ReadAction","target":["https:\/\/freyaframes.eu\/product\/sailkite-coating\/"]}]},{"@type":"ImageObject","inLanguage":"et","@id":"https:\/\/freyaframes.eu\/product\/sailkite-coating\/#primaryimage","url":"https:\/\/freyaframes.eu\/wp-content\/uploads\/2025\/10\/is10602-1.jpg","contentUrl":"https:\/\/freyaframes.eu\/wp-content\/uploads\/2025\/10\/is10602-1.jpg","width":450,"height":450},{"@type":"BreadcrumbList","@id":"https:\/\/freyaframes.eu\/product\/sailkite-coating\/#breadcrumb","itemListElement":[{"@type":"ListItem","position":1,"name":"Home","item":"https:\/\/freyaframes.eu\/"},{"@type":"ListItem","position":2,"name":"Custom Boat Frames &amp; Canvas | Freyaframes Shop","item":"https:\/\/freyaframes.eu\/shop\/"},{"@type":"ListItem","position":3,"name":"Sail&#038;Kite Coating"}]},{"@type":"WebSite","@id":"https:\/\/freyaframes.eu\/#website","url":"https:\/\/freyaframes.eu\/","name":"Freyaframes","description":"Custom Sprayhoods &amp; Stainless Steel Frames | No Boat Visit Required","publisher":{"@id":"https:\/\/freyaframes.eu\/#organization"},"alternateName":"Freya","potentialAction":[{"@type":"SearchAction","target":{"@type":"EntryPoint","urlTemplate":"https:\/\/freyaframes.eu\/?s={search_term_string}"},"query-input":{"@type":"PropertyValueSpecification","valueRequired":true,"valueName":"search_term_string"}}],"inLanguage":"et"},{"@type":"Organization","@id":"https:\/\/freyaframes.eu\/#organization","name":"Freyaframes","alternateName":"freyaframes.eu","url":"https:\/\/freyaframes.eu\/","logo":{"@type":"ImageObject","inLanguage":"et","@id":"https:\/\/freyaframes.eu\/#\/schema\/logo\/image\/","url":"https:\/\/freyaframes.eu\/wp-content\/uploads\/2023\/02\/Freya-e1711470187319.webp","contentUrl":"https:\/\/freyaframes.eu\/wp-content\/uploads\/2023\/02\/Freya-e1711470187319.webp","width":800,"height":355,"caption":"freyaframes"},"image":{"@id":"https:\/\/freyaframes.eu\/#\/schema\/logo\/image\/"},"sameAs":["https:\/\/www.facebook.com\/freyaframes","https:\/\/www.instagram.com\/freyaframes\/"],"description":"Charter Sailing O\u00dc teeb premium paat kangas &amp; roostevabast terasest raamid. Me m\u00fc\u00fcme oma tooteid 2 kaubam\u00e4rgi all - freyaframes.eu ja sprayhoodz.eu.","email":"we@freyaframes.eu","telephone":"+37256800066","legalName":"Charter Sailing O\u00dc","foundingDate":"2021-01-19","vatID":"EE102499645","numberOfEmployees":{"@type":"QuantitativeValue","minValue":"1","maxValue":"10"},"publishingPrinciples":"https:\/\/freyaframes.eu\/blog\/"}]}},"jetpack_sharing_enabled":true,"_links":{"self":[{"href":"https:\/\/freyaframes.eu\/et\/wp-json\/wp\/v2\/product\/8064","targetHints":{"allow":["GET"]}}],"collection":[{"href":"https:\/\/freyaframes.eu\/et\/wp-json\/wp\/v2\/product"}],"about":[{"href":"https:\/\/freyaframes.eu\/et\/wp-json\/wp\/v2\/types\/product"}],"version-history":[{"count":0,"href":"https:\/\/freyaframes.eu\/et\/wp-json\/wp\/v2\/product\/8064\/revisions"}],"wp:featuredmedia":[{"embeddable":true,"href":"https:\/\/freyaframes.eu\/et\/wp-json\/wp\/v2\/media\/8065"}],"wp:attachment":[{"href":"https:\/\/freyaframes.eu\/et\/wp-json\/wp\/v2\/media?parent=8064"}],"wp:term":[{"taxonomy":"product_brand","embeddable":true,"href":"https:\/\/freyaframes.eu\/et\/wp-json\/wp\/v2\/product_brand?post=8064"},{"taxonomy":"product_cat","embeddable":true,"href":"https:\/\/freyaframes.eu\/et\/wp-json\/wp\/v2\/product_cat?post=8064"},{"taxonomy":"product_tag","embeddable":true,"href":"https:\/\/freyaframes.eu\/et\/wp-json\/wp\/v2\/product_tag?post=8064"}],"curies":[{"name":"wp","href":"https:\/\/api.w.org\/{rel}","templated":true}]}}