{"id":8046,"date":"2025-10-02T07:43:17","date_gmt":"2025-10-02T05:43:17","guid":{"rendered":"https:\/\/freyaframes.eu\/?post_type=product&#038;p=8046"},"modified":"2025-10-02T08:02:33","modified_gmt":"2025-10-02T06:02:33","slug":"vuplex-plastic-cleaner","status":"publish","type":"product","link":"https:\/\/freyaframes.eu\/et\/product\/vuplex-plastic-cleaner\/","title":{"rendered":"VuPlex plastikpuhastusvahend"},"content":{"rendered":"<p>VuPlex cleans, polishes and seals the surface effortlessly and makes it resistant to all types of dirt.<br \/>\nVuPlex removes dirt that conventional agents cannot remove, cleans porous surfaces down to the pores, removes fine scratches and even seals the surface to make it antistatic and water\/dirt repellent in one simple operation.<br \/>\nOne bottle of VuPlex (375 g \/ 445 ml) is sufficient for approx. 30 m\u00b2.<br \/>\nVuPlex is particularly impressive on boat windows and hatch windows, PVC windows in sails, tents and tarpaulins as well as all caravan windows, it cleans gently without abrasives and makes even aged plastics crystal clear again.<br \/>\nThe polymer protective film of VuPlex gives the surfaces a water and dirt-repellent surface that lasts for approx. 3 months and is even resistant to fine scratches (caused by cleaning, for example) on acrylic panes.<\/p>\n<p>Here are just a few examples of how versatile VuPlex can be used. Try it out for yourself:<br \/>\n&#8211; Boat windows &amp; hatches<br \/>\n&#8211; PVC tarpaulin &amp; tent windows<br \/>\n&#8211; Plastic spectacle lenses, motorbike helmet visors<br \/>\n&#8211; Diving goggles<br \/>\n&#8211; Windscreens on boats without windscreen wipers<br \/>\n&#8211; Caravan and motorhome windows and hatches<br \/>\n&#8211; Dashboards &amp; interior panelling<br \/>\n&#8211; Lamps, lights &amp; headlights<br \/>\n&#8211; All high-gloss lacquered surfaces<br \/>\n&#8211; Granite, ceramic &amp; porcelain surfaces, e.g. in kitchens<\/p>","protected":false},"excerpt":{"rendered":"<p>VuPlex, the ultimate plastic cleaner!<br \/>\nVuPlex was specially developed for all transparent &amp; coloured plastics, but its properties mean that it has an almost unlimited range of applications.<\/p>","protected":false},"featured_media":8047,"template":"","meta":{"_acf_changed":false,"content-type":"","_monsterinsights_skip_tracking":false,"_monsterinsights_sitenote_active":false,"_monsterinsights_sitenote_note":"","_monsterinsights_sitenote_category":0},"product_brand":[],"product_cat":[544],"product_tag":[185],"class_list":{"0":"post-8046","1":"product","2":"type-product","3":"status-publish","4":"has-post-thumbnail","6":"product_cat-cleaners","7":"product_tag-sprayhood","8":"pa_brand-vuplex","10":"first","11":"instock","12":"taxable","13":"shipping-taxable","14":"purchasable","15":"product-type-simple"},"acf":[],"yoast_head":"<!-- This site is optimized with the Yoast SEO Premium plugin v27.3 (Yoast SEO v27.3) - https:\/\/yoast.com\/product\/yoast-seo-premium-wordpress\/ -->\n<title>VuPlex plastic cleaner - Freyaframes<\/title>\n<meta name=\"description\" content=\"Transform your surfaces with VuPlex, the ultimate plastic vinyl cleaner that cleans, polishes, and seals in one step. Order now for a spotless finish!\" \/>\n<meta name=\"robots\" content=\"index, follow, max-snippet:-1, max-image-preview:large, max-video-preview:-1\" \/>\n<link rel=\"canonical\" href=\"https:\/\/freyaframes.eu\/et\/toode\/vuplex-plastic-cleaner\/\" \/>\n<meta property=\"og:locale\" content=\"et_EE\" \/>\n<meta property=\"og:type\" content=\"article\" \/>\n<meta property=\"og:title\" content=\"VuPlex plastic cleaner\" \/>\n<meta property=\"og:description\" content=\"Transform your surfaces with VuPlex, the ultimate plastic vinyl cleaner that cleans, polishes, and seals in one step. Order now for a spotless finish!\" \/>\n<meta property=\"og:url\" content=\"https:\/\/freyaframes.eu\/et\/toode\/vuplex-plastic-cleaner\/\" \/>\n<meta property=\"og:site_name\" content=\"Freyaframes\" \/>\n<meta property=\"article:publisher\" content=\"https:\/\/www.facebook.com\/freyaframes\" \/>\n<meta property=\"article:modified_time\" content=\"2025-10-02T06:02:33+00:00\" \/>\n<meta property=\"og:image\" content=\"https:\/\/freyaframes.eu\/wp-content\/uploads\/2025\/10\/vu375-2.jpg\" \/>\n\t<meta property=\"og:image:width\" content=\"450\" \/>\n\t<meta property=\"og:image:height\" content=\"450\" \/>\n\t<meta property=\"og:image:type\" content=\"image\/jpeg\" \/>\n<meta name=\"twitter:card\" content=\"summary_large_image\" \/>\n<script type=\"application\/ld+json\" class=\"yoast-schema-graph\">{\"@context\":\"https:\\\/\\\/schema.org\",\"@graph\":[{\"@type\":\"WebPage\",\"@id\":\"https:\\\/\\\/freyaframes.eu\\\/product\\\/vuplex-plastic-cleaner\\\/\",\"url\":\"https:\\\/\\\/freyaframes.eu\\\/product\\\/vuplex-plastic-cleaner\\\/\",\"name\":\"VuPlex plastic cleaner - Freyaframes\",\"isPartOf\":{\"@id\":\"https:\\\/\\\/freyaframes.eu\\\/#website\"},\"primaryImageOfPage\":{\"@id\":\"https:\\\/\\\/freyaframes.eu\\\/product\\\/vuplex-plastic-cleaner\\\/#primaryimage\"},\"image\":{\"@id\":\"https:\\\/\\\/freyaframes.eu\\\/product\\\/vuplex-plastic-cleaner\\\/#primaryimage\"},\"thumbnailUrl\":\"https:\\\/\\\/freyaframes.eu\\\/wp-content\\\/uploads\\\/2025\\\/10\\\/vu375-2.jpg\",\"datePublished\":\"2025-10-02T05:43:17+00:00\",\"dateModified\":\"2025-10-02T06:02:33+00:00\",\"description\":\"Transform your surfaces with VuPlex, the ultimate plastic vinyl cleaner that cleans, polishes, and seals in one step. Order now for a spotless finish!\",\"breadcrumb\":{\"@id\":\"https:\\\/\\\/freyaframes.eu\\\/product\\\/vuplex-plastic-cleaner\\\/#breadcrumb\"},\"inLanguage\":\"et\",\"potentialAction\":[{\"@type\":\"ReadAction\",\"target\":[\"https:\\\/\\\/freyaframes.eu\\\/product\\\/vuplex-plastic-cleaner\\\/\"]}]},{\"@type\":\"ImageObject\",\"inLanguage\":\"et\",\"@id\":\"https:\\\/\\\/freyaframes.eu\\\/product\\\/vuplex-plastic-cleaner\\\/#primaryimage\",\"url\":\"https:\\\/\\\/freyaframes.eu\\\/wp-content\\\/uploads\\\/2025\\\/10\\\/vu375-2.jpg\",\"contentUrl\":\"https:\\\/\\\/freyaframes.eu\\\/wp-content\\\/uploads\\\/2025\\\/10\\\/vu375-2.jpg\",\"width\":450,\"height\":450,\"caption\":\"VuPlex\"},{\"@type\":\"BreadcrumbList\",\"@id\":\"https:\\\/\\\/freyaframes.eu\\\/product\\\/vuplex-plastic-cleaner\\\/#breadcrumb\",\"itemListElement\":[{\"@type\":\"ListItem\",\"position\":1,\"name\":\"Home\",\"item\":\"https:\\\/\\\/freyaframes.eu\\\/\"},{\"@type\":\"ListItem\",\"position\":2,\"name\":\"Custom Boat Frames &amp; Canvas | Freyaframes Shop\",\"item\":\"https:\\\/\\\/freyaframes.eu\\\/shop\\\/\"},{\"@type\":\"ListItem\",\"position\":3,\"name\":\"VuPlex plastic cleaner\"}]},{\"@type\":\"WebSite\",\"@id\":\"https:\\\/\\\/freyaframes.eu\\\/#website\",\"url\":\"https:\\\/\\\/freyaframes.eu\\\/\",\"name\":\"Freyaframes\",\"description\":\"Custom Sprayhoods &amp; Stainless Steel Frames | No Boat Visit Required\",\"publisher\":{\"@id\":\"https:\\\/\\\/freyaframes.eu\\\/#organization\"},\"alternateName\":\"Freya\",\"potentialAction\":[{\"@type\":\"SearchAction\",\"target\":{\"@type\":\"EntryPoint\",\"urlTemplate\":\"https:\\\/\\\/freyaframes.eu\\\/?s={search_term_string}\"},\"query-input\":{\"@type\":\"PropertyValueSpecification\",\"valueRequired\":true,\"valueName\":\"search_term_string\"}}],\"inLanguage\":\"et\"},{\"@type\":\"Organization\",\"@id\":\"https:\\\/\\\/freyaframes.eu\\\/#organization\",\"name\":\"freyaframes\",\"alternateName\":\"freyaframes.eu\",\"url\":\"https:\\\/\\\/freyaframes.eu\\\/\",\"logo\":{\"@type\":\"ImageObject\",\"inLanguage\":\"et\",\"@id\":\"https:\\\/\\\/freyaframes.eu\\\/#\\\/schema\\\/logo\\\/image\\\/\",\"url\":\"https:\\\/\\\/freyaframes.eu\\\/wp-content\\\/uploads\\\/2023\\\/02\\\/Freya-e1711470187319.webp\",\"contentUrl\":\"https:\\\/\\\/freyaframes.eu\\\/wp-content\\\/uploads\\\/2023\\\/02\\\/Freya-e1711470187319.webp\",\"width\":800,\"height\":355,\"caption\":\"freyaframes\"},\"image\":{\"@id\":\"https:\\\/\\\/freyaframes.eu\\\/#\\\/schema\\\/logo\\\/image\\\/\"},\"sameAs\":[\"https:\\\/\\\/www.facebook.com\\\/freyaframes\",\"https:\\\/\\\/www.instagram.com\\\/freyaframes\\\/\"],\"description\":\"Charter Sailing O\u00dc is making premium boat canvas & stainless steel frames. We sell our products under 2 brands - freyaframes.eu and sprayhoodz.eu.\",\"email\":\"we@freyaframes.eu\",\"telephone\":\"+37256800066\",\"legalName\":\"Charter Sailing O\u00dc\",\"foundingDate\":\"2021-01-19\",\"vatID\":\"EE102499645\",\"numberOfEmployees\":{\"@type\":\"QuantitativeValue\",\"minValue\":\"1\",\"maxValue\":\"10\"},\"publishingPrinciples\":\"https:\\\/\\\/freyaframes.eu\\\/blog\\\/\"}]}<\/script>\n<!-- \/ Yoast SEO Premium plugin. -->","yoast_head_json":{"title":"VuPlex plastic cleaner - Freyaframes","description":"Transform your surfaces with VuPlex, the ultimate plastic vinyl cleaner that cleans, polishes, and seals in one step. Order now for a spotless finish!","robots":{"index":"index","follow":"follow","max-snippet":"max-snippet:-1","max-image-preview":"max-image-preview:large","max-video-preview":"max-video-preview:-1"},"canonical":"https:\/\/freyaframes.eu\/et\/toode\/vuplex-plastic-cleaner\/","og_locale":"et_EE","og_type":"article","og_title":"VuPlex plastic cleaner","og_description":"Transform your surfaces with VuPlex, the ultimate plastic vinyl cleaner that cleans, polishes, and seals in one step. Order now for a spotless finish!","og_url":"https:\/\/freyaframes.eu\/et\/toode\/vuplex-plastic-cleaner\/","og_site_name":"Freyaframes","article_publisher":"https:\/\/www.facebook.com\/freyaframes","article_modified_time":"2025-10-02T06:02:33+00:00","og_image":[{"width":450,"height":450,"url":"https:\/\/freyaframes.eu\/wp-content\/uploads\/2025\/10\/vu375-2.jpg","type":"image\/jpeg"}],"twitter_card":"summary_large_image","schema":{"@context":"https:\/\/schema.org","@graph":[{"@type":"WebPage","@id":"https:\/\/freyaframes.eu\/product\/vuplex-plastic-cleaner\/","url":"https:\/\/freyaframes.eu\/product\/vuplex-plastic-cleaner\/","name":"VuPlex plastic cleaner - Freyaframes","isPartOf":{"@id":"https:\/\/freyaframes.eu\/#website"},"primaryImageOfPage":{"@id":"https:\/\/freyaframes.eu\/product\/vuplex-plastic-cleaner\/#primaryimage"},"image":{"@id":"https:\/\/freyaframes.eu\/product\/vuplex-plastic-cleaner\/#primaryimage"},"thumbnailUrl":"https:\/\/freyaframes.eu\/wp-content\/uploads\/2025\/10\/vu375-2.jpg","datePublished":"2025-10-02T05:43:17+00:00","dateModified":"2025-10-02T06:02:33+00:00","description":"Transform your surfaces with VuPlex, the ultimate plastic vinyl cleaner that cleans, polishes, and seals in one step. Order now for a spotless finish!","breadcrumb":{"@id":"https:\/\/freyaframes.eu\/product\/vuplex-plastic-cleaner\/#breadcrumb"},"inLanguage":"et","potentialAction":[{"@type":"ReadAction","target":["https:\/\/freyaframes.eu\/product\/vuplex-plastic-cleaner\/"]}]},{"@type":"ImageObject","inLanguage":"et","@id":"https:\/\/freyaframes.eu\/product\/vuplex-plastic-cleaner\/#primaryimage","url":"https:\/\/freyaframes.eu\/wp-content\/uploads\/2025\/10\/vu375-2.jpg","contentUrl":"https:\/\/freyaframes.eu\/wp-content\/uploads\/2025\/10\/vu375-2.jpg","width":450,"height":450,"caption":"VuPlex"},{"@type":"BreadcrumbList","@id":"https:\/\/freyaframes.eu\/product\/vuplex-plastic-cleaner\/#breadcrumb","itemListElement":[{"@type":"ListItem","position":1,"name":"Home","item":"https:\/\/freyaframes.eu\/"},{"@type":"ListItem","position":2,"name":"Custom Boat Frames &amp; Canvas | Freyaframes Shop","item":"https:\/\/freyaframes.eu\/shop\/"},{"@type":"ListItem","position":3,"name":"VuPlex plastic cleaner"}]},{"@type":"WebSite","@id":"https:\/\/freyaframes.eu\/#website","url":"https:\/\/freyaframes.eu\/","name":"Freyaframes","description":"Custom Sprayhoods &amp; Stainless Steel Frames | No Boat Visit Required","publisher":{"@id":"https:\/\/freyaframes.eu\/#organization"},"alternateName":"Freya","potentialAction":[{"@type":"SearchAction","target":{"@type":"EntryPoint","urlTemplate":"https:\/\/freyaframes.eu\/?s={search_term_string}"},"query-input":{"@type":"PropertyValueSpecification","valueRequired":true,"valueName":"search_term_string"}}],"inLanguage":"et"},{"@type":"Organization","@id":"https:\/\/freyaframes.eu\/#organization","name":"Freyaframes","alternateName":"freyaframes.eu","url":"https:\/\/freyaframes.eu\/","logo":{"@type":"ImageObject","inLanguage":"et","@id":"https:\/\/freyaframes.eu\/#\/schema\/logo\/image\/","url":"https:\/\/freyaframes.eu\/wp-content\/uploads\/2023\/02\/Freya-e1711470187319.webp","contentUrl":"https:\/\/freyaframes.eu\/wp-content\/uploads\/2023\/02\/Freya-e1711470187319.webp","width":800,"height":355,"caption":"freyaframes"},"image":{"@id":"https:\/\/freyaframes.eu\/#\/schema\/logo\/image\/"},"sameAs":["https:\/\/www.facebook.com\/freyaframes","https:\/\/www.instagram.com\/freyaframes\/"],"description":"Charter Sailing O\u00dc teeb premium paat kangas &amp; roostevabast terasest raamid. Me m\u00fc\u00fcme oma tooteid 2 kaubam\u00e4rgi all - freyaframes.eu ja sprayhoodz.eu.","email":"we@freyaframes.eu","telephone":"+37256800066","legalName":"Charter Sailing O\u00dc","foundingDate":"2021-01-19","vatID":"EE102499645","numberOfEmployees":{"@type":"QuantitativeValue","minValue":"1","maxValue":"10"},"publishingPrinciples":"https:\/\/freyaframes.eu\/blog\/"}]}},"jetpack_sharing_enabled":true,"_links":{"self":[{"href":"https:\/\/freyaframes.eu\/et\/wp-json\/wp\/v2\/product\/8046","targetHints":{"allow":["GET"]}}],"collection":[{"href":"https:\/\/freyaframes.eu\/et\/wp-json\/wp\/v2\/product"}],"about":[{"href":"https:\/\/freyaframes.eu\/et\/wp-json\/wp\/v2\/types\/product"}],"version-history":[{"count":0,"href":"https:\/\/freyaframes.eu\/et\/wp-json\/wp\/v2\/product\/8046\/revisions"}],"wp:featuredmedia":[{"embeddable":true,"href":"https:\/\/freyaframes.eu\/et\/wp-json\/wp\/v2\/media\/8047"}],"wp:attachment":[{"href":"https:\/\/freyaframes.eu\/et\/wp-json\/wp\/v2\/media?parent=8046"}],"wp:term":[{"taxonomy":"product_brand","embeddable":true,"href":"https:\/\/freyaframes.eu\/et\/wp-json\/wp\/v2\/product_brand?post=8046"},{"taxonomy":"product_cat","embeddable":true,"href":"https:\/\/freyaframes.eu\/et\/wp-json\/wp\/v2\/product_cat?post=8046"},{"taxonomy":"product_tag","embeddable":true,"href":"https:\/\/freyaframes.eu\/et\/wp-json\/wp\/v2\/product_tag?post=8046"}],"curies":[{"name":"wp","href":"https:\/\/api.w.org\/{rel}","templated":true}]}}