{"id":7041,"date":"2024-04-10T09:17:20","date_gmt":"2024-04-10T07:17:20","guid":{"rendered":"https:\/\/freyaframes.eu\/?post_type=product&#038;p=7041"},"modified":"2025-12-27T22:36:04","modified_gmt":"2025-12-27T20:36:04","slug":"masacril-special-fabric","status":"publish","type":"product","link":"https:\/\/freyaframes.eu\/et\/product\/masacril-special-fabric\/","title":{"rendered":"Masacril Special kangas"},"content":{"rendered":"<p>Its special resin-coated finish gives the Masacril Special fabrics a series of properties and a resistance higher than 1000 mm.<br \/>\nIts extensive colour range makes it the ideal fabric for obtaining excellent results in the presence of water.<\/p>\n<p>Engineered specifically for marine environments, Masacril Special Nautic Collection fabric is designed to withstand the harshest conditions at sea. Whether you&#8217;re battling saltwater spray, intense sunlight, or heavy rain, this fabric remains resilient, ensuring long-lasting protection for your boat&#8217;s interior and exterior.<\/p>\n<p>One of the standout features of Masacril Special Nautic Collection fabric is its exceptional durability. Constructed from high-quality acrylic fibers, this fabric is renowned for its strength and resistance to tearing, fading, and mildew. It is engineered to endure the rigors of marine life, offering peace of mind to boat owners and passengers alike.<\/p>\n<p>In addition to its unparalleled durability, Masacril Special Nautic Collection fabric is also highly versatile. Available in a wide range of colors and patterns, it allows you to customize the look of your boat to suit your personal style. Whether you prefer classic neutrals or vibrant hues, there&#8217;s a Masacril fabric to complement your aesthetic vision.<\/p>\n<p>Furthermore, Masacril Special Nautic Collection fabric is designed with comfort in mind. Its soft, breathable texture ensures a comfortable onboard experience, even during extended periods at sea. Additionally, the fabric&#8217;s UV-resistant properties provide added protection against harmful sun rays, keeping you and your passengers safe and comfortable throughout your maritime adventures.<\/p>\n<p>Installation and maintenance of Masacril Special Nautic Collection fabric are effortless, thanks to its user-friendly design. The fabric can be easily tailored to fit your boat&#8217;s specific dimensions, and its stain-resistant surface makes cleaning a breeze. This allows you to spend less time on upkeep and more time enjoying the open water.<\/p>\n<p>In conclusion, Masacril Special Nautic Collection fabric represents the pinnacle of excellence in marine textiles. With its unbeatable combination of durability, versatility, and comfort, it is the perfect choice for discerning boat owners who demand nothing but the best for their vessels. Experience the difference with Masacril Special Nautic Collection fabric and elevate your boating experience to new heights.<\/p>\n<p>Read more about <a href=\"https:\/\/freyaframes.eu\/et\/masacril-sea-star\/\">Sauleda Masacril Special<\/a>.<\/p>\n<blockquote class=\"wp-embedded-content\" data-secret=\"DalPVsQ9mC\"><p><a href=\"https:\/\/freyaframes.eu\/et\/set-sail-in-the-shade-crafting-your-own-sprayhood\/\">Set Sail in the Shade: Crafting Your Own Sprayhood: Crafting Your Own Sprayhood<\/a><\/p><\/blockquote>\n<p><iframe class=\"wp-embedded-content\" sandbox=\"allow-scripts\" security=\"restricted\" style=\"position: absolute; visibility: hidden;\" title=\"\u201cSet Sail in the Shade: Crafting Your Own Sprayhood\u201d - freyaframes\" src=\"https:\/\/freyaframes.eu\/set-sail-in-the-shade-crafting-your-own-sprayhood\/embed\/#?secret=Sc5BPIG89p#?secret=DalPVsQ9mC\" data-secret=\"DalPVsQ9mC\" width=\"600\" height=\"338\" frameborder=\"0\" marginwidth=\"0\" marginheight=\"0\" scrolling=\"no\"><\/iframe><\/p>\n<blockquote class=\"wp-embedded-content\" data-secret=\"avsfLKjjPg\"><p><a href=\"https:\/\/freyaframes.eu\/et\/bimini-from-humble-beginnings-to-boating-bliss\/\">Bimini: From Humble Beginnings to Boating Bliss<\/a><\/p><\/blockquote>\n<p><iframe class=\"wp-embedded-content\" sandbox=\"allow-scripts\" security=\"restricted\" style=\"position: absolute; visibility: hidden;\" title=\"&#8220;Bimini: From Humble Beginnings to Boating Bliss&#8221; &#8212; freyaframes\" src=\"https:\/\/freyaframes.eu\/bimini-from-humble-beginnings-to-boating-bliss\/embed\/#?secret=UdcSggCuRO#?secret=avsfLKjjPg\" data-secret=\"avsfLKjjPg\" width=\"600\" height=\"338\" frameborder=\"0\" marginwidth=\"0\" marginheight=\"0\" scrolling=\"no\"><\/iframe><\/p>","protected":false},"excerpt":{"rendered":"<p>Masacril Special is the luxury acrylic fabrics collection that gives the best performance in countless applications in the nautical sector.<\/p>\n<p>Masacril Special has excellent qualities: durability, high UV resistance, air permeability, water tightness, resistance to mould, lightweight and easy maintenance. All the above, together with 100% solution dyed acrylic fibre, makes it the best nautical fabric par excellence. No other fabric has been able to surpass it in over three decades.<\/p>\n<p>Price per 1 meter. Minimum order 5 meters. Contact us in case you need smaller quantity.<\/p>","protected":false},"featured_media":7079,"template":"","meta":{"_acf_changed":false,"content-type":"","_monsterinsights_skip_tracking":false,"_monsterinsights_sitenote_active":false,"_monsterinsights_sitenote_note":"","_monsterinsights_sitenote_category":0},"product_brand":[],"product_cat":[206],"product_tag":[186,446,435,185],"class_list":{"0":"post-7041","1":"product","2":"type-product","3":"status-publish","4":"has-post-thumbnail","6":"product_cat-canvas","7":"product_tag-bimini","8":"product_tag-masacril","9":"product_tag-original","10":"product_tag-sprayhood","11":"pa_brand-masacril","12":"pa_masacril-colors-admiral-blue","13":"pa_masacril-colors-amarillo-yellow","14":"pa_masacril-colors-antracite","15":"pa_masacril-colors-aquamarine-green","16":"pa_masacril-colors-armada-blue","17":"pa_masacril-colors-black","18":"pa_masacril-colors-brisa","19":"pa_masacril-colors-brown","20":"pa_masacril-colors-burgundy","21":"pa_masacril-colors-coco","22":"pa_masacril-colors-dark-beige","23":"pa_masacril-colors-dark-blue","24":"pa_masacril-colors-dark-green","25":"pa_masacril-colors-grafito","26":"pa_masacril-colors-gray","27":"pa_masacril-colors-green","28":"pa_masacril-colors-ivory","29":"pa_masacril-colors-light-beige","30":"pa_masacril-colors-light-gray","31":"pa_masacril-colors-mineral-gray","32":"pa_masacril-colors-navy-blue","33":"pa_masacril-colors-night-blue","34":"pa_masacril-colors-orange","35":"pa_masacril-colors-piedra","36":"pa_masacril-colors-pink","37":"pa_masacril-colors-red","38":"pa_masacril-colors-rioja-red","39":"pa_masacril-colors-sand","40":"pa_masacril-colors-silver","41":"pa_masacril-colors-teja-red","42":"pa_masacril-colors-tweed-black","43":"pa_masacril-colors-tweed-blue","44":"pa_masacril-colors-tweed-green","45":"pa_masacril-colors-tweed-midnightblue","46":"pa_masacril-colors-tweed-red","47":"pa_masacril-colors-vainilla","48":"pa_masacril-colors-white","50":"first","51":"instock","52":"taxable","53":"shipping-taxable","54":"purchasable","55":"product-type-variable","56":"wvs-archive-product-wrapper"},"acf":[],"yoast_head":"<!-- This site is optimized with the Yoast SEO Premium plugin v27.3 (Yoast SEO v27.3) - https:\/\/yoast.com\/product\/yoast-seo-premium-wordpress\/ -->\n<title>Masacril Special Marine Canvas Fabric for Boat Covers<\/title>\n<meta name=\"description\" content=\"Masacril Special Nautic Collection fabric is a 100% acrylic marine canvas, highly UV and water resistant, ideal for sprayhoods, biminis and boat covers\" \/>\n<meta name=\"robots\" content=\"index, follow, max-snippet:-1, max-image-preview:large, max-video-preview:-1\" \/>\n<link rel=\"canonical\" href=\"https:\/\/freyaframes.eu\/et\/toode\/masacril-special-fabric\/\" \/>\n<meta property=\"og:locale\" content=\"et_EE\" \/>\n<meta property=\"og:type\" content=\"article\" \/>\n<meta property=\"og:title\" content=\"Masacril Special fabric\" \/>\n<meta property=\"og:description\" content=\"Masacril Special Nautic Collection fabric is a 100% acrylic marine canvas, highly UV and water resistant, ideal for sprayhoods, biminis and boat covers\" \/>\n<meta property=\"og:url\" content=\"https:\/\/freyaframes.eu\/et\/toode\/masacril-special-fabric\/\" \/>\n<meta property=\"og:site_name\" content=\"Freyaframes\" \/>\n<meta property=\"article:publisher\" content=\"https:\/\/www.facebook.com\/freyaframes\" \/>\n<meta property=\"article:modified_time\" content=\"2025-12-27T20:36:04+00:00\" \/>\n<meta property=\"og:image\" content=\"https:\/\/freyaframes.eu\/wp-content\/uploads\/2024\/04\/431E1696-669C-4C33-B94C-4EAC08C995DA-scaled.webp\" \/>\n\t<meta property=\"og:image:width\" content=\"2560\" \/>\n\t<meta property=\"og:image:height\" content=\"2560\" \/>\n\t<meta property=\"og:image:type\" content=\"image\/webp\" \/>\n<meta name=\"twitter:card\" content=\"summary_large_image\" \/>\n<script type=\"application\/ld+json\" class=\"yoast-schema-graph\">{\"@context\":\"https:\\\/\\\/schema.org\",\"@graph\":[{\"@type\":\"WebPage\",\"@id\":\"https:\\\/\\\/freyaframes.eu\\\/product\\\/masacril-special-fabric\\\/\",\"url\":\"https:\\\/\\\/freyaframes.eu\\\/product\\\/masacril-special-fabric\\\/\",\"name\":\"Masacril Special Marine Canvas Fabric for Boat Covers\",\"isPartOf\":{\"@id\":\"https:\\\/\\\/freyaframes.eu\\\/#website\"},\"primaryImageOfPage\":{\"@id\":\"https:\\\/\\\/freyaframes.eu\\\/product\\\/masacril-special-fabric\\\/#primaryimage\"},\"image\":{\"@id\":\"https:\\\/\\\/freyaframes.eu\\\/product\\\/masacril-special-fabric\\\/#primaryimage\"},\"thumbnailUrl\":\"https:\\\/\\\/freyaframes.eu\\\/wp-content\\\/uploads\\\/2024\\\/04\\\/431E1696-669C-4C33-B94C-4EAC08C995DA-scaled.jpg\",\"datePublished\":\"2024-04-10T07:17:20+00:00\",\"dateModified\":\"2025-12-27T20:36:04+00:00\",\"description\":\"Masacril Special Nautic Collection fabric is a 100% acrylic marine canvas, highly UV and water resistant, ideal for sprayhoods, biminis and boat covers\",\"breadcrumb\":{\"@id\":\"https:\\\/\\\/freyaframes.eu\\\/product\\\/masacril-special-fabric\\\/#breadcrumb\"},\"inLanguage\":\"et\",\"potentialAction\":[{\"@type\":\"ReadAction\",\"target\":[\"https:\\\/\\\/freyaframes.eu\\\/product\\\/masacril-special-fabric\\\/\"]}]},{\"@type\":\"ImageObject\",\"inLanguage\":\"et\",\"@id\":\"https:\\\/\\\/freyaframes.eu\\\/product\\\/masacril-special-fabric\\\/#primaryimage\",\"url\":\"https:\\\/\\\/freyaframes.eu\\\/wp-content\\\/uploads\\\/2024\\\/04\\\/431E1696-669C-4C33-B94C-4EAC08C995DA-scaled.jpg\",\"contentUrl\":\"https:\\\/\\\/freyaframes.eu\\\/wp-content\\\/uploads\\\/2024\\\/04\\\/431E1696-669C-4C33-B94C-4EAC08C995DA-scaled.jpg\",\"width\":2560,\"height\":2560,\"caption\":\"Masacril Special Nautic collection fabric\"},{\"@type\":\"BreadcrumbList\",\"@id\":\"https:\\\/\\\/freyaframes.eu\\\/product\\\/masacril-special-fabric\\\/#breadcrumb\",\"itemListElement\":[{\"@type\":\"ListItem\",\"position\":1,\"name\":\"Home\",\"item\":\"https:\\\/\\\/freyaframes.eu\\\/\"},{\"@type\":\"ListItem\",\"position\":2,\"name\":\"Custom Boat Frames &amp; Canvas | Freyaframes Shop\",\"item\":\"https:\\\/\\\/freyaframes.eu\\\/shop\\\/\"},{\"@type\":\"ListItem\",\"position\":3,\"name\":\"Masacril Special fabric\"}]},{\"@type\":\"WebSite\",\"@id\":\"https:\\\/\\\/freyaframes.eu\\\/#website\",\"url\":\"https:\\\/\\\/freyaframes.eu\\\/\",\"name\":\"Freyaframes\",\"description\":\"Custom Sprayhoods &amp; Stainless Steel Frames | No Boat Visit Required\",\"publisher\":{\"@id\":\"https:\\\/\\\/freyaframes.eu\\\/#organization\"},\"alternateName\":\"Freya\",\"potentialAction\":[{\"@type\":\"SearchAction\",\"target\":{\"@type\":\"EntryPoint\",\"urlTemplate\":\"https:\\\/\\\/freyaframes.eu\\\/?s={search_term_string}\"},\"query-input\":{\"@type\":\"PropertyValueSpecification\",\"valueRequired\":true,\"valueName\":\"search_term_string\"}}],\"inLanguage\":\"et\"},{\"@type\":\"Organization\",\"@id\":\"https:\\\/\\\/freyaframes.eu\\\/#organization\",\"name\":\"freyaframes\",\"alternateName\":\"freyaframes.eu\",\"url\":\"https:\\\/\\\/freyaframes.eu\\\/\",\"logo\":{\"@type\":\"ImageObject\",\"inLanguage\":\"et\",\"@id\":\"https:\\\/\\\/freyaframes.eu\\\/#\\\/schema\\\/logo\\\/image\\\/\",\"url\":\"https:\\\/\\\/freyaframes.eu\\\/wp-content\\\/uploads\\\/2023\\\/02\\\/Freya-e1711470187319.webp\",\"contentUrl\":\"https:\\\/\\\/freyaframes.eu\\\/wp-content\\\/uploads\\\/2023\\\/02\\\/Freya-e1711470187319.webp\",\"width\":800,\"height\":355,\"caption\":\"freyaframes\"},\"image\":{\"@id\":\"https:\\\/\\\/freyaframes.eu\\\/#\\\/schema\\\/logo\\\/image\\\/\"},\"sameAs\":[\"https:\\\/\\\/www.facebook.com\\\/freyaframes\",\"https:\\\/\\\/www.instagram.com\\\/freyaframes\\\/\"],\"description\":\"Charter Sailing O\u00dc is making premium boat canvas & stainless steel frames. We sell our products under 2 brands - freyaframes.eu and sprayhoodz.eu.\",\"email\":\"we@freyaframes.eu\",\"telephone\":\"+37256800066\",\"legalName\":\"Charter Sailing O\u00dc\",\"foundingDate\":\"2021-01-19\",\"vatID\":\"EE102499645\",\"numberOfEmployees\":{\"@type\":\"QuantitativeValue\",\"minValue\":\"1\",\"maxValue\":\"10\"},\"publishingPrinciples\":\"https:\\\/\\\/freyaframes.eu\\\/blog\\\/\"}]}<\/script>\n<!-- \/ Yoast SEO Premium plugin. -->","yoast_head_json":{"title":"Masacril Special Marine Canvas Fabric for Boat Covers","description":"Masacril Special Nautic Collection fabric is a 100% acrylic marine canvas, highly UV and water resistant, ideal for sprayhoods, biminis and boat covers","robots":{"index":"index","follow":"follow","max-snippet":"max-snippet:-1","max-image-preview":"max-image-preview:large","max-video-preview":"max-video-preview:-1"},"canonical":"https:\/\/freyaframes.eu\/et\/toode\/masacril-special-fabric\/","og_locale":"et_EE","og_type":"article","og_title":"Masacril Special fabric","og_description":"Masacril Special Nautic Collection fabric is a 100% acrylic marine canvas, highly UV and water resistant, ideal for sprayhoods, biminis and boat covers","og_url":"https:\/\/freyaframes.eu\/et\/toode\/masacril-special-fabric\/","og_site_name":"Freyaframes","article_publisher":"https:\/\/www.facebook.com\/freyaframes","article_modified_time":"2025-12-27T20:36:04+00:00","og_image":[{"width":2560,"height":2560,"url":"https:\/\/freyaframes.eu\/wp-content\/uploads\/2024\/04\/431E1696-669C-4C33-B94C-4EAC08C995DA-scaled.webp","type":"image\/webp"}],"twitter_card":"summary_large_image","schema":{"@context":"https:\/\/schema.org","@graph":[{"@type":"WebPage","@id":"https:\/\/freyaframes.eu\/product\/masacril-special-fabric\/","url":"https:\/\/freyaframes.eu\/product\/masacril-special-fabric\/","name":"Masacril Special Marine Canvas Fabric for Boat Covers","isPartOf":{"@id":"https:\/\/freyaframes.eu\/#website"},"primaryImageOfPage":{"@id":"https:\/\/freyaframes.eu\/product\/masacril-special-fabric\/#primaryimage"},"image":{"@id":"https:\/\/freyaframes.eu\/product\/masacril-special-fabric\/#primaryimage"},"thumbnailUrl":"https:\/\/freyaframes.eu\/wp-content\/uploads\/2024\/04\/431E1696-669C-4C33-B94C-4EAC08C995DA-scaled.jpg","datePublished":"2024-04-10T07:17:20+00:00","dateModified":"2025-12-27T20:36:04+00:00","description":"Masacril Special Nautic Collection fabric is a 100% acrylic marine canvas, highly UV and water resistant, ideal for sprayhoods, biminis and boat covers","breadcrumb":{"@id":"https:\/\/freyaframes.eu\/product\/masacril-special-fabric\/#breadcrumb"},"inLanguage":"et","potentialAction":[{"@type":"ReadAction","target":["https:\/\/freyaframes.eu\/product\/masacril-special-fabric\/"]}]},{"@type":"ImageObject","inLanguage":"et","@id":"https:\/\/freyaframes.eu\/product\/masacril-special-fabric\/#primaryimage","url":"https:\/\/freyaframes.eu\/wp-content\/uploads\/2024\/04\/431E1696-669C-4C33-B94C-4EAC08C995DA-scaled.jpg","contentUrl":"https:\/\/freyaframes.eu\/wp-content\/uploads\/2024\/04\/431E1696-669C-4C33-B94C-4EAC08C995DA-scaled.jpg","width":2560,"height":2560,"caption":"Masacril Special Nautic collection fabric"},{"@type":"BreadcrumbList","@id":"https:\/\/freyaframes.eu\/product\/masacril-special-fabric\/#breadcrumb","itemListElement":[{"@type":"ListItem","position":1,"name":"Home","item":"https:\/\/freyaframes.eu\/"},{"@type":"ListItem","position":2,"name":"Custom Boat Frames &amp; Canvas | Freyaframes Shop","item":"https:\/\/freyaframes.eu\/shop\/"},{"@type":"ListItem","position":3,"name":"Masacril Special fabric"}]},{"@type":"WebSite","@id":"https:\/\/freyaframes.eu\/#website","url":"https:\/\/freyaframes.eu\/","name":"Freyaframes","description":"Custom Sprayhoods &amp; Stainless Steel Frames | No Boat Visit Required","publisher":{"@id":"https:\/\/freyaframes.eu\/#organization"},"alternateName":"Freya","potentialAction":[{"@type":"SearchAction","target":{"@type":"EntryPoint","urlTemplate":"https:\/\/freyaframes.eu\/?s={search_term_string}"},"query-input":{"@type":"PropertyValueSpecification","valueRequired":true,"valueName":"search_term_string"}}],"inLanguage":"et"},{"@type":"Organization","@id":"https:\/\/freyaframes.eu\/#organization","name":"Freyaframes","alternateName":"freyaframes.eu","url":"https:\/\/freyaframes.eu\/","logo":{"@type":"ImageObject","inLanguage":"et","@id":"https:\/\/freyaframes.eu\/#\/schema\/logo\/image\/","url":"https:\/\/freyaframes.eu\/wp-content\/uploads\/2023\/02\/Freya-e1711470187319.webp","contentUrl":"https:\/\/freyaframes.eu\/wp-content\/uploads\/2023\/02\/Freya-e1711470187319.webp","width":800,"height":355,"caption":"freyaframes"},"image":{"@id":"https:\/\/freyaframes.eu\/#\/schema\/logo\/image\/"},"sameAs":["https:\/\/www.facebook.com\/freyaframes","https:\/\/www.instagram.com\/freyaframes\/"],"description":"Charter Sailing O\u00dc teeb premium paat kangas &amp; roostevabast terasest raamid. Me m\u00fc\u00fcme oma tooteid 2 kaubam\u00e4rgi all - freyaframes.eu ja sprayhoodz.eu.","email":"we@freyaframes.eu","telephone":"+37256800066","legalName":"Charter Sailing O\u00dc","foundingDate":"2021-01-19","vatID":"EE102499645","numberOfEmployees":{"@type":"QuantitativeValue","minValue":"1","maxValue":"10"},"publishingPrinciples":"https:\/\/freyaframes.eu\/blog\/"}]}},"jetpack_sharing_enabled":true,"_links":{"self":[{"href":"https:\/\/freyaframes.eu\/et\/wp-json\/wp\/v2\/product\/7041","targetHints":{"allow":["GET"]}}],"collection":[{"href":"https:\/\/freyaframes.eu\/et\/wp-json\/wp\/v2\/product"}],"about":[{"href":"https:\/\/freyaframes.eu\/et\/wp-json\/wp\/v2\/types\/product"}],"version-history":[{"count":0,"href":"https:\/\/freyaframes.eu\/et\/wp-json\/wp\/v2\/product\/7041\/revisions"}],"wp:featuredmedia":[{"embeddable":true,"href":"https:\/\/freyaframes.eu\/et\/wp-json\/wp\/v2\/media\/7079"}],"wp:attachment":[{"href":"https:\/\/freyaframes.eu\/et\/wp-json\/wp\/v2\/media?parent=7041"}],"wp:term":[{"taxonomy":"product_brand","embeddable":true,"href":"https:\/\/freyaframes.eu\/et\/wp-json\/wp\/v2\/product_brand?post=7041"},{"taxonomy":"product_cat","embeddable":true,"href":"https:\/\/freyaframes.eu\/et\/wp-json\/wp\/v2\/product_cat?post=7041"},{"taxonomy":"product_tag","embeddable":true,"href":"https:\/\/freyaframes.eu\/et\/wp-json\/wp\/v2\/product_tag?post=7041"}],"curies":[{"name":"wp","href":"https:\/\/api.w.org\/{rel}","templated":true}]}}