{"id":6954,"date":"2024-04-05T13:01:33","date_gmt":"2024-04-05T11:01:33","guid":{"rendered":"https:\/\/freyaframes.eu\/?post_type=product&#038;p=6954"},"modified":"2024-04-05T13:11:10","modified_gmt":"2024-04-05T11:11:10","slug":"folding-solar-panel-frame-fittings-only","status":"publish","type":"product","link":"https:\/\/freyaframes.eu\/et\/product\/folding-solar-panel-frame-fittings-only\/","title":{"rendered":"Folding solar panel frame, fittings only"},"content":{"rendered":"<p>Kit includes:<\/p>\n<ul>\n<li>4 x End caps<\/li>\n<li>4 x T-connectors<\/li>\n<li>4 x selected mounts to connect this frame to bimini (22, 25 or 30 mm)<\/li>\n<\/ul>\n<p>NB! Concave post or fork mount installation requires drilling a 5-6 mm holes to bimini frame. These mounts can be either screwd on with tapping screws, bolted through or riveted to the bimini frame. Kit includes only fittings, 22 or 25 mm stainless steel tube is not included and must be sourced locally.<\/p>","protected":false},"excerpt":{"rendered":"<p>If you want to add folding solar panels on top of the bimini, caravan or camper van &#8211; here is the best solution for you. With this kit you have all you need except tubing to add folding solar panel on top of existing tube structure.<\/p>","protected":false},"featured_media":6971,"template":"","meta":{"_acf_changed":false,"content-type":"","_monsterinsights_skip_tracking":false,"_monsterinsights_sitenote_active":false,"_monsterinsights_sitenote_note":"","_monsterinsights_sitenote_category":0},"product_brand":[],"product_cat":[28,336],"product_tag":[186,335],"class_list":{"0":"post-6954","1":"product","2":"type-product","3":"status-publish","4":"has-post-thumbnail","6":"product_cat-racks","7":"product_cat-solar-mounts","8":"product_tag-bimini","9":"product_tag-solar-panels","10":"product_shipping_class-frames","11":"pa_brand-freyaframes","12":"pa_brand-gemini-marine","13":"pa_mount-type-concave-fork-mount","14":"pa_mount-type-concave-post-mount","15":"pa_mount-type-hinged-split-side-mount","16":"pa_mount-type-sliding-side-mount","17":"pa_tube-size-22mm","18":"pa_tube-size-25mm","19":"pa_tube-size-30mm","21":"first","22":"instock","23":"taxable","24":"shipping-taxable","25":"purchasable","26":"product-type-variable","27":"wvs-archive-product-wrapper"},"acf":[],"yoast_head":"<!-- This site is optimized with the Yoast SEO Premium plugin v27.3 (Yoast SEO v27.3) - https:\/\/yoast.com\/product\/yoast-seo-premium-wordpress\/ -->\n<title>Folding solar panel frame, fittings only - Freyaframes<\/title>\n<meta name=\"robots\" content=\"index, follow, max-snippet:-1, max-image-preview:large, max-video-preview:-1\" \/>\n<link rel=\"canonical\" href=\"https:\/\/freyaframes.eu\/et\/toode\/folding-solar-panel-frame-fittings-only\/\" \/>\n<meta property=\"og:locale\" content=\"et_EE\" \/>\n<meta property=\"og:type\" content=\"article\" \/>\n<meta property=\"og:title\" content=\"Folding solar panel frame, fittings only\" \/>\n<meta property=\"og:description\" content=\"If you want to add folding solar panels on top of the bimini, caravan or camper van - here is the best solution for you. With this kit you have all you need except tubing to add folding solar panel on top of existing tube structure.\" \/>\n<meta property=\"og:url\" content=\"https:\/\/freyaframes.eu\/et\/toode\/folding-solar-panel-frame-fittings-only\/\" \/>\n<meta property=\"og:site_name\" content=\"Freyaframes\" \/>\n<meta property=\"article:publisher\" content=\"https:\/\/www.facebook.com\/freyaframes\" \/>\n<meta property=\"article:modified_time\" content=\"2024-04-05T11:11:10+00:00\" \/>\n<meta property=\"og:image\" content=\"https:\/\/freyaframes.eu\/wp-content\/uploads\/2024\/04\/IMG_2448.webp\" \/>\n\t<meta property=\"og:image:width\" content=\"1920\" \/>\n\t<meta property=\"og:image:height\" content=\"1341\" \/>\n\t<meta property=\"og:image:type\" content=\"image\/webp\" \/>\n<meta name=\"twitter:card\" content=\"summary_large_image\" \/>\n<script type=\"application\/ld+json\" class=\"yoast-schema-graph\">{\"@context\":\"https:\\\/\\\/schema.org\",\"@graph\":[{\"@type\":\"WebPage\",\"@id\":\"https:\\\/\\\/freyaframes.eu\\\/product\\\/folding-solar-panel-frame-fittings-only\\\/\",\"url\":\"https:\\\/\\\/freyaframes.eu\\\/product\\\/folding-solar-panel-frame-fittings-only\\\/\",\"name\":\"Folding solar panel frame, fittings only - Freyaframes\",\"isPartOf\":{\"@id\":\"https:\\\/\\\/freyaframes.eu\\\/#website\"},\"primaryImageOfPage\":{\"@id\":\"https:\\\/\\\/freyaframes.eu\\\/product\\\/folding-solar-panel-frame-fittings-only\\\/#primaryimage\"},\"image\":{\"@id\":\"https:\\\/\\\/freyaframes.eu\\\/product\\\/folding-solar-panel-frame-fittings-only\\\/#primaryimage\"},\"thumbnailUrl\":\"https:\\\/\\\/freyaframes.eu\\\/wp-content\\\/uploads\\\/2024\\\/04\\\/IMG_2448.webp\",\"datePublished\":\"2024-04-05T11:01:33+00:00\",\"dateModified\":\"2024-04-05T11:11:10+00:00\",\"breadcrumb\":{\"@id\":\"https:\\\/\\\/freyaframes.eu\\\/product\\\/folding-solar-panel-frame-fittings-only\\\/#breadcrumb\"},\"inLanguage\":\"et\",\"potentialAction\":[{\"@type\":\"ReadAction\",\"target\":[\"https:\\\/\\\/freyaframes.eu\\\/product\\\/folding-solar-panel-frame-fittings-only\\\/\"]}]},{\"@type\":\"ImageObject\",\"inLanguage\":\"et\",\"@id\":\"https:\\\/\\\/freyaframes.eu\\\/product\\\/folding-solar-panel-frame-fittings-only\\\/#primaryimage\",\"url\":\"https:\\\/\\\/freyaframes.eu\\\/wp-content\\\/uploads\\\/2024\\\/04\\\/IMG_2448.webp\",\"contentUrl\":\"https:\\\/\\\/freyaframes.eu\\\/wp-content\\\/uploads\\\/2024\\\/04\\\/IMG_2448.webp\",\"width\":1920,\"height\":1341},{\"@type\":\"BreadcrumbList\",\"@id\":\"https:\\\/\\\/freyaframes.eu\\\/product\\\/folding-solar-panel-frame-fittings-only\\\/#breadcrumb\",\"itemListElement\":[{\"@type\":\"ListItem\",\"position\":1,\"name\":\"Home\",\"item\":\"https:\\\/\\\/freyaframes.eu\\\/\"},{\"@type\":\"ListItem\",\"position\":2,\"name\":\"Custom Boat Frames &amp; Canvas | Freyaframes Shop\",\"item\":\"https:\\\/\\\/freyaframes.eu\\\/shop\\\/\"},{\"@type\":\"ListItem\",\"position\":3,\"name\":\"Folding solar panel frame, fittings only\"}]},{\"@type\":\"WebSite\",\"@id\":\"https:\\\/\\\/freyaframes.eu\\\/#website\",\"url\":\"https:\\\/\\\/freyaframes.eu\\\/\",\"name\":\"Freyaframes\",\"description\":\"Custom Sprayhoods &amp; Stainless Steel Frames | No Boat Visit Required\",\"publisher\":{\"@id\":\"https:\\\/\\\/freyaframes.eu\\\/#organization\"},\"alternateName\":\"Freya\",\"potentialAction\":[{\"@type\":\"SearchAction\",\"target\":{\"@type\":\"EntryPoint\",\"urlTemplate\":\"https:\\\/\\\/freyaframes.eu\\\/?s={search_term_string}\"},\"query-input\":{\"@type\":\"PropertyValueSpecification\",\"valueRequired\":true,\"valueName\":\"search_term_string\"}}],\"inLanguage\":\"et\"},{\"@type\":\"Organization\",\"@id\":\"https:\\\/\\\/freyaframes.eu\\\/#organization\",\"name\":\"freyaframes\",\"alternateName\":\"freyaframes.eu\",\"url\":\"https:\\\/\\\/freyaframes.eu\\\/\",\"logo\":{\"@type\":\"ImageObject\",\"inLanguage\":\"et\",\"@id\":\"https:\\\/\\\/freyaframes.eu\\\/#\\\/schema\\\/logo\\\/image\\\/\",\"url\":\"https:\\\/\\\/freyaframes.eu\\\/wp-content\\\/uploads\\\/2023\\\/02\\\/Freya-e1711470187319.webp\",\"contentUrl\":\"https:\\\/\\\/freyaframes.eu\\\/wp-content\\\/uploads\\\/2023\\\/02\\\/Freya-e1711470187319.webp\",\"width\":800,\"height\":355,\"caption\":\"freyaframes\"},\"image\":{\"@id\":\"https:\\\/\\\/freyaframes.eu\\\/#\\\/schema\\\/logo\\\/image\\\/\"},\"sameAs\":[\"https:\\\/\\\/www.facebook.com\\\/freyaframes\",\"https:\\\/\\\/www.instagram.com\\\/freyaframes\\\/\"],\"description\":\"Charter Sailing O\u00dc is making premium boat canvas & stainless steel frames. We sell our products under 2 brands - freyaframes.eu and sprayhoodz.eu.\",\"email\":\"we@freyaframes.eu\",\"telephone\":\"+37256800066\",\"legalName\":\"Charter Sailing O\u00dc\",\"foundingDate\":\"2021-01-19\",\"vatID\":\"EE102499645\",\"numberOfEmployees\":{\"@type\":\"QuantitativeValue\",\"minValue\":\"1\",\"maxValue\":\"10\"},\"publishingPrinciples\":\"https:\\\/\\\/freyaframes.eu\\\/blog\\\/\"}]}<\/script>\n<!-- \/ Yoast SEO Premium plugin. -->","yoast_head_json":{"title":"Folding solar panel frame, fittings only - Freyaframes","robots":{"index":"index","follow":"follow","max-snippet":"max-snippet:-1","max-image-preview":"max-image-preview:large","max-video-preview":"max-video-preview:-1"},"canonical":"https:\/\/freyaframes.eu\/et\/toode\/folding-solar-panel-frame-fittings-only\/","og_locale":"et_EE","og_type":"article","og_title":"Folding solar panel frame, fittings only","og_description":"If you want to add folding solar panels on top of the bimini, caravan or camper van - here is the best solution for you. With this kit you have all you need except tubing to add folding solar panel on top of existing tube structure.","og_url":"https:\/\/freyaframes.eu\/et\/toode\/folding-solar-panel-frame-fittings-only\/","og_site_name":"Freyaframes","article_publisher":"https:\/\/www.facebook.com\/freyaframes","article_modified_time":"2024-04-05T11:11:10+00:00","og_image":[{"width":1920,"height":1341,"url":"https:\/\/freyaframes.eu\/wp-content\/uploads\/2024\/04\/IMG_2448.webp","type":"image\/webp"}],"twitter_card":"summary_large_image","schema":{"@context":"https:\/\/schema.org","@graph":[{"@type":"WebPage","@id":"https:\/\/freyaframes.eu\/product\/folding-solar-panel-frame-fittings-only\/","url":"https:\/\/freyaframes.eu\/product\/folding-solar-panel-frame-fittings-only\/","name":"Folding solar panel frame, fittings only - Freyaframes","isPartOf":{"@id":"https:\/\/freyaframes.eu\/#website"},"primaryImageOfPage":{"@id":"https:\/\/freyaframes.eu\/product\/folding-solar-panel-frame-fittings-only\/#primaryimage"},"image":{"@id":"https:\/\/freyaframes.eu\/product\/folding-solar-panel-frame-fittings-only\/#primaryimage"},"thumbnailUrl":"https:\/\/freyaframes.eu\/wp-content\/uploads\/2024\/04\/IMG_2448.webp","datePublished":"2024-04-05T11:01:33+00:00","dateModified":"2024-04-05T11:11:10+00:00","breadcrumb":{"@id":"https:\/\/freyaframes.eu\/product\/folding-solar-panel-frame-fittings-only\/#breadcrumb"},"inLanguage":"et","potentialAction":[{"@type":"ReadAction","target":["https:\/\/freyaframes.eu\/product\/folding-solar-panel-frame-fittings-only\/"]}]},{"@type":"ImageObject","inLanguage":"et","@id":"https:\/\/freyaframes.eu\/product\/folding-solar-panel-frame-fittings-only\/#primaryimage","url":"https:\/\/freyaframes.eu\/wp-content\/uploads\/2024\/04\/IMG_2448.webp","contentUrl":"https:\/\/freyaframes.eu\/wp-content\/uploads\/2024\/04\/IMG_2448.webp","width":1920,"height":1341},{"@type":"BreadcrumbList","@id":"https:\/\/freyaframes.eu\/product\/folding-solar-panel-frame-fittings-only\/#breadcrumb","itemListElement":[{"@type":"ListItem","position":1,"name":"Home","item":"https:\/\/freyaframes.eu\/"},{"@type":"ListItem","position":2,"name":"Custom Boat Frames &amp; Canvas | Freyaframes Shop","item":"https:\/\/freyaframes.eu\/shop\/"},{"@type":"ListItem","position":3,"name":"Folding solar panel frame, fittings only"}]},{"@type":"WebSite","@id":"https:\/\/freyaframes.eu\/#website","url":"https:\/\/freyaframes.eu\/","name":"Freyaframes","description":"Custom Sprayhoods &amp; Stainless Steel Frames | No Boat Visit Required","publisher":{"@id":"https:\/\/freyaframes.eu\/#organization"},"alternateName":"Freya","potentialAction":[{"@type":"SearchAction","target":{"@type":"EntryPoint","urlTemplate":"https:\/\/freyaframes.eu\/?s={search_term_string}"},"query-input":{"@type":"PropertyValueSpecification","valueRequired":true,"valueName":"search_term_string"}}],"inLanguage":"et"},{"@type":"Organization","@id":"https:\/\/freyaframes.eu\/#organization","name":"Freyaframes","alternateName":"freyaframes.eu","url":"https:\/\/freyaframes.eu\/","logo":{"@type":"ImageObject","inLanguage":"et","@id":"https:\/\/freyaframes.eu\/#\/schema\/logo\/image\/","url":"https:\/\/freyaframes.eu\/wp-content\/uploads\/2023\/02\/Freya-e1711470187319.webp","contentUrl":"https:\/\/freyaframes.eu\/wp-content\/uploads\/2023\/02\/Freya-e1711470187319.webp","width":800,"height":355,"caption":"freyaframes"},"image":{"@id":"https:\/\/freyaframes.eu\/#\/schema\/logo\/image\/"},"sameAs":["https:\/\/www.facebook.com\/freyaframes","https:\/\/www.instagram.com\/freyaframes\/"],"description":"Charter Sailing O\u00dc teeb premium paat kangas &amp; roostevabast terasest raamid. Me m\u00fc\u00fcme oma tooteid 2 kaubam\u00e4rgi all - freyaframes.eu ja sprayhoodz.eu.","email":"we@freyaframes.eu","telephone":"+37256800066","legalName":"Charter Sailing O\u00dc","foundingDate":"2021-01-19","vatID":"EE102499645","numberOfEmployees":{"@type":"QuantitativeValue","minValue":"1","maxValue":"10"},"publishingPrinciples":"https:\/\/freyaframes.eu\/blog\/"}]}},"jetpack_sharing_enabled":true,"_links":{"self":[{"href":"https:\/\/freyaframes.eu\/et\/wp-json\/wp\/v2\/product\/6954","targetHints":{"allow":["GET"]}}],"collection":[{"href":"https:\/\/freyaframes.eu\/et\/wp-json\/wp\/v2\/product"}],"about":[{"href":"https:\/\/freyaframes.eu\/et\/wp-json\/wp\/v2\/types\/product"}],"version-history":[{"count":0,"href":"https:\/\/freyaframes.eu\/et\/wp-json\/wp\/v2\/product\/6954\/revisions"}],"wp:featuredmedia":[{"embeddable":true,"href":"https:\/\/freyaframes.eu\/et\/wp-json\/wp\/v2\/media\/6971"}],"wp:attachment":[{"href":"https:\/\/freyaframes.eu\/et\/wp-json\/wp\/v2\/media?parent=6954"}],"wp:term":[{"taxonomy":"product_brand","embeddable":true,"href":"https:\/\/freyaframes.eu\/et\/wp-json\/wp\/v2\/product_brand?post=6954"},{"taxonomy":"product_cat","embeddable":true,"href":"https:\/\/freyaframes.eu\/et\/wp-json\/wp\/v2\/product_cat?post=6954"},{"taxonomy":"product_tag","embeddable":true,"href":"https:\/\/freyaframes.eu\/et\/wp-json\/wp\/v2\/product_tag?post=6954"}],"curies":[{"name":"wp","href":"https:\/\/api.w.org\/{rel}","templated":true}]}}