{"id":6547,"date":"2024-03-28T13:57:40","date_gmt":"2024-03-28T11:57:40","guid":{"rendered":"https:\/\/freyaframes.eu\/?post_type=product&#038;p=6547"},"modified":"2025-02-21T17:21:27","modified_gmt":"2025-02-21T15:21:27","slug":"renolit-prime-window-vinyl","status":"publish","type":"product","link":"https:\/\/freyaframes.eu\/et\/product\/renolit-prime-window-vinyl\/","title":{"rendered":"Renolit akende vin\u00fc\u00fcl"},"content":{"rendered":"<p><a href=\"https:\/\/www.renolit.com\/en\/windows\">Renolit Prime Crystal Clear<\/a> 750 \u03bcm window vinyl is ideal for the flexible windows for a large variety of applications such as: tents, awnings and canopies and sprayhoods for all boats.<\/p>\n<p>Renolit is the main window material what we use at the <a href=\"https:\/\/freyaframes.eu\/et\/toode\/custom-shop-sprayhood\/\">Freyaframes Custom Workshop<\/a>.<\/p>\n<p>Quality features of Renolit Prime Crystal Clear:<\/p>\n<ul>\n<li>Excellent transparency<\/li>\n<li>Resistance to outdoor weather conditions, with UV absorbers<\/li>\n<li>Optimum material flexibility<\/li>\n<li>Easy to roll and easy to fold<\/li>\n<li>Easy to clean<\/li>\n<li>REACH compliant<\/li>\n<li>Antiblock for easy handling<\/li>\n<li>Bluish transparent design with Antiblock finish.<\/li>\n<\/ul>\n<p>Technical data:<\/p>\n<ul>\n<li>Thickness 750 \u03bcm<\/li>\n<li>Width ca. 1370 mm<\/li>\n<li>30 meters in roll<\/li>\n<\/ul>\n<p>&nbsp;<\/p>\n<p>See also:<\/p>\n<blockquote class=\"wp-embedded-content\" data-secret=\"dy9FIfnV45\"><p><a href=\"https:\/\/freyaframes.eu\/et\/set-sail-in-the-shade-crafting-your-own-sprayhood\/\">Set Sail in the Shade: Crafting Your Own Sprayhood: Crafting Your Own Sprayhood<\/a><\/p><\/blockquote>\n<p><iframe class=\"wp-embedded-content\" sandbox=\"allow-scripts\" security=\"restricted\" style=\"position: absolute; visibility: hidden;\" title=\"\u201cSet Sail in the Shade: Crafting Your Own Sprayhood\u201d - freyaframes\" src=\"https:\/\/freyaframes.eu\/set-sail-in-the-shade-crafting-your-own-sprayhood\/embed\/#?secret=WKKLPjLQ7L#?secret=dy9FIfnV45\" data-secret=\"dy9FIfnV45\" width=\"600\" height=\"338\" frameborder=\"0\" marginwidth=\"0\" marginheight=\"0\" scrolling=\"no\"><\/iframe><\/p>","protected":false},"excerpt":{"rendered":"<p>Renolit Prime Crystal Clear window vinyl is a new generation of flexible window films with outstanding clarity. These vinyl films not only provide clear visibility but are made specifically for outside weather conditions.<\/p>\n<p>Price per 1 meter. Please note that this product has extra packaging and may have bulky item shipping fees depending on shipping destination.<\/p>","protected":false},"featured_media":6550,"template":"","meta":{"_acf_changed":false,"content-type":"","_monsterinsights_skip_tracking":false,"_monsterinsights_sitenote_active":false,"_monsterinsights_sitenote_note":"","_monsterinsights_sitenote_category":0},"product_brand":[],"product_cat":[206],"product_tag":[435,185],"class_list":{"0":"post-6547","1":"product","2":"type-product","3":"status-publish","4":"has-post-thumbnail","6":"product_cat-canvas","7":"product_tag-original","8":"product_tag-sprayhood","9":"pa_brand-renolit","11":"first","12":"instock","13":"taxable","14":"shipping-taxable","15":"purchasable","16":"product-type-simple"},"acf":[],"yoast_head":"<!-- This site is optimized with the Yoast SEO Premium plugin v27.3 (Yoast SEO v27.3) - https:\/\/yoast.com\/product\/yoast-seo-premium-wordpress\/ -->\n<title>Renolit window vinyl<\/title>\n<meta name=\"description\" content=\"New generation of flexible window films with outstanding clarity, provide clear visibility and are made specifically for outside weather conditions.\" \/>\n<meta name=\"robots\" content=\"index, follow, max-snippet:-1, max-image-preview:large, max-video-preview:-1\" \/>\n<link rel=\"canonical\" href=\"https:\/\/freyaframes.eu\/et\/toode\/renolit-prime-window-vinyl\/\" \/>\n<meta property=\"og:locale\" content=\"et_EE\" \/>\n<meta property=\"og:type\" content=\"article\" \/>\n<meta property=\"og:title\" content=\"Renolit window vinyl\" \/>\n<meta property=\"og:description\" content=\"New generation of flexible window films with outstanding clarity, provide clear visibility and are made specifically for outside weather conditions.\" \/>\n<meta property=\"og:url\" content=\"https:\/\/freyaframes.eu\/et\/toode\/renolit-prime-window-vinyl\/\" \/>\n<meta property=\"og:site_name\" content=\"Freyaframes\" \/>\n<meta property=\"article:publisher\" content=\"https:\/\/www.facebook.com\/freyaframes\" \/>\n<meta property=\"article:modified_time\" content=\"2025-02-21T15:21:27+00:00\" \/>\n<meta property=\"og:image\" content=\"https:\/\/freyaframes.eu\/wp-content\/uploads\/2024\/03\/IMG_2409.webp\" \/>\n\t<meta property=\"og:image:width\" content=\"1920\" \/>\n\t<meta property=\"og:image:height\" content=\"1341\" \/>\n\t<meta property=\"og:image:type\" content=\"image\/webp\" \/>\n<meta name=\"twitter:card\" content=\"summary_large_image\" \/>\n<script type=\"application\/ld+json\" class=\"yoast-schema-graph\">{\"@context\":\"https:\\\/\\\/schema.org\",\"@graph\":[{\"@type\":\"WebPage\",\"@id\":\"https:\\\/\\\/freyaframes.eu\\\/product\\\/renolit-prime-window-vinyl\\\/\",\"url\":\"https:\\\/\\\/freyaframes.eu\\\/product\\\/renolit-prime-window-vinyl\\\/\",\"name\":\"Renolit window vinyl\",\"isPartOf\":{\"@id\":\"https:\\\/\\\/freyaframes.eu\\\/#website\"},\"primaryImageOfPage\":{\"@id\":\"https:\\\/\\\/freyaframes.eu\\\/product\\\/renolit-prime-window-vinyl\\\/#primaryimage\"},\"image\":{\"@id\":\"https:\\\/\\\/freyaframes.eu\\\/product\\\/renolit-prime-window-vinyl\\\/#primaryimage\"},\"thumbnailUrl\":\"https:\\\/\\\/freyaframes.eu\\\/wp-content\\\/uploads\\\/2024\\\/03\\\/IMG_2409.webp\",\"datePublished\":\"2024-03-28T11:57:40+00:00\",\"dateModified\":\"2025-02-21T15:21:27+00:00\",\"description\":\"New generation of flexible window films with outstanding clarity, provide clear visibility and are made specifically for outside weather conditions.\",\"breadcrumb\":{\"@id\":\"https:\\\/\\\/freyaframes.eu\\\/product\\\/renolit-prime-window-vinyl\\\/#breadcrumb\"},\"inLanguage\":\"et\",\"potentialAction\":[{\"@type\":\"ReadAction\",\"target\":[\"https:\\\/\\\/freyaframes.eu\\\/product\\\/renolit-prime-window-vinyl\\\/\"]}]},{\"@type\":\"ImageObject\",\"inLanguage\":\"et\",\"@id\":\"https:\\\/\\\/freyaframes.eu\\\/product\\\/renolit-prime-window-vinyl\\\/#primaryimage\",\"url\":\"https:\\\/\\\/freyaframes.eu\\\/wp-content\\\/uploads\\\/2024\\\/03\\\/IMG_2409.webp\",\"contentUrl\":\"https:\\\/\\\/freyaframes.eu\\\/wp-content\\\/uploads\\\/2024\\\/03\\\/IMG_2409.webp\",\"width\":1920,\"height\":1341,\"caption\":\"Window vinyl\"},{\"@type\":\"BreadcrumbList\",\"@id\":\"https:\\\/\\\/freyaframes.eu\\\/product\\\/renolit-prime-window-vinyl\\\/#breadcrumb\",\"itemListElement\":[{\"@type\":\"ListItem\",\"position\":1,\"name\":\"Home\",\"item\":\"https:\\\/\\\/freyaframes.eu\\\/\"},{\"@type\":\"ListItem\",\"position\":2,\"name\":\"Custom Boat Frames &amp; Canvas | Freyaframes Shop\",\"item\":\"https:\\\/\\\/freyaframes.eu\\\/shop\\\/\"},{\"@type\":\"ListItem\",\"position\":3,\"name\":\"Renolit window vinyl\"}]},{\"@type\":\"WebSite\",\"@id\":\"https:\\\/\\\/freyaframes.eu\\\/#website\",\"url\":\"https:\\\/\\\/freyaframes.eu\\\/\",\"name\":\"Freyaframes\",\"description\":\"Custom Sprayhoods &amp; Stainless Steel Frames | No Boat Visit Required\",\"publisher\":{\"@id\":\"https:\\\/\\\/freyaframes.eu\\\/#organization\"},\"alternateName\":\"Freya\",\"potentialAction\":[{\"@type\":\"SearchAction\",\"target\":{\"@type\":\"EntryPoint\",\"urlTemplate\":\"https:\\\/\\\/freyaframes.eu\\\/?s={search_term_string}\"},\"query-input\":{\"@type\":\"PropertyValueSpecification\",\"valueRequired\":true,\"valueName\":\"search_term_string\"}}],\"inLanguage\":\"et\"},{\"@type\":\"Organization\",\"@id\":\"https:\\\/\\\/freyaframes.eu\\\/#organization\",\"name\":\"freyaframes\",\"alternateName\":\"freyaframes.eu\",\"url\":\"https:\\\/\\\/freyaframes.eu\\\/\",\"logo\":{\"@type\":\"ImageObject\",\"inLanguage\":\"et\",\"@id\":\"https:\\\/\\\/freyaframes.eu\\\/#\\\/schema\\\/logo\\\/image\\\/\",\"url\":\"https:\\\/\\\/freyaframes.eu\\\/wp-content\\\/uploads\\\/2023\\\/02\\\/Freya-e1711470187319.webp\",\"contentUrl\":\"https:\\\/\\\/freyaframes.eu\\\/wp-content\\\/uploads\\\/2023\\\/02\\\/Freya-e1711470187319.webp\",\"width\":800,\"height\":355,\"caption\":\"freyaframes\"},\"image\":{\"@id\":\"https:\\\/\\\/freyaframes.eu\\\/#\\\/schema\\\/logo\\\/image\\\/\"},\"sameAs\":[\"https:\\\/\\\/www.facebook.com\\\/freyaframes\",\"https:\\\/\\\/www.instagram.com\\\/freyaframes\\\/\"],\"description\":\"Charter Sailing O\u00dc is making premium boat canvas & stainless steel frames. We sell our products under 2 brands - freyaframes.eu and sprayhoodz.eu.\",\"email\":\"we@freyaframes.eu\",\"telephone\":\"+37256800066\",\"legalName\":\"Charter Sailing O\u00dc\",\"foundingDate\":\"2021-01-19\",\"vatID\":\"EE102499645\",\"numberOfEmployees\":{\"@type\":\"QuantitativeValue\",\"minValue\":\"1\",\"maxValue\":\"10\"},\"publishingPrinciples\":\"https:\\\/\\\/freyaframes.eu\\\/blog\\\/\"}]}<\/script>\n<!-- \/ Yoast SEO Premium plugin. -->","yoast_head_json":{"title":"Renolit akende vin\u00fc\u00fcl","description":"New generation of flexible window films with outstanding clarity, provide clear visibility and are made specifically for outside weather conditions.","robots":{"index":"index","follow":"follow","max-snippet":"max-snippet:-1","max-image-preview":"max-image-preview:large","max-video-preview":"max-video-preview:-1"},"canonical":"https:\/\/freyaframes.eu\/et\/toode\/renolit-prime-window-vinyl\/","og_locale":"et_EE","og_type":"article","og_title":"Renolit window vinyl","og_description":"New generation of flexible window films with outstanding clarity, provide clear visibility and are made specifically for outside weather conditions.","og_url":"https:\/\/freyaframes.eu\/et\/toode\/renolit-prime-window-vinyl\/","og_site_name":"Freyaframes","article_publisher":"https:\/\/www.facebook.com\/freyaframes","article_modified_time":"2025-02-21T15:21:27+00:00","og_image":[{"width":1920,"height":1341,"url":"https:\/\/freyaframes.eu\/wp-content\/uploads\/2024\/03\/IMG_2409.webp","type":"image\/webp"}],"twitter_card":"summary_large_image","schema":{"@context":"https:\/\/schema.org","@graph":[{"@type":"WebPage","@id":"https:\/\/freyaframes.eu\/product\/renolit-prime-window-vinyl\/","url":"https:\/\/freyaframes.eu\/product\/renolit-prime-window-vinyl\/","name":"Renolit akende vin\u00fc\u00fcl","isPartOf":{"@id":"https:\/\/freyaframes.eu\/#website"},"primaryImageOfPage":{"@id":"https:\/\/freyaframes.eu\/product\/renolit-prime-window-vinyl\/#primaryimage"},"image":{"@id":"https:\/\/freyaframes.eu\/product\/renolit-prime-window-vinyl\/#primaryimage"},"thumbnailUrl":"https:\/\/freyaframes.eu\/wp-content\/uploads\/2024\/03\/IMG_2409.webp","datePublished":"2024-03-28T11:57:40+00:00","dateModified":"2025-02-21T15:21:27+00:00","description":"New generation of flexible window films with outstanding clarity, provide clear visibility and are made specifically for outside weather conditions.","breadcrumb":{"@id":"https:\/\/freyaframes.eu\/product\/renolit-prime-window-vinyl\/#breadcrumb"},"inLanguage":"et","potentialAction":[{"@type":"ReadAction","target":["https:\/\/freyaframes.eu\/product\/renolit-prime-window-vinyl\/"]}]},{"@type":"ImageObject","inLanguage":"et","@id":"https:\/\/freyaframes.eu\/product\/renolit-prime-window-vinyl\/#primaryimage","url":"https:\/\/freyaframes.eu\/wp-content\/uploads\/2024\/03\/IMG_2409.webp","contentUrl":"https:\/\/freyaframes.eu\/wp-content\/uploads\/2024\/03\/IMG_2409.webp","width":1920,"height":1341,"caption":"Window vinyl"},{"@type":"BreadcrumbList","@id":"https:\/\/freyaframes.eu\/product\/renolit-prime-window-vinyl\/#breadcrumb","itemListElement":[{"@type":"ListItem","position":1,"name":"Home","item":"https:\/\/freyaframes.eu\/"},{"@type":"ListItem","position":2,"name":"Custom Boat Frames &amp; Canvas | Freyaframes Shop","item":"https:\/\/freyaframes.eu\/shop\/"},{"@type":"ListItem","position":3,"name":"Renolit window vinyl"}]},{"@type":"WebSite","@id":"https:\/\/freyaframes.eu\/#website","url":"https:\/\/freyaframes.eu\/","name":"Freyaframes","description":"Custom Sprayhoods &amp; Stainless Steel Frames | No Boat Visit Required","publisher":{"@id":"https:\/\/freyaframes.eu\/#organization"},"alternateName":"Freya","potentialAction":[{"@type":"SearchAction","target":{"@type":"EntryPoint","urlTemplate":"https:\/\/freyaframes.eu\/?s={search_term_string}"},"query-input":{"@type":"PropertyValueSpecification","valueRequired":true,"valueName":"search_term_string"}}],"inLanguage":"et"},{"@type":"Organization","@id":"https:\/\/freyaframes.eu\/#organization","name":"Freyaframes","alternateName":"freyaframes.eu","url":"https:\/\/freyaframes.eu\/","logo":{"@type":"ImageObject","inLanguage":"et","@id":"https:\/\/freyaframes.eu\/#\/schema\/logo\/image\/","url":"https:\/\/freyaframes.eu\/wp-content\/uploads\/2023\/02\/Freya-e1711470187319.webp","contentUrl":"https:\/\/freyaframes.eu\/wp-content\/uploads\/2023\/02\/Freya-e1711470187319.webp","width":800,"height":355,"caption":"freyaframes"},"image":{"@id":"https:\/\/freyaframes.eu\/#\/schema\/logo\/image\/"},"sameAs":["https:\/\/www.facebook.com\/freyaframes","https:\/\/www.instagram.com\/freyaframes\/"],"description":"Charter Sailing O\u00dc teeb premium paat kangas &amp; roostevabast terasest raamid. Me m\u00fc\u00fcme oma tooteid 2 kaubam\u00e4rgi all - freyaframes.eu ja sprayhoodz.eu.","email":"we@freyaframes.eu","telephone":"+37256800066","legalName":"Charter Sailing O\u00dc","foundingDate":"2021-01-19","vatID":"EE102499645","numberOfEmployees":{"@type":"QuantitativeValue","minValue":"1","maxValue":"10"},"publishingPrinciples":"https:\/\/freyaframes.eu\/blog\/"}]}},"jetpack_sharing_enabled":true,"_links":{"self":[{"href":"https:\/\/freyaframes.eu\/et\/wp-json\/wp\/v2\/product\/6547","targetHints":{"allow":["GET"]}}],"collection":[{"href":"https:\/\/freyaframes.eu\/et\/wp-json\/wp\/v2\/product"}],"about":[{"href":"https:\/\/freyaframes.eu\/et\/wp-json\/wp\/v2\/types\/product"}],"version-history":[{"count":0,"href":"https:\/\/freyaframes.eu\/et\/wp-json\/wp\/v2\/product\/6547\/revisions"}],"wp:featuredmedia":[{"embeddable":true,"href":"https:\/\/freyaframes.eu\/et\/wp-json\/wp\/v2\/media\/6550"}],"wp:attachment":[{"href":"https:\/\/freyaframes.eu\/et\/wp-json\/wp\/v2\/media?parent=6547"}],"wp:term":[{"taxonomy":"product_brand","embeddable":true,"href":"https:\/\/freyaframes.eu\/et\/wp-json\/wp\/v2\/product_brand?post=6547"},{"taxonomy":"product_cat","embeddable":true,"href":"https:\/\/freyaframes.eu\/et\/wp-json\/wp\/v2\/product_cat?post=6547"},{"taxonomy":"product_tag","embeddable":true,"href":"https:\/\/freyaframes.eu\/et\/wp-json\/wp\/v2\/product_tag?post=6547"}],"curies":[{"name":"wp","href":"https:\/\/api.w.org\/{rel}","templated":true}]}}