{"id":6277,"date":"2024-03-27T14:28:06","date_gmt":"2024-03-27T12:28:06","guid":{"rendered":"https:\/\/freyaframes.eu\/?post_type=product&#038;p=6277"},"modified":"2026-02-27T11:31:23","modified_gmt":"2026-02-27T09:31:23","slug":"open-cell-foam","status":"publish","type":"product","link":"https:\/\/freyaframes.eu\/et\/product\/open-cell-foam\/","title":{"rendered":"Avatud pooriga poroloon"},"content":{"rendered":"<p data-sourcepos=\"7:1-7:60\">Gravidry on ideaalne kasutamiseks paatidel, sest:<\/p>\n<ul>\n<li>Tavalise diivani pehmus ja mugavus tehnilises pakis, mis v\u00f5imaldab luua vastupidavaid lahendusi v\u00e4litingimustesse.<\/li>\n<li>Super hea hingavus: avatud pooriga struktuur laseb \u00f5hul vabalt ringelda ja ei ima vett. See hoiab k\u00f5ik istmed kuivana igas olukorras.<\/li>\n<li>Erakordne v\u00f5ime vett l\u00e4bi lasta. Kuna poroloonis ei ole pool avatud poore, siis vesi ei j\u00e4\u00e4 sinna l\u00f5ksu ja voolab materjalist lihtsalt l\u00e4bi. See tagab k\u00f5ikide detailide \u00fclikiire kuivamise.<\/li>\n<li>V\u00f5rreldes traditsioonilise porolooniga on Gravidry kergem. See on oluline eelis nii matkaautode kui ka paatide puhul.<\/li>\n<\/ul>\n<p>Gravidry avatud pooriga poroloon on saadaval 2 versioonis:<\/p>\n<ul>\n<li>Pehme 23 kg\/m3 pealmise 2-4 cm kihi jaoks<\/li>\n<li>Tugev 30 kg\/m3 alumise p\u00f5hjakihi jaoks<\/li>\n<\/ul>","protected":false},"excerpt":{"rendered":"<p>Sa n\u00e4ed ja tunned vahet kohe kui v\u00f5rdled tavalist porolooni Gravidryga. See innovatiivne materjal t\u00f5stab paadi istmete, madratsite ja muude pehmete toodete mugavuse t\u00e4iesti uuele tasemele. Avatud pooriga poroloon ei ima vett, kuivab kiirelt ja ei hallita. Ideaalne merelisse keskkonda.<\/p>","protected":false},"featured_media":4212,"template":"","meta":{"_acf_changed":false,"content-type":"","_monsterinsights_skip_tracking":false,"_monsterinsights_sitenote_active":false,"_monsterinsights_sitenote_note":"","_monsterinsights_sitenote_category":0},"product_brand":[],"product_cat":[428],"product_tag":[377],"class_list":{"0":"post-6277","1":"product","2":"type-product","3":"status-publish","4":"has-post-thumbnail","6":"product_cat-cockpit-cushions","7":"product_tag-comfort","8":"pa_brand-gravidry","10":"first","11":"instock","12":"taxable","13":"shipping-taxable","14":"purchasable","15":"product-type-variable","16":"wvs-archive-product-wrapper"},"acf":[],"yoast_head":"<!-- This site is optimized with the Yoast SEO Premium plugin v27.3 (Yoast SEO v27.3) - https:\/\/yoast.com\/product\/yoast-seo-premium-wordpress\/ -->\n<title>Open cell foam for marine upholstery<\/title>\n<meta name=\"description\" content=\"This innovative material elevates the comfort and performance of your custom-made boat cushions, mattresses, and other marine upholstery.\" \/>\n<meta name=\"robots\" content=\"index, follow, max-snippet:-1, max-image-preview:large, max-video-preview:-1\" \/>\n<link rel=\"canonical\" href=\"https:\/\/freyaframes.eu\/et\/toode\/open-cell-foam\/\" \/>\n<meta property=\"og:locale\" content=\"et_EE\" \/>\n<meta property=\"og:type\" content=\"article\" \/>\n<meta property=\"og:title\" content=\"Open cell foam\" \/>\n<meta property=\"og:description\" content=\"This innovative material elevates the comfort and performance of your custom-made boat cushions, mattresses, and other marine upholstery.\" \/>\n<meta property=\"og:url\" content=\"https:\/\/freyaframes.eu\/et\/toode\/open-cell-foam\/\" \/>\n<meta property=\"og:site_name\" content=\"Freyaframes\" \/>\n<meta property=\"article:publisher\" content=\"https:\/\/www.facebook.com\/freyaframes\" \/>\n<meta property=\"article:modified_time\" content=\"2026-02-27T09:31:23+00:00\" \/>\n<meta property=\"og:image\" content=\"https:\/\/freyaframes.eu\/wp-content\/uploads\/2024\/02\/FOAM_WEB_2.webp\" \/>\n\t<meta property=\"og:image:width\" content=\"1080\" \/>\n\t<meta property=\"og:image:height\" content=\"1080\" \/>\n\t<meta property=\"og:image:type\" content=\"image\/webp\" \/>\n<meta name=\"twitter:card\" content=\"summary_large_image\" \/>\n<script type=\"application\/ld+json\" class=\"yoast-schema-graph\">{\"@context\":\"https:\\\/\\\/schema.org\",\"@graph\":[{\"@type\":\"WebPage\",\"@id\":\"https:\\\/\\\/freyaframes.eu\\\/product\\\/open-cell-foam\\\/\",\"url\":\"https:\\\/\\\/freyaframes.eu\\\/product\\\/open-cell-foam\\\/\",\"name\":\"Open cell foam for marine upholstery\",\"isPartOf\":{\"@id\":\"https:\\\/\\\/freyaframes.eu\\\/#website\"},\"primaryImageOfPage\":{\"@id\":\"https:\\\/\\\/freyaframes.eu\\\/product\\\/open-cell-foam\\\/#primaryimage\"},\"image\":{\"@id\":\"https:\\\/\\\/freyaframes.eu\\\/product\\\/open-cell-foam\\\/#primaryimage\"},\"thumbnailUrl\":\"https:\\\/\\\/freyaframes.eu\\\/wp-content\\\/uploads\\\/2024\\\/02\\\/FOAM_WEB_2.webp\",\"datePublished\":\"2024-03-27T12:28:06+00:00\",\"dateModified\":\"2026-02-27T09:31:23+00:00\",\"description\":\"This innovative material elevates the comfort and performance of your custom-made boat cushions, mattresses, and other marine upholstery.\",\"breadcrumb\":{\"@id\":\"https:\\\/\\\/freyaframes.eu\\\/product\\\/open-cell-foam\\\/#breadcrumb\"},\"inLanguage\":\"et\",\"potentialAction\":[{\"@type\":\"ReadAction\",\"target\":[\"https:\\\/\\\/freyaframes.eu\\\/product\\\/open-cell-foam\\\/\"]}]},{\"@type\":\"ImageObject\",\"inLanguage\":\"et\",\"@id\":\"https:\\\/\\\/freyaframes.eu\\\/product\\\/open-cell-foam\\\/#primaryimage\",\"url\":\"https:\\\/\\\/freyaframes.eu\\\/wp-content\\\/uploads\\\/2024\\\/02\\\/FOAM_WEB_2.webp\",\"contentUrl\":\"https:\\\/\\\/freyaframes.eu\\\/wp-content\\\/uploads\\\/2024\\\/02\\\/FOAM_WEB_2.webp\",\"width\":1080,\"height\":1080,\"caption\":\"Gravidry innovative open-cell foam.\"},{\"@type\":\"BreadcrumbList\",\"@id\":\"https:\\\/\\\/freyaframes.eu\\\/product\\\/open-cell-foam\\\/#breadcrumb\",\"itemListElement\":[{\"@type\":\"ListItem\",\"position\":1,\"name\":\"Home\",\"item\":\"https:\\\/\\\/freyaframes.eu\\\/\"},{\"@type\":\"ListItem\",\"position\":2,\"name\":\"Custom Boat Frames &amp; Canvas | Freyaframes Shop\",\"item\":\"https:\\\/\\\/freyaframes.eu\\\/shop\\\/\"},{\"@type\":\"ListItem\",\"position\":3,\"name\":\"Open cell foam\"}]},{\"@type\":\"WebSite\",\"@id\":\"https:\\\/\\\/freyaframes.eu\\\/#website\",\"url\":\"https:\\\/\\\/freyaframes.eu\\\/\",\"name\":\"Freyaframes\",\"description\":\"Custom Sprayhoods &amp; Stainless Steel Frames | No Boat Visit Required\",\"publisher\":{\"@id\":\"https:\\\/\\\/freyaframes.eu\\\/#organization\"},\"alternateName\":\"Freya\",\"potentialAction\":[{\"@type\":\"SearchAction\",\"target\":{\"@type\":\"EntryPoint\",\"urlTemplate\":\"https:\\\/\\\/freyaframes.eu\\\/?s={search_term_string}\"},\"query-input\":{\"@type\":\"PropertyValueSpecification\",\"valueRequired\":true,\"valueName\":\"search_term_string\"}}],\"inLanguage\":\"et\"},{\"@type\":\"Organization\",\"@id\":\"https:\\\/\\\/freyaframes.eu\\\/#organization\",\"name\":\"freyaframes\",\"alternateName\":\"freyaframes.eu\",\"url\":\"https:\\\/\\\/freyaframes.eu\\\/\",\"logo\":{\"@type\":\"ImageObject\",\"inLanguage\":\"et\",\"@id\":\"https:\\\/\\\/freyaframes.eu\\\/#\\\/schema\\\/logo\\\/image\\\/\",\"url\":\"https:\\\/\\\/freyaframes.eu\\\/wp-content\\\/uploads\\\/2023\\\/02\\\/Freya-e1711470187319.webp\",\"contentUrl\":\"https:\\\/\\\/freyaframes.eu\\\/wp-content\\\/uploads\\\/2023\\\/02\\\/Freya-e1711470187319.webp\",\"width\":800,\"height\":355,\"caption\":\"freyaframes\"},\"image\":{\"@id\":\"https:\\\/\\\/freyaframes.eu\\\/#\\\/schema\\\/logo\\\/image\\\/\"},\"sameAs\":[\"https:\\\/\\\/www.facebook.com\\\/freyaframes\",\"https:\\\/\\\/www.instagram.com\\\/freyaframes\\\/\"],\"description\":\"Charter Sailing O\u00dc is making premium boat canvas & stainless steel frames. We sell our products under 2 brands - freyaframes.eu and sprayhoodz.eu.\",\"email\":\"we@freyaframes.eu\",\"telephone\":\"+37256800066\",\"legalName\":\"Charter Sailing O\u00dc\",\"foundingDate\":\"2021-01-19\",\"vatID\":\"EE102499645\",\"numberOfEmployees\":{\"@type\":\"QuantitativeValue\",\"minValue\":\"1\",\"maxValue\":\"10\"},\"publishingPrinciples\":\"https:\\\/\\\/freyaframes.eu\\\/blog\\\/\"}]}<\/script>\n<!-- \/ Yoast SEO Premium plugin. -->","yoast_head_json":{"title":"Open cell foam for marine upholstery","description":"This innovative material elevates the comfort and performance of your custom-made boat cushions, mattresses, and other marine upholstery.","robots":{"index":"index","follow":"follow","max-snippet":"max-snippet:-1","max-image-preview":"max-image-preview:large","max-video-preview":"max-video-preview:-1"},"canonical":"https:\/\/freyaframes.eu\/et\/toode\/open-cell-foam\/","og_locale":"et_EE","og_type":"article","og_title":"Open cell foam","og_description":"This innovative material elevates the comfort and performance of your custom-made boat cushions, mattresses, and other marine upholstery.","og_url":"https:\/\/freyaframes.eu\/et\/toode\/open-cell-foam\/","og_site_name":"Freyaframes","article_publisher":"https:\/\/www.facebook.com\/freyaframes","article_modified_time":"2026-02-27T09:31:23+00:00","og_image":[{"width":1080,"height":1080,"url":"https:\/\/freyaframes.eu\/wp-content\/uploads\/2024\/02\/FOAM_WEB_2.webp","type":"image\/webp"}],"twitter_card":"summary_large_image","schema":{"@context":"https:\/\/schema.org","@graph":[{"@type":"WebPage","@id":"https:\/\/freyaframes.eu\/product\/open-cell-foam\/","url":"https:\/\/freyaframes.eu\/product\/open-cell-foam\/","name":"Open cell foam for marine upholstery","isPartOf":{"@id":"https:\/\/freyaframes.eu\/#website"},"primaryImageOfPage":{"@id":"https:\/\/freyaframes.eu\/product\/open-cell-foam\/#primaryimage"},"image":{"@id":"https:\/\/freyaframes.eu\/product\/open-cell-foam\/#primaryimage"},"thumbnailUrl":"https:\/\/freyaframes.eu\/wp-content\/uploads\/2024\/02\/FOAM_WEB_2.webp","datePublished":"2024-03-27T12:28:06+00:00","dateModified":"2026-02-27T09:31:23+00:00","description":"This innovative material elevates the comfort and performance of your custom-made boat cushions, mattresses, and other marine upholstery.","breadcrumb":{"@id":"https:\/\/freyaframes.eu\/product\/open-cell-foam\/#breadcrumb"},"inLanguage":"et","potentialAction":[{"@type":"ReadAction","target":["https:\/\/freyaframes.eu\/product\/open-cell-foam\/"]}]},{"@type":"ImageObject","inLanguage":"et","@id":"https:\/\/freyaframes.eu\/product\/open-cell-foam\/#primaryimage","url":"https:\/\/freyaframes.eu\/wp-content\/uploads\/2024\/02\/FOAM_WEB_2.webp","contentUrl":"https:\/\/freyaframes.eu\/wp-content\/uploads\/2024\/02\/FOAM_WEB_2.webp","width":1080,"height":1080,"caption":"Gravidry innovative open-cell foam."},{"@type":"BreadcrumbList","@id":"https:\/\/freyaframes.eu\/product\/open-cell-foam\/#breadcrumb","itemListElement":[{"@type":"ListItem","position":1,"name":"Home","item":"https:\/\/freyaframes.eu\/"},{"@type":"ListItem","position":2,"name":"Custom Boat Frames &amp; Canvas | Freyaframes Shop","item":"https:\/\/freyaframes.eu\/shop\/"},{"@type":"ListItem","position":3,"name":"Open cell foam"}]},{"@type":"WebSite","@id":"https:\/\/freyaframes.eu\/#website","url":"https:\/\/freyaframes.eu\/","name":"Freyaframes","description":"Custom Sprayhoods &amp; Stainless Steel Frames | No Boat Visit Required","publisher":{"@id":"https:\/\/freyaframes.eu\/#organization"},"alternateName":"Freya","potentialAction":[{"@type":"SearchAction","target":{"@type":"EntryPoint","urlTemplate":"https:\/\/freyaframes.eu\/?s={search_term_string}"},"query-input":{"@type":"PropertyValueSpecification","valueRequired":true,"valueName":"search_term_string"}}],"inLanguage":"et"},{"@type":"Organization","@id":"https:\/\/freyaframes.eu\/#organization","name":"Freyaframes","alternateName":"freyaframes.eu","url":"https:\/\/freyaframes.eu\/","logo":{"@type":"ImageObject","inLanguage":"et","@id":"https:\/\/freyaframes.eu\/#\/schema\/logo\/image\/","url":"https:\/\/freyaframes.eu\/wp-content\/uploads\/2023\/02\/Freya-e1711470187319.webp","contentUrl":"https:\/\/freyaframes.eu\/wp-content\/uploads\/2023\/02\/Freya-e1711470187319.webp","width":800,"height":355,"caption":"freyaframes"},"image":{"@id":"https:\/\/freyaframes.eu\/#\/schema\/logo\/image\/"},"sameAs":["https:\/\/www.facebook.com\/freyaframes","https:\/\/www.instagram.com\/freyaframes\/"],"description":"Charter Sailing O\u00dc teeb premium paat kangas &amp; roostevabast terasest raamid. Me m\u00fc\u00fcme oma tooteid 2 kaubam\u00e4rgi all - freyaframes.eu ja sprayhoodz.eu.","email":"we@freyaframes.eu","telephone":"+37256800066","legalName":"Charter Sailing O\u00dc","foundingDate":"2021-01-19","vatID":"EE102499645","numberOfEmployees":{"@type":"QuantitativeValue","minValue":"1","maxValue":"10"},"publishingPrinciples":"https:\/\/freyaframes.eu\/blog\/"}]}},"jetpack_sharing_enabled":true,"_links":{"self":[{"href":"https:\/\/freyaframes.eu\/et\/wp-json\/wp\/v2\/product\/6277","targetHints":{"allow":["GET"]}}],"collection":[{"href":"https:\/\/freyaframes.eu\/et\/wp-json\/wp\/v2\/product"}],"about":[{"href":"https:\/\/freyaframes.eu\/et\/wp-json\/wp\/v2\/types\/product"}],"version-history":[{"count":0,"href":"https:\/\/freyaframes.eu\/et\/wp-json\/wp\/v2\/product\/6277\/revisions"}],"wp:featuredmedia":[{"embeddable":true,"href":"https:\/\/freyaframes.eu\/et\/wp-json\/wp\/v2\/media\/4212"}],"wp:attachment":[{"href":"https:\/\/freyaframes.eu\/et\/wp-json\/wp\/v2\/media?parent=6277"}],"wp:term":[{"taxonomy":"product_brand","embeddable":true,"href":"https:\/\/freyaframes.eu\/et\/wp-json\/wp\/v2\/product_brand?post=6277"},{"taxonomy":"product_cat","embeddable":true,"href":"https:\/\/freyaframes.eu\/et\/wp-json\/wp\/v2\/product_cat?post=6277"},{"taxonomy":"product_tag","embeddable":true,"href":"https:\/\/freyaframes.eu\/et\/wp-json\/wp\/v2\/product_tag?post=6277"}],"curies":[{"name":"wp","href":"https:\/\/api.w.org\/{rel}","templated":true}]}}