{"id":6176,"date":"2024-03-11T16:03:03","date_gmt":"2024-03-11T14:03:03","guid":{"rendered":"https:\/\/freyaframes.eu\/?post_type=product&#038;p=6176"},"modified":"2025-12-27T21:21:45","modified_gmt":"2025-12-27T19:21:45","slug":"comfort-seat-xl","status":"publish","type":"product","link":"https:\/\/freyaframes.eu\/et\/product\/comfort-seat-xl\/","title":{"rendered":"Comfort Seat XL"},"content":{"rendered":"<p data-sourcepos=\"3:1-3:165\">Comfort Seat XL on mugav ja reguleeritav istumislahendus, mis on m\u00f5eldud lisamugavuse tagamiseks s\u00f5na otseses m\u00f5ttes k\u00f5ikjal.<\/p>\n<ul data-sourcepos=\"5:1-12:0\">\n<li data-sourcepos=\"5:1-6:0\">\n<p data-sourcepos=\"5:3-5:318\"><strong>Reguleeritav raam:<\/strong> Istme raam on erakordselt h\u00e4sti reguleeritav, pakkudes kokku 40 erinevat asendit, et kohandada istumiskogemust ja tagada optimaalne mugavus. See funktsioon v\u00f5imaldab teil leida t\u00e4iusliku nurga, mis vastab teie vajadustele ja eelistustele.<\/p>\n<\/li>\n<li data-sourcepos=\"7:1-8:0\">\n<p data-sourcepos=\"7:3-7:420\"><strong>Vee- ja hallituskindel materjal:<\/strong> Comfort Seat XL-i materjalid on valitud spetsiaalselt vee- ja hallituskindlaks. See muudab selle ideaalseks valikuks kasutamiseks v\u00e4lis- ja merekeskkondades, kus niiskus v\u00f5ib olla probleemiks. Veekindel omadus lihtsustab ka puhastamist ja hooldust, v\u00f5imaldades teil h\u00f5lpsasti \u00e4ra p\u00fchkida lekked v\u00f5i mustuse.<\/p>\n<\/li>\n<li data-sourcepos=\"9:1-10:0\">\n<p data-sourcepos=\"9:3-9:333\"><strong>Libisemiskindel tagakate:<\/strong> Turvalisuse ja stabiilsuse lisamiseks on Comfort Seat XL-l libisemisvastane alus. See aitab v\u00e4ltida istme ootamatut libisemist v\u00f5i liikumist, eriti siledal pinnal. See libisemisvastane omadus on eriti kasulik pidevalt liikuvas merekeskkonnas.<\/p>\n<\/li>\n<\/ul>","protected":false},"excerpt":{"rendered":"<p>Comfort Seat XL on mugav ja reguleeritav istumislahendus, mis on m\u00f5eldud lisamugavuse tagamiseks igas paadis.<\/p>","protected":false},"featured_media":6194,"template":"","meta":{"_acf_changed":false,"content-type":"","_monsterinsights_skip_tracking":false,"_monsterinsights_sitenote_active":false,"_monsterinsights_sitenote_note":"","_monsterinsights_sitenote_category":0},"product_brand":[],"product_cat":[428],"product_tag":[409,377,406,83,429,113,45],"class_list":{"0":"post-6176","1":"product","2":"type-product","3":"status-publish","4":"has-post-thumbnail","6":"product_cat-cockpit-cushions","7":"product_tag-classic-boat","8":"product_tag-comfort","9":"product_tag-motor-yacht","10":"product_tag-motorboat","11":"product_tag-premium","12":"product_tag-rib","13":"product_tag-sailingboat","14":"product_shipping_class-eu-premium-5-10-kg","15":"pa_brand-comfort-seat","16":"pa_comfort-seat-color-blue-white-stripe","17":"pa_comfort-seat-color-gray","18":"pa_comfort-seat-color-captains-blue","19":"pa_comfort-seat-color-sand","20":"pa_comfort-seat-color-taupe","22":"first","23":"instock","24":"taxable","25":"shipping-taxable","26":"purchasable","27":"product-type-variable","28":"wvs-archive-product-wrapper"},"acf":[],"yoast_head":"<!-- This site is optimized with the Yoast SEO Premium plugin v27.3 (Yoast SEO v27.3) - https:\/\/yoast.com\/product\/yoast-seo-premium-wordpress\/ -->\n<title>Comfort Seat for Boats | Cockpit Cushion | Freyaframes<\/title>\n<meta name=\"description\" content=\"Comfort Seat for boats \u2013 adjustable cockpit cushion in 40 positions. Waterproof, lightweight, Sunbrella\u00ae fabric. Basic\/Regular\/XL sizes. EU delivery.\" \/>\n<meta name=\"robots\" content=\"index, follow, max-snippet:-1, max-image-preview:large, max-video-preview:-1\" \/>\n<link rel=\"canonical\" href=\"https:\/\/freyaframes.eu\/et\/toode\/comfort-seat-xl\/\" \/>\n<meta property=\"og:locale\" content=\"et_EE\" \/>\n<meta property=\"og:type\" content=\"article\" \/>\n<meta property=\"og:title\" content=\"Comfort Seat XL\" \/>\n<meta property=\"og:description\" content=\"Comfort Seat for boats \u2013 adjustable cockpit cushion in 40 positions. Waterproof, lightweight, Sunbrella\u00ae fabric. Basic\/Regular\/XL sizes. EU delivery.\" \/>\n<meta property=\"og:url\" content=\"https:\/\/freyaframes.eu\/et\/toode\/comfort-seat-xl\/\" \/>\n<meta property=\"og:site_name\" content=\"Freyaframes\" \/>\n<meta property=\"article:publisher\" content=\"https:\/\/www.facebook.com\/freyaframes\" \/>\n<meta property=\"article:modified_time\" content=\"2025-12-27T19:21:45+00:00\" \/>\n<meta property=\"og:image\" content=\"https:\/\/freyaframes.eu\/wp-content\/uploads\/2024\/03\/C8113B-scaled.webp\" \/>\n\t<meta property=\"og:image:width\" content=\"2560\" \/>\n\t<meta property=\"og:image:height\" content=\"2560\" \/>\n\t<meta property=\"og:image:type\" content=\"image\/webp\" \/>\n<meta name=\"twitter:card\" content=\"summary_large_image\" \/>\n<script type=\"application\/ld+json\" class=\"yoast-schema-graph\">{\"@context\":\"https:\\\/\\\/schema.org\",\"@graph\":[{\"@type\":\"WebPage\",\"@id\":\"https:\\\/\\\/freyaframes.eu\\\/product\\\/comfort-seat-xl\\\/\",\"url\":\"https:\\\/\\\/freyaframes.eu\\\/product\\\/comfort-seat-xl\\\/\",\"name\":\"Comfort Seat for Boats | Cockpit Cushion | Freyaframes\",\"isPartOf\":{\"@id\":\"https:\\\/\\\/freyaframes.eu\\\/#website\"},\"primaryImageOfPage\":{\"@id\":\"https:\\\/\\\/freyaframes.eu\\\/product\\\/comfort-seat-xl\\\/#primaryimage\"},\"image\":{\"@id\":\"https:\\\/\\\/freyaframes.eu\\\/product\\\/comfort-seat-xl\\\/#primaryimage\"},\"thumbnailUrl\":\"https:\\\/\\\/freyaframes.eu\\\/wp-content\\\/uploads\\\/2024\\\/03\\\/C8113B-scaled.jpg\",\"datePublished\":\"2024-03-11T14:03:03+00:00\",\"dateModified\":\"2025-12-27T19:21:45+00:00\",\"description\":\"Comfort Seat for boats \u2013 adjustable cockpit cushion in 40 positions. Waterproof, lightweight, Sunbrella\u00ae fabric. Basic\\\/Regular\\\/XL sizes. EU delivery.\",\"breadcrumb\":{\"@id\":\"https:\\\/\\\/freyaframes.eu\\\/product\\\/comfort-seat-xl\\\/#breadcrumb\"},\"inLanguage\":\"et\",\"potentialAction\":[{\"@type\":\"ReadAction\",\"target\":[\"https:\\\/\\\/freyaframes.eu\\\/product\\\/comfort-seat-xl\\\/\"]}]},{\"@type\":\"ImageObject\",\"inLanguage\":\"et\",\"@id\":\"https:\\\/\\\/freyaframes.eu\\\/product\\\/comfort-seat-xl\\\/#primaryimage\",\"url\":\"https:\\\/\\\/freyaframes.eu\\\/wp-content\\\/uploads\\\/2024\\\/03\\\/C8113B-scaled.jpg\",\"contentUrl\":\"https:\\\/\\\/freyaframes.eu\\\/wp-content\\\/uploads\\\/2024\\\/03\\\/C8113B-scaled.jpg\",\"width\":2560,\"height\":2560},{\"@type\":\"BreadcrumbList\",\"@id\":\"https:\\\/\\\/freyaframes.eu\\\/product\\\/comfort-seat-xl\\\/#breadcrumb\",\"itemListElement\":[{\"@type\":\"ListItem\",\"position\":1,\"name\":\"Home\",\"item\":\"https:\\\/\\\/freyaframes.eu\\\/\"},{\"@type\":\"ListItem\",\"position\":2,\"name\":\"Custom Boat Frames &amp; Canvas | Freyaframes Shop\",\"item\":\"https:\\\/\\\/freyaframes.eu\\\/shop\\\/\"},{\"@type\":\"ListItem\",\"position\":3,\"name\":\"Comfort Seat XL\"}]},{\"@type\":\"WebSite\",\"@id\":\"https:\\\/\\\/freyaframes.eu\\\/#website\",\"url\":\"https:\\\/\\\/freyaframes.eu\\\/\",\"name\":\"Freyaframes\",\"description\":\"Custom Sprayhoods &amp; Stainless Steel Frames | No Boat Visit Required\",\"publisher\":{\"@id\":\"https:\\\/\\\/freyaframes.eu\\\/#organization\"},\"alternateName\":\"Freya\",\"potentialAction\":[{\"@type\":\"SearchAction\",\"target\":{\"@type\":\"EntryPoint\",\"urlTemplate\":\"https:\\\/\\\/freyaframes.eu\\\/?s={search_term_string}\"},\"query-input\":{\"@type\":\"PropertyValueSpecification\",\"valueRequired\":true,\"valueName\":\"search_term_string\"}}],\"inLanguage\":\"et\"},{\"@type\":\"Organization\",\"@id\":\"https:\\\/\\\/freyaframes.eu\\\/#organization\",\"name\":\"freyaframes\",\"alternateName\":\"freyaframes.eu\",\"url\":\"https:\\\/\\\/freyaframes.eu\\\/\",\"logo\":{\"@type\":\"ImageObject\",\"inLanguage\":\"et\",\"@id\":\"https:\\\/\\\/freyaframes.eu\\\/#\\\/schema\\\/logo\\\/image\\\/\",\"url\":\"https:\\\/\\\/freyaframes.eu\\\/wp-content\\\/uploads\\\/2023\\\/02\\\/Freya-e1711470187319.webp\",\"contentUrl\":\"https:\\\/\\\/freyaframes.eu\\\/wp-content\\\/uploads\\\/2023\\\/02\\\/Freya-e1711470187319.webp\",\"width\":800,\"height\":355,\"caption\":\"freyaframes\"},\"image\":{\"@id\":\"https:\\\/\\\/freyaframes.eu\\\/#\\\/schema\\\/logo\\\/image\\\/\"},\"sameAs\":[\"https:\\\/\\\/www.facebook.com\\\/freyaframes\",\"https:\\\/\\\/www.instagram.com\\\/freyaframes\\\/\"],\"description\":\"Charter Sailing O\u00dc is making premium boat canvas & stainless steel frames. We sell our products under 2 brands - freyaframes.eu and sprayhoodz.eu.\",\"email\":\"we@freyaframes.eu\",\"telephone\":\"+37256800066\",\"legalName\":\"Charter Sailing O\u00dc\",\"foundingDate\":\"2021-01-19\",\"vatID\":\"EE102499645\",\"numberOfEmployees\":{\"@type\":\"QuantitativeValue\",\"minValue\":\"1\",\"maxValue\":\"10\"},\"publishingPrinciples\":\"https:\\\/\\\/freyaframes.eu\\\/blog\\\/\"}]}<\/script>\n<!-- \/ Yoast SEO Premium plugin. -->","yoast_head_json":{"title":"Comfort Seat for Boats | Cockpit Cushion | Freyaframes","description":"Comfort Seat paatidele - 40 asendis reguleeritav kokpitipadi. Veekindel, kerge Sunbrella\u00ae kangas. Basic\/Regulaarne\/XL suurused. ELi tarne.","robots":{"index":"index","follow":"follow","max-snippet":"max-snippet:-1","max-image-preview":"max-image-preview:large","max-video-preview":"max-video-preview:-1"},"canonical":"https:\/\/freyaframes.eu\/et\/toode\/comfort-seat-xl\/","og_locale":"et_EE","og_type":"article","og_title":"Comfort Seat XL","og_description":"Comfort Seat for boats \u2013 adjustable cockpit cushion in 40 positions. Waterproof, lightweight, Sunbrella\u00ae fabric. Basic\/Regular\/XL sizes. EU delivery.","og_url":"https:\/\/freyaframes.eu\/et\/toode\/comfort-seat-xl\/","og_site_name":"Freyaframes","article_publisher":"https:\/\/www.facebook.com\/freyaframes","article_modified_time":"2025-12-27T19:21:45+00:00","og_image":[{"width":2560,"height":2560,"url":"https:\/\/freyaframes.eu\/wp-content\/uploads\/2024\/03\/C8113B-scaled.webp","type":"image\/webp"}],"twitter_card":"summary_large_image","schema":{"@context":"https:\/\/schema.org","@graph":[{"@type":"WebPage","@id":"https:\/\/freyaframes.eu\/product\/comfort-seat-xl\/","url":"https:\/\/freyaframes.eu\/product\/comfort-seat-xl\/","name":"Comfort Seat for Boats | Cockpit Cushion | Freyaframes","isPartOf":{"@id":"https:\/\/freyaframes.eu\/#website"},"primaryImageOfPage":{"@id":"https:\/\/freyaframes.eu\/product\/comfort-seat-xl\/#primaryimage"},"image":{"@id":"https:\/\/freyaframes.eu\/product\/comfort-seat-xl\/#primaryimage"},"thumbnailUrl":"https:\/\/freyaframes.eu\/wp-content\/uploads\/2024\/03\/C8113B-scaled.jpg","datePublished":"2024-03-11T14:03:03+00:00","dateModified":"2025-12-27T19:21:45+00:00","description":"Comfort Seat paatidele - 40 asendis reguleeritav kokpitipadi. Veekindel, kerge Sunbrella\u00ae kangas. Basic\/Regulaarne\/XL suurused. ELi tarne.","breadcrumb":{"@id":"https:\/\/freyaframes.eu\/product\/comfort-seat-xl\/#breadcrumb"},"inLanguage":"et","potentialAction":[{"@type":"ReadAction","target":["https:\/\/freyaframes.eu\/product\/comfort-seat-xl\/"]}]},{"@type":"ImageObject","inLanguage":"et","@id":"https:\/\/freyaframes.eu\/product\/comfort-seat-xl\/#primaryimage","url":"https:\/\/freyaframes.eu\/wp-content\/uploads\/2024\/03\/C8113B-scaled.jpg","contentUrl":"https:\/\/freyaframes.eu\/wp-content\/uploads\/2024\/03\/C8113B-scaled.jpg","width":2560,"height":2560},{"@type":"BreadcrumbList","@id":"https:\/\/freyaframes.eu\/product\/comfort-seat-xl\/#breadcrumb","itemListElement":[{"@type":"ListItem","position":1,"name":"Home","item":"https:\/\/freyaframes.eu\/"},{"@type":"ListItem","position":2,"name":"Custom Boat Frames &amp; Canvas | Freyaframes Shop","item":"https:\/\/freyaframes.eu\/shop\/"},{"@type":"ListItem","position":3,"name":"Comfort Seat XL"}]},{"@type":"WebSite","@id":"https:\/\/freyaframes.eu\/#website","url":"https:\/\/freyaframes.eu\/","name":"Freyaframes","description":"Custom Sprayhoods &amp; Stainless Steel Frames | No Boat Visit Required","publisher":{"@id":"https:\/\/freyaframes.eu\/#organization"},"alternateName":"Freya","potentialAction":[{"@type":"SearchAction","target":{"@type":"EntryPoint","urlTemplate":"https:\/\/freyaframes.eu\/?s={search_term_string}"},"query-input":{"@type":"PropertyValueSpecification","valueRequired":true,"valueName":"search_term_string"}}],"inLanguage":"et"},{"@type":"Organization","@id":"https:\/\/freyaframes.eu\/#organization","name":"Freyaframes","alternateName":"freyaframes.eu","url":"https:\/\/freyaframes.eu\/","logo":{"@type":"ImageObject","inLanguage":"et","@id":"https:\/\/freyaframes.eu\/#\/schema\/logo\/image\/","url":"https:\/\/freyaframes.eu\/wp-content\/uploads\/2023\/02\/Freya-e1711470187319.webp","contentUrl":"https:\/\/freyaframes.eu\/wp-content\/uploads\/2023\/02\/Freya-e1711470187319.webp","width":800,"height":355,"caption":"freyaframes"},"image":{"@id":"https:\/\/freyaframes.eu\/#\/schema\/logo\/image\/"},"sameAs":["https:\/\/www.facebook.com\/freyaframes","https:\/\/www.instagram.com\/freyaframes\/"],"description":"Charter Sailing O\u00dc teeb premium paat kangas &amp; roostevabast terasest raamid. Me m\u00fc\u00fcme oma tooteid 2 kaubam\u00e4rgi all - freyaframes.eu ja sprayhoodz.eu.","email":"we@freyaframes.eu","telephone":"+37256800066","legalName":"Charter Sailing O\u00dc","foundingDate":"2021-01-19","vatID":"EE102499645","numberOfEmployees":{"@type":"QuantitativeValue","minValue":"1","maxValue":"10"},"publishingPrinciples":"https:\/\/freyaframes.eu\/blog\/"}]}},"jetpack_sharing_enabled":true,"_links":{"self":[{"href":"https:\/\/freyaframes.eu\/et\/wp-json\/wp\/v2\/product\/6176","targetHints":{"allow":["GET"]}}],"collection":[{"href":"https:\/\/freyaframes.eu\/et\/wp-json\/wp\/v2\/product"}],"about":[{"href":"https:\/\/freyaframes.eu\/et\/wp-json\/wp\/v2\/types\/product"}],"version-history":[{"count":0,"href":"https:\/\/freyaframes.eu\/et\/wp-json\/wp\/v2\/product\/6176\/revisions"}],"wp:featuredmedia":[{"embeddable":true,"href":"https:\/\/freyaframes.eu\/et\/wp-json\/wp\/v2\/media\/6194"}],"wp:attachment":[{"href":"https:\/\/freyaframes.eu\/et\/wp-json\/wp\/v2\/media?parent=6176"}],"wp:term":[{"taxonomy":"product_brand","embeddable":true,"href":"https:\/\/freyaframes.eu\/et\/wp-json\/wp\/v2\/product_brand?post=6176"},{"taxonomy":"product_cat","embeddable":true,"href":"https:\/\/freyaframes.eu\/et\/wp-json\/wp\/v2\/product_cat?post=6176"},{"taxonomy":"product_tag","embeddable":true,"href":"https:\/\/freyaframes.eu\/et\/wp-json\/wp\/v2\/product_tag?post=6176"}],"curies":[{"name":"wp","href":"https:\/\/api.w.org\/{rel}","templated":true}]}}