{"id":6151,"date":"2024-03-11T15:40:37","date_gmt":"2024-03-11T13:40:37","guid":{"rendered":"https:\/\/freyaframes.eu\/?post_type=product&#038;p=6151"},"modified":"2026-01-04T19:58:32","modified_gmt":"2026-01-04T17:58:32","slug":"comfort-seat-basic","status":"publish","type":"product","link":"https:\/\/freyaframes.eu\/et\/product\/comfort-seat-basic\/","title":{"rendered":"Comfort Seat Basic"},"content":{"rendered":"<p data-sourcepos=\"3:1-3:165\">The Comfort Seat Basic is a comfortable and adjustable seating solution designed to provide extra comfort literally everywhere.<\/p>\n<ul data-sourcepos=\"5:1-12:0\">\n<li data-sourcepos=\"5:1-6:0\">\n<p data-sourcepos=\"5:3-5:318\"><strong>Reguleeritav raam:<\/strong> Istme raam on erakordselt h\u00e4sti reguleeritav, pakkudes kokku 40 erinevat asendit, et kohandada istumiskogemust ja tagada optimaalne mugavus. See funktsioon v\u00f5imaldab teil leida t\u00e4iusliku nurga, mis vastab teie vajadustele ja eelistustele.<\/p>\n<\/li>\n<li data-sourcepos=\"7:1-8:0\">\n<p data-sourcepos=\"7:3-7:420\"><strong>Vee- ja hallituskindel materjal:<\/strong> The materials of the Comfort Seat Basic is specifically selected to resist water and mold. This makes it a perfect choice for use in outdoor and marine environments where moisture might be a concern. The water-resistant property also simplifies cleaning and maintenance, allowing you to wipe away spills or dirt with ease.<\/p>\n<\/li>\n<li data-sourcepos=\"9:1-10:0\">\n<p data-sourcepos=\"9:3-9:333\"><strong>Libisemiskindel tagakate:<\/strong> For added safety and stability, the Comfort Seat Basic features a non-slip backing. This helps to prevent the seat from sliding or moving unexpectedly, especially on smooth surfaces. This non-slip feature is particularly beneficial for always moving marine environments.<\/p>\n<\/li>\n<\/ul>","protected":false},"excerpt":{"rendered":"<p>The Comfort Seat Basic is a comfortable and adjustable seating solution designed to provide extra comfort on any boat.<\/p>","protected":false},"featured_media":8534,"template":"","meta":{"_acf_changed":false,"content-type":"","_monsterinsights_skip_tracking":false,"_monsterinsights_sitenote_active":false,"_monsterinsights_sitenote_note":"","_monsterinsights_sitenote_category":0},"product_brand":[559],"product_cat":[428],"product_tag":[377,112,83,435,113,45],"class_list":{"0":"post-6151","1":"product","2":"type-product","3":"status-publish","4":"has-post-thumbnail","6":"product_brand-comfort-seat","7":"product_cat-cockpit-cushions","8":"product_tag-comfort","9":"product_tag-dinghy","10":"product_tag-motorboat","11":"product_tag-original","12":"product_tag-rib","13":"product_tag-sailingboat","14":"product_shipping_class-eu-premium-0-2-kg","15":"pa_brand-comfort-seat","16":"pa_comfort-seat-color-gray","17":"pa_comfort-seat-color-marine-blue","18":"pa_comfort-seat-color-mediterranean-blue","19":"pa_comfort-seat-color-orange","20":"pa_comfort-seat-color-red","22":"first","23":"instock","24":"taxable","25":"shipping-taxable","26":"purchasable","27":"product-type-variable","28":"wvs-archive-product-wrapper"},"acf":[],"yoast_head":"<!-- This site is optimized with the Yoast SEO Premium plugin v27.3 (Yoast SEO v27.3) - https:\/\/yoast.com\/product\/yoast-seo-premium-wordpress\/ -->\n<title>Comfort Seat for Boats | Cockpit Cushion | Freyaframes<\/title>\n<meta name=\"description\" content=\"Comfort Seat for boats \u2013 adjustable cockpit cushion in 40 positions. Waterproof, lightweight, Sunbrella\u00ae fabric. Basic\/Regular\/XL sizes. EU delivery.\" \/>\n<meta name=\"robots\" content=\"index, follow, max-snippet:-1, max-image-preview:large, max-video-preview:-1\" \/>\n<link rel=\"canonical\" href=\"https:\/\/freyaframes.eu\/et\/toode\/comfort-seat-basic\/\" \/>\n<meta property=\"og:locale\" content=\"et_EE\" \/>\n<meta property=\"og:type\" content=\"article\" \/>\n<meta property=\"og:title\" content=\"Comfort Seat Basic\" \/>\n<meta property=\"og:description\" content=\"Comfort Seat for boats \u2013 adjustable cockpit cushion in 40 positions. Waterproof, lightweight, Sunbrella\u00ae fabric. Basic\/Regular\/XL sizes. EU delivery.\" \/>\n<meta property=\"og:url\" content=\"https:\/\/freyaframes.eu\/et\/toode\/comfort-seat-basic\/\" \/>\n<meta property=\"og:site_name\" content=\"Freyaframes\" \/>\n<meta property=\"article:publisher\" content=\"https:\/\/www.facebook.com\/freyaframes\" \/>\n<meta property=\"article:modified_time\" content=\"2026-01-04T17:58:32+00:00\" \/>\n<meta property=\"og:image\" content=\"https:\/\/freyaframes.eu\/wp-content\/uploads\/2026\/01\/B4243B.png\" \/>\n\t<meta property=\"og:image:width\" content=\"1000\" \/>\n\t<meta property=\"og:image:height\" content=\"1000\" \/>\n\t<meta property=\"og:image:type\" content=\"image\/png\" \/>\n<meta name=\"twitter:card\" content=\"summary_large_image\" \/>\n<script type=\"application\/ld+json\" class=\"yoast-schema-graph\">{\"@context\":\"https:\\\/\\\/schema.org\",\"@graph\":[{\"@type\":\"WebPage\",\"@id\":\"https:\\\/\\\/freyaframes.eu\\\/product\\\/comfort-seat-basic\\\/\",\"url\":\"https:\\\/\\\/freyaframes.eu\\\/product\\\/comfort-seat-basic\\\/\",\"name\":\"Comfort Seat for Boats | Cockpit Cushion | Freyaframes\",\"isPartOf\":{\"@id\":\"https:\\\/\\\/freyaframes.eu\\\/#website\"},\"primaryImageOfPage\":{\"@id\":\"https:\\\/\\\/freyaframes.eu\\\/product\\\/comfort-seat-basic\\\/#primaryimage\"},\"image\":{\"@id\":\"https:\\\/\\\/freyaframes.eu\\\/product\\\/comfort-seat-basic\\\/#primaryimage\"},\"thumbnailUrl\":\"https:\\\/\\\/freyaframes.eu\\\/wp-content\\\/uploads\\\/2026\\\/01\\\/B4243B.png\",\"datePublished\":\"2024-03-11T13:40:37+00:00\",\"dateModified\":\"2026-01-04T17:58:32+00:00\",\"description\":\"Comfort Seat for boats \u2013 adjustable cockpit cushion in 40 positions. Waterproof, lightweight, Sunbrella\u00ae fabric. Basic\\\/Regular\\\/XL sizes. EU delivery.\",\"breadcrumb\":{\"@id\":\"https:\\\/\\\/freyaframes.eu\\\/product\\\/comfort-seat-basic\\\/#breadcrumb\"},\"inLanguage\":\"et\",\"potentialAction\":[{\"@type\":\"ReadAction\",\"target\":[\"https:\\\/\\\/freyaframes.eu\\\/product\\\/comfort-seat-basic\\\/\"]}]},{\"@type\":\"ImageObject\",\"inLanguage\":\"et\",\"@id\":\"https:\\\/\\\/freyaframes.eu\\\/product\\\/comfort-seat-basic\\\/#primaryimage\",\"url\":\"https:\\\/\\\/freyaframes.eu\\\/wp-content\\\/uploads\\\/2026\\\/01\\\/B4243B.png\",\"contentUrl\":\"https:\\\/\\\/freyaframes.eu\\\/wp-content\\\/uploads\\\/2026\\\/01\\\/B4243B.png\",\"width\":1000,\"height\":1000,\"caption\":\"Comfort Seat Basic Orange\"},{\"@type\":\"BreadcrumbList\",\"@id\":\"https:\\\/\\\/freyaframes.eu\\\/product\\\/comfort-seat-basic\\\/#breadcrumb\",\"itemListElement\":[{\"@type\":\"ListItem\",\"position\":1,\"name\":\"Home\",\"item\":\"https:\\\/\\\/freyaframes.eu\\\/\"},{\"@type\":\"ListItem\",\"position\":2,\"name\":\"Custom Boat Frames &amp; Canvas | Freyaframes Shop\",\"item\":\"https:\\\/\\\/freyaframes.eu\\\/shop\\\/\"},{\"@type\":\"ListItem\",\"position\":3,\"name\":\"Comfort Seat Basic\"}]},{\"@type\":\"WebSite\",\"@id\":\"https:\\\/\\\/freyaframes.eu\\\/#website\",\"url\":\"https:\\\/\\\/freyaframes.eu\\\/\",\"name\":\"Freyaframes\",\"description\":\"Custom Sprayhoods &amp; Stainless Steel Frames | No Boat Visit Required\",\"publisher\":{\"@id\":\"https:\\\/\\\/freyaframes.eu\\\/#organization\"},\"alternateName\":\"Freya\",\"potentialAction\":[{\"@type\":\"SearchAction\",\"target\":{\"@type\":\"EntryPoint\",\"urlTemplate\":\"https:\\\/\\\/freyaframes.eu\\\/?s={search_term_string}\"},\"query-input\":{\"@type\":\"PropertyValueSpecification\",\"valueRequired\":true,\"valueName\":\"search_term_string\"}}],\"inLanguage\":\"et\"},{\"@type\":\"Organization\",\"@id\":\"https:\\\/\\\/freyaframes.eu\\\/#organization\",\"name\":\"freyaframes\",\"alternateName\":\"freyaframes.eu\",\"url\":\"https:\\\/\\\/freyaframes.eu\\\/\",\"logo\":{\"@type\":\"ImageObject\",\"inLanguage\":\"et\",\"@id\":\"https:\\\/\\\/freyaframes.eu\\\/#\\\/schema\\\/logo\\\/image\\\/\",\"url\":\"https:\\\/\\\/freyaframes.eu\\\/wp-content\\\/uploads\\\/2023\\\/02\\\/Freya-e1711470187319.webp\",\"contentUrl\":\"https:\\\/\\\/freyaframes.eu\\\/wp-content\\\/uploads\\\/2023\\\/02\\\/Freya-e1711470187319.webp\",\"width\":800,\"height\":355,\"caption\":\"freyaframes\"},\"image\":{\"@id\":\"https:\\\/\\\/freyaframes.eu\\\/#\\\/schema\\\/logo\\\/image\\\/\"},\"sameAs\":[\"https:\\\/\\\/www.facebook.com\\\/freyaframes\",\"https:\\\/\\\/www.instagram.com\\\/freyaframes\\\/\"],\"description\":\"Charter Sailing O\u00dc is making premium boat canvas & stainless steel frames. We sell our products under 2 brands - freyaframes.eu and sprayhoodz.eu.\",\"email\":\"we@freyaframes.eu\",\"telephone\":\"+37256800066\",\"legalName\":\"Charter Sailing O\u00dc\",\"foundingDate\":\"2021-01-19\",\"vatID\":\"EE102499645\",\"numberOfEmployees\":{\"@type\":\"QuantitativeValue\",\"minValue\":\"1\",\"maxValue\":\"10\"},\"publishingPrinciples\":\"https:\\\/\\\/freyaframes.eu\\\/blog\\\/\"}]}<\/script>\n<!-- \/ Yoast SEO Premium plugin. -->","yoast_head_json":{"title":"Comfort Seat for Boats | Cockpit Cushion | Freyaframes","description":"Comfort Seat paatidele - 40 asendis reguleeritav kokpitipadi. Veekindel, kerge Sunbrella\u00ae kangas. Basic\/Regulaarne\/XL suurused. ELi tarne.","robots":{"index":"index","follow":"follow","max-snippet":"max-snippet:-1","max-image-preview":"max-image-preview:large","max-video-preview":"max-video-preview:-1"},"canonical":"https:\/\/freyaframes.eu\/et\/toode\/comfort-seat-basic\/","og_locale":"et_EE","og_type":"article","og_title":"Comfort Seat Basic","og_description":"Comfort Seat for boats \u2013 adjustable cockpit cushion in 40 positions. Waterproof, lightweight, Sunbrella\u00ae fabric. Basic\/Regular\/XL sizes. EU delivery.","og_url":"https:\/\/freyaframes.eu\/et\/toode\/comfort-seat-basic\/","og_site_name":"Freyaframes","article_publisher":"https:\/\/www.facebook.com\/freyaframes","article_modified_time":"2026-01-04T17:58:32+00:00","og_image":[{"width":1000,"height":1000,"url":"https:\/\/freyaframes.eu\/wp-content\/uploads\/2026\/01\/B4243B.png","type":"image\/png"}],"twitter_card":"summary_large_image","schema":{"@context":"https:\/\/schema.org","@graph":[{"@type":"WebPage","@id":"https:\/\/freyaframes.eu\/product\/comfort-seat-basic\/","url":"https:\/\/freyaframes.eu\/product\/comfort-seat-basic\/","name":"Comfort Seat for Boats | Cockpit Cushion | Freyaframes","isPartOf":{"@id":"https:\/\/freyaframes.eu\/#website"},"primaryImageOfPage":{"@id":"https:\/\/freyaframes.eu\/product\/comfort-seat-basic\/#primaryimage"},"image":{"@id":"https:\/\/freyaframes.eu\/product\/comfort-seat-basic\/#primaryimage"},"thumbnailUrl":"https:\/\/freyaframes.eu\/wp-content\/uploads\/2026\/01\/B4243B.png","datePublished":"2024-03-11T13:40:37+00:00","dateModified":"2026-01-04T17:58:32+00:00","description":"Comfort Seat paatidele - 40 asendis reguleeritav kokpitipadi. Veekindel, kerge Sunbrella\u00ae kangas. Basic\/Regulaarne\/XL suurused. ELi tarne.","breadcrumb":{"@id":"https:\/\/freyaframes.eu\/product\/comfort-seat-basic\/#breadcrumb"},"inLanguage":"et","potentialAction":[{"@type":"ReadAction","target":["https:\/\/freyaframes.eu\/product\/comfort-seat-basic\/"]}]},{"@type":"ImageObject","inLanguage":"et","@id":"https:\/\/freyaframes.eu\/product\/comfort-seat-basic\/#primaryimage","url":"https:\/\/freyaframes.eu\/wp-content\/uploads\/2026\/01\/B4243B.png","contentUrl":"https:\/\/freyaframes.eu\/wp-content\/uploads\/2026\/01\/B4243B.png","width":1000,"height":1000,"caption":"Comfort Seat Basic Orange"},{"@type":"BreadcrumbList","@id":"https:\/\/freyaframes.eu\/product\/comfort-seat-basic\/#breadcrumb","itemListElement":[{"@type":"ListItem","position":1,"name":"Home","item":"https:\/\/freyaframes.eu\/"},{"@type":"ListItem","position":2,"name":"Custom Boat Frames &amp; Canvas | Freyaframes Shop","item":"https:\/\/freyaframes.eu\/shop\/"},{"@type":"ListItem","position":3,"name":"Comfort Seat Basic"}]},{"@type":"WebSite","@id":"https:\/\/freyaframes.eu\/#website","url":"https:\/\/freyaframes.eu\/","name":"Freyaframes","description":"Custom Sprayhoods &amp; Stainless Steel Frames | No Boat Visit Required","publisher":{"@id":"https:\/\/freyaframes.eu\/#organization"},"alternateName":"Freya","potentialAction":[{"@type":"SearchAction","target":{"@type":"EntryPoint","urlTemplate":"https:\/\/freyaframes.eu\/?s={search_term_string}"},"query-input":{"@type":"PropertyValueSpecification","valueRequired":true,"valueName":"search_term_string"}}],"inLanguage":"et"},{"@type":"Organization","@id":"https:\/\/freyaframes.eu\/#organization","name":"Freyaframes","alternateName":"freyaframes.eu","url":"https:\/\/freyaframes.eu\/","logo":{"@type":"ImageObject","inLanguage":"et","@id":"https:\/\/freyaframes.eu\/#\/schema\/logo\/image\/","url":"https:\/\/freyaframes.eu\/wp-content\/uploads\/2023\/02\/Freya-e1711470187319.webp","contentUrl":"https:\/\/freyaframes.eu\/wp-content\/uploads\/2023\/02\/Freya-e1711470187319.webp","width":800,"height":355,"caption":"freyaframes"},"image":{"@id":"https:\/\/freyaframes.eu\/#\/schema\/logo\/image\/"},"sameAs":["https:\/\/www.facebook.com\/freyaframes","https:\/\/www.instagram.com\/freyaframes\/"],"description":"Charter Sailing O\u00dc teeb premium paat kangas &amp; roostevabast terasest raamid. Me m\u00fc\u00fcme oma tooteid 2 kaubam\u00e4rgi all - freyaframes.eu ja sprayhoodz.eu.","email":"we@freyaframes.eu","telephone":"+37256800066","legalName":"Charter Sailing O\u00dc","foundingDate":"2021-01-19","vatID":"EE102499645","numberOfEmployees":{"@type":"QuantitativeValue","minValue":"1","maxValue":"10"},"publishingPrinciples":"https:\/\/freyaframes.eu\/blog\/"}]}},"jetpack_sharing_enabled":true,"_links":{"self":[{"href":"https:\/\/freyaframes.eu\/et\/wp-json\/wp\/v2\/product\/6151","targetHints":{"allow":["GET"]}}],"collection":[{"href":"https:\/\/freyaframes.eu\/et\/wp-json\/wp\/v2\/product"}],"about":[{"href":"https:\/\/freyaframes.eu\/et\/wp-json\/wp\/v2\/types\/product"}],"version-history":[{"count":0,"href":"https:\/\/freyaframes.eu\/et\/wp-json\/wp\/v2\/product\/6151\/revisions"}],"wp:featuredmedia":[{"embeddable":true,"href":"https:\/\/freyaframes.eu\/et\/wp-json\/wp\/v2\/media\/8534"}],"wp:attachment":[{"href":"https:\/\/freyaframes.eu\/et\/wp-json\/wp\/v2\/media?parent=6151"}],"wp:term":[{"taxonomy":"product_brand","embeddable":true,"href":"https:\/\/freyaframes.eu\/et\/wp-json\/wp\/v2\/product_brand?post=6151"},{"taxonomy":"product_cat","embeddable":true,"href":"https:\/\/freyaframes.eu\/et\/wp-json\/wp\/v2\/product_cat?post=6151"},{"taxonomy":"product_tag","embeddable":true,"href":"https:\/\/freyaframes.eu\/et\/wp-json\/wp\/v2\/product_tag?post=6151"}],"curies":[{"name":"wp","href":"https:\/\/api.w.org\/{rel}","templated":true}]}}