{"id":5312,"date":"2024-02-24T17:01:06","date_gmt":"2024-02-24T15:01:06","guid":{"rendered":"https:\/\/freyaframes.eu\/?post_type=product&#038;p=5312"},"modified":"2024-09-01T16:49:49","modified_gmt":"2024-09-01T14:49:49","slug":"premium-bimini-2-arches","status":"publish","type":"product","link":"https:\/\/freyaframes.eu\/et\/product\/premium-bimini-2-arches\/","title":{"rendered":"Premium bimini, 2 arches"},"content":{"rendered":"<p>All our products are made from top quality marine grade materials.<\/p>\n<p>The frame structure is 25 mm AISI 316L mirror polished stainless steel tube. Bimini top is made from Masacril by Sauleda fabric. This fabric has excellent qualities for marine use: it is durable, UV resistant, watertight, resistant to mold and lightweight.<\/p>\n<p>Our bimini kit includes:<\/p>\n<ul>\n<li>Selected size 2 arch bimini frame by Freyaframes<\/li>\n<li>Bimini canvas in selected color<\/li>\n<li>2 x white polyester straps<\/li>\n<li>2 x stainless steel struts<\/li>\n<li>2 x swivelling deck mounts<\/li>\n<li>Bimini cover<\/li>\n<\/ul>","protected":false},"excerpt":{"rendered":"<p>Bimini top with 2 arches for covered area up to 1500 x 3100 mm. Max height of the bimini frame is 1700 mm (frame height is measured from the mounting point!). Length is fixed 1500 mm. The price reflects the bimini being self-measured and DIY fit. Measuring and installation services by Freyaframes are available. <a href=\"https:\/\/freyaframes.eu\/et\/inquiry\/\">Contact us<\/a>, if you need any help.<\/p>\n<p>See Masacril fabric datasheet and color options <a href=\"https:\/\/freyaframes.eu\/et\/masacril-sea-star\/\">here<\/a>.<\/p>","protected":false},"featured_media":5314,"template":"","meta":{"_acf_changed":false,"content-type":"","_monsterinsights_skip_tracking":false,"_monsterinsights_sitenote_active":false,"_monsterinsights_sitenote_note":"","_monsterinsights_sitenote_category":0},"product_brand":[],"product_cat":[320,319,318],"product_tag":[377,119,446],"class_list":{"0":"post-5312","1":"product","2":"type-product","3":"status-publish","4":"has-post-thumbnail","6":"product_cat-bimini-for-motorboat","7":"product_cat-bimini-for-sailboat","8":"product_cat-bimini","9":"product_tag-comfort","10":"product_tag-diy","11":"product_tag-masacril","12":"product_shipping_class-frames","13":"pa_brand-freyaframes","14":"pa_brand-masacril","16":"first","17":"build_to_order","18":"taxable","19":"shipping-taxable","20":"purchasable","21":"product-type-woosg"},"acf":[],"yoast_head":"<!-- This site is optimized with the Yoast SEO Premium plugin v27.3 (Yoast SEO v27.3) - https:\/\/yoast.com\/product\/yoast-seo-premium-wordpress\/ -->\n<title>Premium bimini, 2 arches - Freyaframes<\/title>\n<meta name=\"robots\" content=\"index, follow, max-snippet:-1, max-image-preview:large, max-video-preview:-1\" \/>\n<link rel=\"canonical\" href=\"https:\/\/freyaframes.eu\/et\/toode\/premium-bimini-2-arches\/\" \/>\n<meta property=\"og:locale\" content=\"et_EE\" \/>\n<meta property=\"og:type\" content=\"article\" \/>\n<meta property=\"og:title\" content=\"Premium bimini, 2 arches\" \/>\n<meta property=\"og:description\" content=\"Bimini top with 2 arches for covered area up to 1500 x 3100 mm. Max height of the bimini frame is 1700 mm (frame height is measured from the mounting point!). Length is fixed 1500 mm. The price reflects the bimini being self-measured and DIY fit. Measuring and installation services by Freyaframes are available. Contact us, if you need any help.  See Masacril fabric datasheet and color options here.\" \/>\n<meta property=\"og:url\" content=\"https:\/\/freyaframes.eu\/et\/toode\/premium-bimini-2-arches\/\" \/>\n<meta property=\"og:site_name\" content=\"Freyaframes\" \/>\n<meta property=\"article:publisher\" content=\"https:\/\/www.facebook.com\/freyaframes\" \/>\n<meta property=\"article:modified_time\" content=\"2024-09-01T14:49:49+00:00\" \/>\n<meta property=\"og:image\" content=\"https:\/\/freyaframes.eu\/wp-content\/uploads\/2024\/02\/IMG_2304.webp\" \/>\n\t<meta property=\"og:image:width\" content=\"1920\" \/>\n\t<meta property=\"og:image:height\" content=\"1341\" \/>\n\t<meta property=\"og:image:type\" content=\"image\/webp\" \/>\n<meta name=\"twitter:card\" content=\"summary_large_image\" \/>\n<script type=\"application\/ld+json\" class=\"yoast-schema-graph\">{\"@context\":\"https:\\\/\\\/schema.org\",\"@graph\":[{\"@type\":\"WebPage\",\"@id\":\"https:\\\/\\\/freyaframes.eu\\\/product\\\/premium-bimini-2-arches\\\/\",\"url\":\"https:\\\/\\\/freyaframes.eu\\\/product\\\/premium-bimini-2-arches\\\/\",\"name\":\"Premium bimini, 2 arches - Freyaframes\",\"isPartOf\":{\"@id\":\"https:\\\/\\\/freyaframes.eu\\\/#website\"},\"primaryImageOfPage\":{\"@id\":\"https:\\\/\\\/freyaframes.eu\\\/product\\\/premium-bimini-2-arches\\\/#primaryimage\"},\"image\":{\"@id\":\"https:\\\/\\\/freyaframes.eu\\\/product\\\/premium-bimini-2-arches\\\/#primaryimage\"},\"thumbnailUrl\":\"https:\\\/\\\/freyaframes.eu\\\/wp-content\\\/uploads\\\/2024\\\/02\\\/IMG_2304.webp\",\"datePublished\":\"2024-02-24T15:01:06+00:00\",\"dateModified\":\"2024-09-01T14:49:49+00:00\",\"breadcrumb\":{\"@id\":\"https:\\\/\\\/freyaframes.eu\\\/product\\\/premium-bimini-2-arches\\\/#breadcrumb\"},\"inLanguage\":\"et\",\"potentialAction\":[{\"@type\":\"ReadAction\",\"target\":[\"https:\\\/\\\/freyaframes.eu\\\/product\\\/premium-bimini-2-arches\\\/\"]}]},{\"@type\":\"ImageObject\",\"inLanguage\":\"et\",\"@id\":\"https:\\\/\\\/freyaframes.eu\\\/product\\\/premium-bimini-2-arches\\\/#primaryimage\",\"url\":\"https:\\\/\\\/freyaframes.eu\\\/wp-content\\\/uploads\\\/2024\\\/02\\\/IMG_2304.webp\",\"contentUrl\":\"https:\\\/\\\/freyaframes.eu\\\/wp-content\\\/uploads\\\/2024\\\/02\\\/IMG_2304.webp\",\"width\":1920,\"height\":1341},{\"@type\":\"BreadcrumbList\",\"@id\":\"https:\\\/\\\/freyaframes.eu\\\/product\\\/premium-bimini-2-arches\\\/#breadcrumb\",\"itemListElement\":[{\"@type\":\"ListItem\",\"position\":1,\"name\":\"Home\",\"item\":\"https:\\\/\\\/freyaframes.eu\\\/\"},{\"@type\":\"ListItem\",\"position\":2,\"name\":\"Custom Boat Frames &amp; Canvas | Freyaframes Shop\",\"item\":\"https:\\\/\\\/freyaframes.eu\\\/shop\\\/\"},{\"@type\":\"ListItem\",\"position\":3,\"name\":\"Premium bimini, 2 arches\"}]},{\"@type\":\"WebSite\",\"@id\":\"https:\\\/\\\/freyaframes.eu\\\/#website\",\"url\":\"https:\\\/\\\/freyaframes.eu\\\/\",\"name\":\"Freyaframes\",\"description\":\"Custom Sprayhoods &amp; Stainless Steel Frames | No Boat Visit Required\",\"publisher\":{\"@id\":\"https:\\\/\\\/freyaframes.eu\\\/#organization\"},\"alternateName\":\"Freya\",\"potentialAction\":[{\"@type\":\"SearchAction\",\"target\":{\"@type\":\"EntryPoint\",\"urlTemplate\":\"https:\\\/\\\/freyaframes.eu\\\/?s={search_term_string}\"},\"query-input\":{\"@type\":\"PropertyValueSpecification\",\"valueRequired\":true,\"valueName\":\"search_term_string\"}}],\"inLanguage\":\"et\"},{\"@type\":\"Organization\",\"@id\":\"https:\\\/\\\/freyaframes.eu\\\/#organization\",\"name\":\"freyaframes\",\"alternateName\":\"freyaframes.eu\",\"url\":\"https:\\\/\\\/freyaframes.eu\\\/\",\"logo\":{\"@type\":\"ImageObject\",\"inLanguage\":\"et\",\"@id\":\"https:\\\/\\\/freyaframes.eu\\\/#\\\/schema\\\/logo\\\/image\\\/\",\"url\":\"https:\\\/\\\/freyaframes.eu\\\/wp-content\\\/uploads\\\/2023\\\/02\\\/Freya-e1711470187319.webp\",\"contentUrl\":\"https:\\\/\\\/freyaframes.eu\\\/wp-content\\\/uploads\\\/2023\\\/02\\\/Freya-e1711470187319.webp\",\"width\":800,\"height\":355,\"caption\":\"freyaframes\"},\"image\":{\"@id\":\"https:\\\/\\\/freyaframes.eu\\\/#\\\/schema\\\/logo\\\/image\\\/\"},\"sameAs\":[\"https:\\\/\\\/www.facebook.com\\\/freyaframes\",\"https:\\\/\\\/www.instagram.com\\\/freyaframes\\\/\"],\"description\":\"Charter Sailing O\u00dc is making premium boat canvas & stainless steel frames. We sell our products under 2 brands - freyaframes.eu and sprayhoodz.eu.\",\"email\":\"we@freyaframes.eu\",\"telephone\":\"+37256800066\",\"legalName\":\"Charter Sailing O\u00dc\",\"foundingDate\":\"2021-01-19\",\"vatID\":\"EE102499645\",\"numberOfEmployees\":{\"@type\":\"QuantitativeValue\",\"minValue\":\"1\",\"maxValue\":\"10\"},\"publishingPrinciples\":\"https:\\\/\\\/freyaframes.eu\\\/blog\\\/\"}]}<\/script>\n<!-- \/ Yoast SEO Premium plugin. -->","yoast_head_json":{"title":"Premium bimini, 2 arches - Freyaframes","robots":{"index":"index","follow":"follow","max-snippet":"max-snippet:-1","max-image-preview":"max-image-preview:large","max-video-preview":"max-video-preview:-1"},"canonical":"https:\/\/freyaframes.eu\/et\/toode\/premium-bimini-2-arches\/","og_locale":"et_EE","og_type":"article","og_title":"Premium bimini, 2 arches","og_description":"Bimini top with 2 arches for covered area up to 1500 x 3100 mm. Max height of the bimini frame is 1700 mm (frame height is measured from the mounting point!). Length is fixed 1500 mm. The price reflects the bimini being self-measured and DIY fit. Measuring and installation services by Freyaframes are available. Contact us, if you need any help.  See Masacril fabric datasheet and color options here.","og_url":"https:\/\/freyaframes.eu\/et\/toode\/premium-bimini-2-arches\/","og_site_name":"Freyaframes","article_publisher":"https:\/\/www.facebook.com\/freyaframes","article_modified_time":"2024-09-01T14:49:49+00:00","og_image":[{"width":1920,"height":1341,"url":"https:\/\/freyaframes.eu\/wp-content\/uploads\/2024\/02\/IMG_2304.webp","type":"image\/webp"}],"twitter_card":"summary_large_image","schema":{"@context":"https:\/\/schema.org","@graph":[{"@type":"WebPage","@id":"https:\/\/freyaframes.eu\/product\/premium-bimini-2-arches\/","url":"https:\/\/freyaframes.eu\/product\/premium-bimini-2-arches\/","name":"Premium bimini, 2 arches - Freyaframes","isPartOf":{"@id":"https:\/\/freyaframes.eu\/#website"},"primaryImageOfPage":{"@id":"https:\/\/freyaframes.eu\/product\/premium-bimini-2-arches\/#primaryimage"},"image":{"@id":"https:\/\/freyaframes.eu\/product\/premium-bimini-2-arches\/#primaryimage"},"thumbnailUrl":"https:\/\/freyaframes.eu\/wp-content\/uploads\/2024\/02\/IMG_2304.webp","datePublished":"2024-02-24T15:01:06+00:00","dateModified":"2024-09-01T14:49:49+00:00","breadcrumb":{"@id":"https:\/\/freyaframes.eu\/product\/premium-bimini-2-arches\/#breadcrumb"},"inLanguage":"et","potentialAction":[{"@type":"ReadAction","target":["https:\/\/freyaframes.eu\/product\/premium-bimini-2-arches\/"]}]},{"@type":"ImageObject","inLanguage":"et","@id":"https:\/\/freyaframes.eu\/product\/premium-bimini-2-arches\/#primaryimage","url":"https:\/\/freyaframes.eu\/wp-content\/uploads\/2024\/02\/IMG_2304.webp","contentUrl":"https:\/\/freyaframes.eu\/wp-content\/uploads\/2024\/02\/IMG_2304.webp","width":1920,"height":1341},{"@type":"BreadcrumbList","@id":"https:\/\/freyaframes.eu\/product\/premium-bimini-2-arches\/#breadcrumb","itemListElement":[{"@type":"ListItem","position":1,"name":"Home","item":"https:\/\/freyaframes.eu\/"},{"@type":"ListItem","position":2,"name":"Custom Boat Frames &amp; Canvas | Freyaframes Shop","item":"https:\/\/freyaframes.eu\/shop\/"},{"@type":"ListItem","position":3,"name":"Premium bimini, 2 arches"}]},{"@type":"WebSite","@id":"https:\/\/freyaframes.eu\/#website","url":"https:\/\/freyaframes.eu\/","name":"Freyaframes","description":"Custom Sprayhoods &amp; Stainless Steel Frames | No Boat Visit Required","publisher":{"@id":"https:\/\/freyaframes.eu\/#organization"},"alternateName":"Freya","potentialAction":[{"@type":"SearchAction","target":{"@type":"EntryPoint","urlTemplate":"https:\/\/freyaframes.eu\/?s={search_term_string}"},"query-input":{"@type":"PropertyValueSpecification","valueRequired":true,"valueName":"search_term_string"}}],"inLanguage":"et"},{"@type":"Organization","@id":"https:\/\/freyaframes.eu\/#organization","name":"Freyaframes","alternateName":"freyaframes.eu","url":"https:\/\/freyaframes.eu\/","logo":{"@type":"ImageObject","inLanguage":"et","@id":"https:\/\/freyaframes.eu\/#\/schema\/logo\/image\/","url":"https:\/\/freyaframes.eu\/wp-content\/uploads\/2023\/02\/Freya-e1711470187319.webp","contentUrl":"https:\/\/freyaframes.eu\/wp-content\/uploads\/2023\/02\/Freya-e1711470187319.webp","width":800,"height":355,"caption":"freyaframes"},"image":{"@id":"https:\/\/freyaframes.eu\/#\/schema\/logo\/image\/"},"sameAs":["https:\/\/www.facebook.com\/freyaframes","https:\/\/www.instagram.com\/freyaframes\/"],"description":"Charter Sailing O\u00dc teeb premium paat kangas &amp; roostevabast terasest raamid. Me m\u00fc\u00fcme oma tooteid 2 kaubam\u00e4rgi all - freyaframes.eu ja sprayhoodz.eu.","email":"we@freyaframes.eu","telephone":"+37256800066","legalName":"Charter Sailing O\u00dc","foundingDate":"2021-01-19","vatID":"EE102499645","numberOfEmployees":{"@type":"QuantitativeValue","minValue":"1","maxValue":"10"},"publishingPrinciples":"https:\/\/freyaframes.eu\/blog\/"}]}},"jetpack_sharing_enabled":true,"_links":{"self":[{"href":"https:\/\/freyaframes.eu\/et\/wp-json\/wp\/v2\/product\/5312","targetHints":{"allow":["GET"]}}],"collection":[{"href":"https:\/\/freyaframes.eu\/et\/wp-json\/wp\/v2\/product"}],"about":[{"href":"https:\/\/freyaframes.eu\/et\/wp-json\/wp\/v2\/types\/product"}],"version-history":[{"count":0,"href":"https:\/\/freyaframes.eu\/et\/wp-json\/wp\/v2\/product\/5312\/revisions"}],"wp:featuredmedia":[{"embeddable":true,"href":"https:\/\/freyaframes.eu\/et\/wp-json\/wp\/v2\/media\/5314"}],"wp:attachment":[{"href":"https:\/\/freyaframes.eu\/et\/wp-json\/wp\/v2\/media?parent=5312"}],"wp:term":[{"taxonomy":"product_brand","embeddable":true,"href":"https:\/\/freyaframes.eu\/et\/wp-json\/wp\/v2\/product_brand?post=5312"},{"taxonomy":"product_cat","embeddable":true,"href":"https:\/\/freyaframes.eu\/et\/wp-json\/wp\/v2\/product_cat?post=5312"},{"taxonomy":"product_tag","embeddable":true,"href":"https:\/\/freyaframes.eu\/et\/wp-json\/wp\/v2\/product_tag?post=5312"}],"curies":[{"name":"wp","href":"https:\/\/api.w.org\/{rel}","templated":true}]}}