{"id":4415,"date":"2024-02-09T13:44:16","date_gmt":"2024-02-09T11:44:16","guid":{"rendered":"https:\/\/freyaframes.eu\/?post_type=product&#038;p=4415"},"modified":"2024-04-05T14:30:12","modified_gmt":"2024-04-05T12:30:12","slug":"sprayhood-canvas-only","status":"publish","type":"product","link":"https:\/\/freyaframes.eu\/et\/product\/sprayhood-canvas-only\/","title":{"rendered":"Ainult pihustuskattega l\u00f5uend"},"content":{"rendered":"<p>Sprayhood top on valmistatud <a href=\"https:\/\/freyaframes.eu\/et\/sunbrella-plus-canvas\/\">Sunbrella Plus<\/a> kangas, 100% akr\u00fc\u00fclv\u00e4rvitud mass.<\/p>\n<p>Freyaframes sprayhood kangas on esmaklassiline meres\u00f5iduki lisavarustus, mis on m\u00f5eldud mugavuse ja kaitse suurendamiseks teie paadi pardal. Original sprayhood top, mis on valmistatud hoolikalt ja kvaliteetsetest materjalidest, pakub erakordset vastupidavust ja toimivust erinevates ilmastikutingimustes.<\/p>\n<p>\u00dcks Freyaframesi pritsmevaiba silmapaistvaid omadusi on selle uuenduslik disain, mis pakub igak\u00fclgset kaitset ilmastikum\u00f5jude eest. Olenemata sellest, kas olete silmitsi tugeva tuule, vihma v\u00f5i intensiivse p\u00e4ikesekiirgusega, toimib see sprayhood-kate kilbina, hoides teid ja teie reisijaid mugavana ja kuivana. Pealagi on konstrueeritud nii, et see peab vastu merekeskkonna karmidele oludele, tagades pikaajalise toimivuse ja usaldusv\u00e4\u00e4rsuse.<\/p>\n<p>Mitmek\u00fclgsus on veel \u00fcks oluline aspekt pritsmevaiba l\u00f5uendil. See on kavandatud nii, et see sobib paljudele paadimudelitele ja -m\u00f5\u00f5tudele, mist\u00f5ttu on see paadiomanikele mitmek\u00fclgne valik. Olenemata sellest, kas teil on v\u00e4ike l\u00f5bus\u00f5idulaev v\u00f5i suurem jaht, v\u00f5ite usaldada, et Original sprayhood top pakub suurep\u00e4rast katet ja kaitset.<\/p>\n<p>Lisaks oma funktsionaalsele disainile on Freyaframe'i pritsmevaip ka elegantse ja stiilse esteetikaga. Selle puhtad jooned ja kaasaegne profiil lisavad igale paadile elegantsi, parandades selle \u00fcldist v\u00e4ljan\u00e4gemist. Olenemata sellest, kas te s\u00f5idate m\u00f6\u00f6da rannikut v\u00f5i osalete regatil, see sprayhood-kate p\u00f6\u00f6ritab kahtlemata pilke ja t\u00f5stab teie laeva v\u00e4limust.<\/p>\n<p>T\u00e4nu kasutajas\u00f5bralikule disainile on pritsmekatte paigaldamine ja hooldus h\u00f5lpsasti teostatav. Katuse saab h\u00f5lpsasti kinnitada teie paadi olemasoleva raamistiku k\u00fclge ja selle vastupidav konstruktsioon n\u00f5uab minimaalset hooldust. See v\u00f5imaldab teil veeta rohkem aega vees\u00f5idu nautimiseks ja v\u00e4hem aega hooldust\u00f6\u00f6de muretsemiseks.<\/p>\n<p>Kokkuv\u00f5ttes on Freyaframes sprayhood kangas tipptasemel meres\u00f5idutarvik, mis \u00fchendab endas stiili, funktsionaalsuse ja vastupidavuse. Olenemata sellest, kas olete kogenud meremees v\u00f5i n\u00e4dalavahetuse paadis\u00f5itja, investeerimine sellesse sprayhood-kattesse parandab kahtlemata teie veekogemust, pakkudes teile ja teie reisijatele v\u00f5rratut mugavust ja kaitset.<\/p>\n<p>Loe l\u00e4hemalt sprayhoodist:<\/p>\n<blockquote class=\"wp-embedded-content\" data-secret=\"rZ1Ei4Jm8e\"><p><a href=\"https:\/\/freyaframes.eu\/et\/set-sail-in-the-shade-crafting-your-own-sprayhood\/\">Set Sail in the Shade: Crafting Your Own Sprayhood: Crafting Your Own Sprayhood<\/a><\/p><\/blockquote>\n<p><iframe class=\"wp-embedded-content\" sandbox=\"allow-scripts\" security=\"restricted\" style=\"position: absolute; clip: rect(1px, 1px, 1px, 1px);\" title=\"\u201cSet Sail in the Shade: Crafting Your Own Sprayhood\u201d - freyaframes\" src=\"https:\/\/freyaframes.eu\/set-sail-in-the-shade-crafting-your-own-sprayhood\/embed\/#?secret=dtO8Kz7n8e#?secret=rZ1Ei4Jm8e\" data-secret=\"rZ1Ei4Jm8e\" width=\"600\" height=\"338\" frameborder=\"0\" marginwidth=\"0\" marginheight=\"0\" scrolling=\"no\"><\/iframe><\/p>\n<p>Freyaframes <a href=\"https:\/\/pin.it\/3VMy095ng\">Pinterest laud<\/a>.<\/p>\n<p>&nbsp;<\/p>","protected":false},"excerpt":{"rendered":"<p>Uue pihustuskapoti omamine pole kunagi varem olnud nii lihtne. Valige allpool oma toode ja lisage see ostukorvi. Uus sprayhood kangas sisaldab templatteenust (saadaval valitud jahisadamates Eestis). Paigaldamine Freya meeskonna poolt on vabatahtlik.<\/p>","protected":false},"featured_media":4412,"template":"","meta":{"_acf_changed":false,"content-type":"","_monsterinsights_skip_tracking":false,"_monsterinsights_sitenote_active":false,"_monsterinsights_sitenote_note":"","_monsterinsights_sitenote_category":0},"product_brand":[],"product_cat":[311,257],"product_tag":[45,185,224],"class_list":{"0":"post-4415","1":"product","2":"type-product","3":"status-publish","4":"has-post-thumbnail","6":"product_cat-sprayhood-canvas-only","7":"product_cat-sprayhood","8":"product_tag-sailingboat","9":"product_tag-sprayhood","10":"product_tag-sunbrella","11":"product_shipping_class-frames","12":"pa_brand-freyaframes","13":"pa_brand-masacril","14":"pa_brand-renolit","15":"pa_brand-sunbrella","17":"first","18":"build_to_order","19":"taxable","20":"shipping-taxable","21":"purchasable","22":"product-type-woosg"},"acf":[],"yoast_head":"<!-- This site is optimized with the Yoast SEO Premium plugin v27.3 (Yoast SEO v27.3) - https:\/\/yoast.com\/product\/yoast-seo-premium-wordpress\/ -->\n<title>Sprayhood canvas only<\/title>\n<meta name=\"description\" content=\"Having a new sprayhood has never been easier. Select your product below and add it to shopping cart. New sprayhood canvas includes templating service.\" \/>\n<meta name=\"robots\" content=\"index, follow, max-snippet:-1, max-image-preview:large, max-video-preview:-1\" \/>\n<link rel=\"canonical\" href=\"https:\/\/freyaframes.eu\/et\/toode\/sprayhood-canvas-only\/\" \/>\n<meta property=\"og:locale\" content=\"et_EE\" \/>\n<meta property=\"og:type\" content=\"article\" \/>\n<meta property=\"og:title\" content=\"Sprayhood canvas only\" \/>\n<meta property=\"og:description\" content=\"Having a new sprayhood has never been easier. Select your product below and add it to shopping cart. New sprayhood canvas includes templating service.\" \/>\n<meta property=\"og:url\" content=\"https:\/\/freyaframes.eu\/et\/toode\/sprayhood-canvas-only\/\" \/>\n<meta property=\"og:site_name\" content=\"Freyaframes\" \/>\n<meta property=\"article:publisher\" content=\"https:\/\/www.facebook.com\/freyaframes\" \/>\n<meta property=\"article:modified_time\" content=\"2024-04-05T12:30:12+00:00\" \/>\n<meta property=\"og:image\" content=\"https:\/\/freyaframes.eu\/wp-content\/uploads\/2024\/02\/IMG_2193.webp\" \/>\n\t<meta property=\"og:image:width\" content=\"1920\" \/>\n\t<meta property=\"og:image:height\" content=\"1341\" \/>\n\t<meta property=\"og:image:type\" content=\"image\/webp\" \/>\n<meta name=\"twitter:card\" content=\"summary_large_image\" \/>\n<script type=\"application\/ld+json\" class=\"yoast-schema-graph\">{\"@context\":\"https:\\\/\\\/schema.org\",\"@graph\":[{\"@type\":\"WebPage\",\"@id\":\"https:\\\/\\\/freyaframes.eu\\\/product\\\/sprayhood-canvas-only\\\/\",\"url\":\"https:\\\/\\\/freyaframes.eu\\\/product\\\/sprayhood-canvas-only\\\/\",\"name\":\"Sprayhood canvas only\",\"isPartOf\":{\"@id\":\"https:\\\/\\\/freyaframes.eu\\\/#website\"},\"primaryImageOfPage\":{\"@id\":\"https:\\\/\\\/freyaframes.eu\\\/product\\\/sprayhood-canvas-only\\\/#primaryimage\"},\"image\":{\"@id\":\"https:\\\/\\\/freyaframes.eu\\\/product\\\/sprayhood-canvas-only\\\/#primaryimage\"},\"thumbnailUrl\":\"https:\\\/\\\/freyaframes.eu\\\/wp-content\\\/uploads\\\/2024\\\/02\\\/IMG_2193.webp\",\"datePublished\":\"2024-02-09T11:44:16+00:00\",\"dateModified\":\"2024-04-05T12:30:12+00:00\",\"description\":\"Having a new sprayhood has never been easier. Select your product below and add it to shopping cart. New sprayhood canvas includes templating service.\",\"breadcrumb\":{\"@id\":\"https:\\\/\\\/freyaframes.eu\\\/product\\\/sprayhood-canvas-only\\\/#breadcrumb\"},\"inLanguage\":\"et\",\"potentialAction\":[{\"@type\":\"ReadAction\",\"target\":[\"https:\\\/\\\/freyaframes.eu\\\/product\\\/sprayhood-canvas-only\\\/\"]}]},{\"@type\":\"ImageObject\",\"inLanguage\":\"et\",\"@id\":\"https:\\\/\\\/freyaframes.eu\\\/product\\\/sprayhood-canvas-only\\\/#primaryimage\",\"url\":\"https:\\\/\\\/freyaframes.eu\\\/wp-content\\\/uploads\\\/2024\\\/02\\\/IMG_2193.webp\",\"contentUrl\":\"https:\\\/\\\/freyaframes.eu\\\/wp-content\\\/uploads\\\/2024\\\/02\\\/IMG_2193.webp\",\"width\":1920,\"height\":1341,\"caption\":\"Sprayhood canvas Taupe 3D\"},{\"@type\":\"BreadcrumbList\",\"@id\":\"https:\\\/\\\/freyaframes.eu\\\/product\\\/sprayhood-canvas-only\\\/#breadcrumb\",\"itemListElement\":[{\"@type\":\"ListItem\",\"position\":1,\"name\":\"Home\",\"item\":\"https:\\\/\\\/freyaframes.eu\\\/\"},{\"@type\":\"ListItem\",\"position\":2,\"name\":\"Custom Boat Frames &amp; Canvas | Freyaframes Shop\",\"item\":\"https:\\\/\\\/freyaframes.eu\\\/shop\\\/\"},{\"@type\":\"ListItem\",\"position\":3,\"name\":\"Sprayhood canvas only\"}]},{\"@type\":\"WebSite\",\"@id\":\"https:\\\/\\\/freyaframes.eu\\\/#website\",\"url\":\"https:\\\/\\\/freyaframes.eu\\\/\",\"name\":\"Freyaframes\",\"description\":\"Custom Sprayhoods &amp; Stainless Steel Frames | No Boat Visit Required\",\"publisher\":{\"@id\":\"https:\\\/\\\/freyaframes.eu\\\/#organization\"},\"alternateName\":\"Freya\",\"potentialAction\":[{\"@type\":\"SearchAction\",\"target\":{\"@type\":\"EntryPoint\",\"urlTemplate\":\"https:\\\/\\\/freyaframes.eu\\\/?s={search_term_string}\"},\"query-input\":{\"@type\":\"PropertyValueSpecification\",\"valueRequired\":true,\"valueName\":\"search_term_string\"}}],\"inLanguage\":\"et\"},{\"@type\":\"Organization\",\"@id\":\"https:\\\/\\\/freyaframes.eu\\\/#organization\",\"name\":\"freyaframes\",\"alternateName\":\"freyaframes.eu\",\"url\":\"https:\\\/\\\/freyaframes.eu\\\/\",\"logo\":{\"@type\":\"ImageObject\",\"inLanguage\":\"et\",\"@id\":\"https:\\\/\\\/freyaframes.eu\\\/#\\\/schema\\\/logo\\\/image\\\/\",\"url\":\"https:\\\/\\\/freyaframes.eu\\\/wp-content\\\/uploads\\\/2023\\\/02\\\/Freya-e1711470187319.webp\",\"contentUrl\":\"https:\\\/\\\/freyaframes.eu\\\/wp-content\\\/uploads\\\/2023\\\/02\\\/Freya-e1711470187319.webp\",\"width\":800,\"height\":355,\"caption\":\"freyaframes\"},\"image\":{\"@id\":\"https:\\\/\\\/freyaframes.eu\\\/#\\\/schema\\\/logo\\\/image\\\/\"},\"sameAs\":[\"https:\\\/\\\/www.facebook.com\\\/freyaframes\",\"https:\\\/\\\/www.instagram.com\\\/freyaframes\\\/\"],\"description\":\"Charter Sailing O\u00dc is making premium boat canvas & stainless steel frames. We sell our products under 2 brands - freyaframes.eu and sprayhoodz.eu.\",\"email\":\"we@freyaframes.eu\",\"telephone\":\"+37256800066\",\"legalName\":\"Charter Sailing O\u00dc\",\"foundingDate\":\"2021-01-19\",\"vatID\":\"EE102499645\",\"numberOfEmployees\":{\"@type\":\"QuantitativeValue\",\"minValue\":\"1\",\"maxValue\":\"10\"},\"publishingPrinciples\":\"https:\\\/\\\/freyaframes.eu\\\/blog\\\/\"}]}<\/script>\n<!-- \/ Yoast SEO Premium plugin. -->","yoast_head_json":{"title":"Ainult pihustuskattega l\u00f5uend","description":"Uue pihustuskapoti omamine pole kunagi varem olnud nii lihtne. Valige allpool oma toode ja lisage see ostukorvi. Uue pritsmevahendi l\u00f5uend sisaldab templimisteenust.","robots":{"index":"index","follow":"follow","max-snippet":"max-snippet:-1","max-image-preview":"max-image-preview:large","max-video-preview":"max-video-preview:-1"},"canonical":"https:\/\/freyaframes.eu\/et\/toode\/sprayhood-canvas-only\/","og_locale":"et_EE","og_type":"article","og_title":"Sprayhood canvas only","og_description":"Having a new sprayhood has never been easier. Select your product below and add it to shopping cart. New sprayhood canvas includes templating service.","og_url":"https:\/\/freyaframes.eu\/et\/toode\/sprayhood-canvas-only\/","og_site_name":"Freyaframes","article_publisher":"https:\/\/www.facebook.com\/freyaframes","article_modified_time":"2024-04-05T12:30:12+00:00","og_image":[{"width":1920,"height":1341,"url":"https:\/\/freyaframes.eu\/wp-content\/uploads\/2024\/02\/IMG_2193.webp","type":"image\/webp"}],"twitter_card":"summary_large_image","schema":{"@context":"https:\/\/schema.org","@graph":[{"@type":"WebPage","@id":"https:\/\/freyaframes.eu\/product\/sprayhood-canvas-only\/","url":"https:\/\/freyaframes.eu\/product\/sprayhood-canvas-only\/","name":"Ainult pihustuskattega l\u00f5uend","isPartOf":{"@id":"https:\/\/freyaframes.eu\/#website"},"primaryImageOfPage":{"@id":"https:\/\/freyaframes.eu\/product\/sprayhood-canvas-only\/#primaryimage"},"image":{"@id":"https:\/\/freyaframes.eu\/product\/sprayhood-canvas-only\/#primaryimage"},"thumbnailUrl":"https:\/\/freyaframes.eu\/wp-content\/uploads\/2024\/02\/IMG_2193.webp","datePublished":"2024-02-09T11:44:16+00:00","dateModified":"2024-04-05T12:30:12+00:00","description":"Uue pihustuskapoti omamine pole kunagi varem olnud nii lihtne. Valige allpool oma toode ja lisage see ostukorvi. Uue pritsmevahendi l\u00f5uend sisaldab templimisteenust.","breadcrumb":{"@id":"https:\/\/freyaframes.eu\/product\/sprayhood-canvas-only\/#breadcrumb"},"inLanguage":"et","potentialAction":[{"@type":"ReadAction","target":["https:\/\/freyaframes.eu\/product\/sprayhood-canvas-only\/"]}]},{"@type":"ImageObject","inLanguage":"et","@id":"https:\/\/freyaframes.eu\/product\/sprayhood-canvas-only\/#primaryimage","url":"https:\/\/freyaframes.eu\/wp-content\/uploads\/2024\/02\/IMG_2193.webp","contentUrl":"https:\/\/freyaframes.eu\/wp-content\/uploads\/2024\/02\/IMG_2193.webp","width":1920,"height":1341,"caption":"Sprayhood canvas Taupe 3D"},{"@type":"BreadcrumbList","@id":"https:\/\/freyaframes.eu\/product\/sprayhood-canvas-only\/#breadcrumb","itemListElement":[{"@type":"ListItem","position":1,"name":"Home","item":"https:\/\/freyaframes.eu\/"},{"@type":"ListItem","position":2,"name":"Custom Boat Frames &amp; Canvas | Freyaframes Shop","item":"https:\/\/freyaframes.eu\/shop\/"},{"@type":"ListItem","position":3,"name":"Sprayhood canvas only"}]},{"@type":"WebSite","@id":"https:\/\/freyaframes.eu\/#website","url":"https:\/\/freyaframes.eu\/","name":"Freyaframes","description":"Custom Sprayhoods &amp; Stainless Steel Frames | No Boat Visit Required","publisher":{"@id":"https:\/\/freyaframes.eu\/#organization"},"alternateName":"Freya","potentialAction":[{"@type":"SearchAction","target":{"@type":"EntryPoint","urlTemplate":"https:\/\/freyaframes.eu\/?s={search_term_string}"},"query-input":{"@type":"PropertyValueSpecification","valueRequired":true,"valueName":"search_term_string"}}],"inLanguage":"et"},{"@type":"Organization","@id":"https:\/\/freyaframes.eu\/#organization","name":"Freyaframes","alternateName":"freyaframes.eu","url":"https:\/\/freyaframes.eu\/","logo":{"@type":"ImageObject","inLanguage":"et","@id":"https:\/\/freyaframes.eu\/#\/schema\/logo\/image\/","url":"https:\/\/freyaframes.eu\/wp-content\/uploads\/2023\/02\/Freya-e1711470187319.webp","contentUrl":"https:\/\/freyaframes.eu\/wp-content\/uploads\/2023\/02\/Freya-e1711470187319.webp","width":800,"height":355,"caption":"freyaframes"},"image":{"@id":"https:\/\/freyaframes.eu\/#\/schema\/logo\/image\/"},"sameAs":["https:\/\/www.facebook.com\/freyaframes","https:\/\/www.instagram.com\/freyaframes\/"],"description":"Charter Sailing O\u00dc teeb premium paat kangas &amp; roostevabast terasest raamid. Me m\u00fc\u00fcme oma tooteid 2 kaubam\u00e4rgi all - freyaframes.eu ja sprayhoodz.eu.","email":"we@freyaframes.eu","telephone":"+37256800066","legalName":"Charter Sailing O\u00dc","foundingDate":"2021-01-19","vatID":"EE102499645","numberOfEmployees":{"@type":"QuantitativeValue","minValue":"1","maxValue":"10"},"publishingPrinciples":"https:\/\/freyaframes.eu\/blog\/"}]}},"jetpack_sharing_enabled":true,"_links":{"self":[{"href":"https:\/\/freyaframes.eu\/et\/wp-json\/wp\/v2\/product\/4415","targetHints":{"allow":["GET"]}}],"collection":[{"href":"https:\/\/freyaframes.eu\/et\/wp-json\/wp\/v2\/product"}],"about":[{"href":"https:\/\/freyaframes.eu\/et\/wp-json\/wp\/v2\/types\/product"}],"version-history":[{"count":0,"href":"https:\/\/freyaframes.eu\/et\/wp-json\/wp\/v2\/product\/4415\/revisions"}],"wp:featuredmedia":[{"embeddable":true,"href":"https:\/\/freyaframes.eu\/et\/wp-json\/wp\/v2\/media\/4412"}],"wp:attachment":[{"href":"https:\/\/freyaframes.eu\/et\/wp-json\/wp\/v2\/media?parent=4415"}],"wp:term":[{"taxonomy":"product_brand","embeddable":true,"href":"https:\/\/freyaframes.eu\/et\/wp-json\/wp\/v2\/product_brand?post=4415"},{"taxonomy":"product_cat","embeddable":true,"href":"https:\/\/freyaframes.eu\/et\/wp-json\/wp\/v2\/product_cat?post=4415"},{"taxonomy":"product_tag","embeddable":true,"href":"https:\/\/freyaframes.eu\/et\/wp-json\/wp\/v2\/product_tag?post=4415"}],"curies":[{"name":"wp","href":"https:\/\/api.w.org\/{rel}","templated":true}]}}