{"id":2836,"date":"2023-11-06T17:16:48","date_gmt":"2023-11-06T15:16:48","guid":{"rendered":"https:\/\/freyaframes.eu\/?post_type=product&#038;p=2836"},"modified":"2025-04-26T09:48:50","modified_gmt":"2025-04-26T07:48:50","slug":"lower-part-glue-on","status":"publish","type":"product","link":"https:\/\/freyaframes.eu\/et\/product\/lower-part-glue-on\/","title":{"rendered":"Lower part, glue on"},"content":{"rendered":"<p>The LOXX\u00ae bottom part for sticking on smooth and even surfaces. Installation is easy &#8211; clean the surface, pull the protective film from the VHB adhesive tape, position and hold the bottom part and apply some pressure. No tools, no gaps, no holes! Price includes the bottom part only.<\/p>\n<p>Please note that higher loads and temperatures may cause displacement.<\/p>","protected":false},"excerpt":{"rendered":"<p>The LOXX\u00ae bottom part for sticking on smooth and even surfaces. Installation is easy &#8211; clean the surface, pull the protective film from the VHB adhesive tape, position and hold the bottom part and apply some pressure. No tools, no gaps, no holes! Price includes the bottom part only. Please note that higher loads and [&hellip;]<\/p>\n","protected":false},"featured_media":2837,"template":"","meta":{"_acf_changed":false,"content-type":"","_monsterinsights_skip_tracking":false,"_monsterinsights_sitenote_active":false,"_monsterinsights_sitenote_note":"","_monsterinsights_sitenote_category":0},"product_brand":[],"product_cat":[151],"product_tag":[],"class_list":{"0":"post-2836","1":"product","2":"type-product","3":"status-publish","4":"has-post-thumbnail","6":"product_cat-loxx","7":"product_shipping_class-eu-premium-0-2-kg","9":"first","10":"instock","11":"taxable","12":"shipping-taxable","13":"purchasable","14":"product-type-variable","15":"wvs-archive-product-wrapper"},"acf":[],"yoast_head":"<!-- This site is optimized with the Yoast SEO Premium plugin v27.3 (Yoast SEO v27.3) - https:\/\/yoast.com\/product\/yoast-seo-premium-wordpress\/ -->\n<title>Lower part, glue on - Freyaframes<\/title>\n<meta name=\"robots\" content=\"index, follow, max-snippet:-1, max-image-preview:large, max-video-preview:-1\" \/>\n<link rel=\"canonical\" href=\"https:\/\/freyaframes.eu\/et\/toode\/lower-part-glue-on\/\" \/>\n<meta property=\"og:locale\" content=\"et_EE\" \/>\n<meta property=\"og:type\" content=\"article\" \/>\n<meta property=\"og:title\" content=\"Lower part, glue on\" \/>\n<meta property=\"og:description\" content=\"The LOXX\u00ae bottom part for sticking on smooth and even surfaces. Installation is easy &#8211; clean the surface, pull the protective film from the VHB adhesive tape, position and hold the bottom part and apply some pressure. No tools, no gaps, no holes! Price includes the bottom part only. Please note that higher loads and [&hellip;]\" \/>\n<meta property=\"og:url\" content=\"https:\/\/freyaframes.eu\/et\/toode\/lower-part-glue-on\/\" \/>\n<meta property=\"og:site_name\" content=\"Freyaframes\" \/>\n<meta property=\"article:publisher\" content=\"https:\/\/www.facebook.com\/freyaframes\" \/>\n<meta property=\"article:modified_time\" content=\"2025-04-26T07:48:50+00:00\" \/>\n<meta property=\"og:image\" content=\"https:\/\/freyaframes.eu\/wp-content\/uploads\/2023\/11\/tx309.webp\" \/>\n\t<meta property=\"og:image:width\" content=\"450\" \/>\n\t<meta property=\"og:image:height\" content=\"450\" \/>\n\t<meta property=\"og:image:type\" content=\"image\/webp\" \/>\n<meta name=\"twitter:card\" content=\"summary_large_image\" \/>\n<script type=\"application\/ld+json\" class=\"yoast-schema-graph\">{\"@context\":\"https:\\\/\\\/schema.org\",\"@graph\":[{\"@type\":\"WebPage\",\"@id\":\"https:\\\/\\\/freyaframes.eu\\\/product\\\/lower-part-glue-on\\\/\",\"url\":\"https:\\\/\\\/freyaframes.eu\\\/product\\\/lower-part-glue-on\\\/\",\"name\":\"Lower part, glue on - Freyaframes\",\"isPartOf\":{\"@id\":\"https:\\\/\\\/freyaframes.eu\\\/#website\"},\"primaryImageOfPage\":{\"@id\":\"https:\\\/\\\/freyaframes.eu\\\/product\\\/lower-part-glue-on\\\/#primaryimage\"},\"image\":{\"@id\":\"https:\\\/\\\/freyaframes.eu\\\/product\\\/lower-part-glue-on\\\/#primaryimage\"},\"thumbnailUrl\":\"https:\\\/\\\/freyaframes.eu\\\/wp-content\\\/uploads\\\/2023\\\/11\\\/tx309.webp\",\"datePublished\":\"2023-11-06T15:16:48+00:00\",\"dateModified\":\"2025-04-26T07:48:50+00:00\",\"breadcrumb\":{\"@id\":\"https:\\\/\\\/freyaframes.eu\\\/product\\\/lower-part-glue-on\\\/#breadcrumb\"},\"inLanguage\":\"et\",\"potentialAction\":[{\"@type\":\"ReadAction\",\"target\":[\"https:\\\/\\\/freyaframes.eu\\\/product\\\/lower-part-glue-on\\\/\"]}]},{\"@type\":\"ImageObject\",\"inLanguage\":\"et\",\"@id\":\"https:\\\/\\\/freyaframes.eu\\\/product\\\/lower-part-glue-on\\\/#primaryimage\",\"url\":\"https:\\\/\\\/freyaframes.eu\\\/wp-content\\\/uploads\\\/2023\\\/11\\\/tx309.webp\",\"contentUrl\":\"https:\\\/\\\/freyaframes.eu\\\/wp-content\\\/uploads\\\/2023\\\/11\\\/tx309.webp\",\"width\":450,\"height\":450},{\"@type\":\"BreadcrumbList\",\"@id\":\"https:\\\/\\\/freyaframes.eu\\\/product\\\/lower-part-glue-on\\\/#breadcrumb\",\"itemListElement\":[{\"@type\":\"ListItem\",\"position\":1,\"name\":\"Home\",\"item\":\"https:\\\/\\\/freyaframes.eu\\\/\"},{\"@type\":\"ListItem\",\"position\":2,\"name\":\"Custom Boat Frames &amp; Canvas | Freyaframes Shop\",\"item\":\"https:\\\/\\\/freyaframes.eu\\\/shop\\\/\"},{\"@type\":\"ListItem\",\"position\":3,\"name\":\"Lower part, glue on\"}]},{\"@type\":\"WebSite\",\"@id\":\"https:\\\/\\\/freyaframes.eu\\\/#website\",\"url\":\"https:\\\/\\\/freyaframes.eu\\\/\",\"name\":\"Freyaframes\",\"description\":\"Custom Sprayhoods &amp; Stainless Steel Frames | No Boat Visit Required\",\"publisher\":{\"@id\":\"https:\\\/\\\/freyaframes.eu\\\/#organization\"},\"alternateName\":\"Freya\",\"potentialAction\":[{\"@type\":\"SearchAction\",\"target\":{\"@type\":\"EntryPoint\",\"urlTemplate\":\"https:\\\/\\\/freyaframes.eu\\\/?s={search_term_string}\"},\"query-input\":{\"@type\":\"PropertyValueSpecification\",\"valueRequired\":true,\"valueName\":\"search_term_string\"}}],\"inLanguage\":\"et\"},{\"@type\":\"Organization\",\"@id\":\"https:\\\/\\\/freyaframes.eu\\\/#organization\",\"name\":\"freyaframes\",\"alternateName\":\"freyaframes.eu\",\"url\":\"https:\\\/\\\/freyaframes.eu\\\/\",\"logo\":{\"@type\":\"ImageObject\",\"inLanguage\":\"et\",\"@id\":\"https:\\\/\\\/freyaframes.eu\\\/#\\\/schema\\\/logo\\\/image\\\/\",\"url\":\"https:\\\/\\\/freyaframes.eu\\\/wp-content\\\/uploads\\\/2023\\\/02\\\/Freya-e1711470187319.webp\",\"contentUrl\":\"https:\\\/\\\/freyaframes.eu\\\/wp-content\\\/uploads\\\/2023\\\/02\\\/Freya-e1711470187319.webp\",\"width\":800,\"height\":355,\"caption\":\"freyaframes\"},\"image\":{\"@id\":\"https:\\\/\\\/freyaframes.eu\\\/#\\\/schema\\\/logo\\\/image\\\/\"},\"sameAs\":[\"https:\\\/\\\/www.facebook.com\\\/freyaframes\",\"https:\\\/\\\/www.instagram.com\\\/freyaframes\\\/\"],\"description\":\"Charter Sailing O\u00dc is making premium boat canvas & stainless steel frames. We sell our products under 2 brands - freyaframes.eu and sprayhoodz.eu.\",\"email\":\"we@freyaframes.eu\",\"telephone\":\"+37256800066\",\"legalName\":\"Charter Sailing O\u00dc\",\"foundingDate\":\"2021-01-19\",\"vatID\":\"EE102499645\",\"numberOfEmployees\":{\"@type\":\"QuantitativeValue\",\"minValue\":\"1\",\"maxValue\":\"10\"},\"publishingPrinciples\":\"https:\\\/\\\/freyaframes.eu\\\/blog\\\/\"}]}<\/script>\n<!-- \/ Yoast SEO Premium plugin. -->","yoast_head_json":{"title":"Lower part, glue on - Freyaframes","robots":{"index":"index","follow":"follow","max-snippet":"max-snippet:-1","max-image-preview":"max-image-preview:large","max-video-preview":"max-video-preview:-1"},"canonical":"https:\/\/freyaframes.eu\/et\/toode\/lower-part-glue-on\/","og_locale":"et_EE","og_type":"article","og_title":"Lower part, glue on","og_description":"The LOXX\u00ae bottom part for sticking on smooth and even surfaces. Installation is easy &#8211; clean the surface, pull the protective film from the VHB adhesive tape, position and hold the bottom part and apply some pressure. No tools, no gaps, no holes! Price includes the bottom part only. Please note that higher loads and [&hellip;]","og_url":"https:\/\/freyaframes.eu\/et\/toode\/lower-part-glue-on\/","og_site_name":"Freyaframes","article_publisher":"https:\/\/www.facebook.com\/freyaframes","article_modified_time":"2025-04-26T07:48:50+00:00","og_image":[{"width":450,"height":450,"url":"https:\/\/freyaframes.eu\/wp-content\/uploads\/2023\/11\/tx309.webp","type":"image\/webp"}],"twitter_card":"summary_large_image","schema":{"@context":"https:\/\/schema.org","@graph":[{"@type":"WebPage","@id":"https:\/\/freyaframes.eu\/product\/lower-part-glue-on\/","url":"https:\/\/freyaframes.eu\/product\/lower-part-glue-on\/","name":"Lower part, glue on - Freyaframes","isPartOf":{"@id":"https:\/\/freyaframes.eu\/#website"},"primaryImageOfPage":{"@id":"https:\/\/freyaframes.eu\/product\/lower-part-glue-on\/#primaryimage"},"image":{"@id":"https:\/\/freyaframes.eu\/product\/lower-part-glue-on\/#primaryimage"},"thumbnailUrl":"https:\/\/freyaframes.eu\/wp-content\/uploads\/2023\/11\/tx309.webp","datePublished":"2023-11-06T15:16:48+00:00","dateModified":"2025-04-26T07:48:50+00:00","breadcrumb":{"@id":"https:\/\/freyaframes.eu\/product\/lower-part-glue-on\/#breadcrumb"},"inLanguage":"et","potentialAction":[{"@type":"ReadAction","target":["https:\/\/freyaframes.eu\/product\/lower-part-glue-on\/"]}]},{"@type":"ImageObject","inLanguage":"et","@id":"https:\/\/freyaframes.eu\/product\/lower-part-glue-on\/#primaryimage","url":"https:\/\/freyaframes.eu\/wp-content\/uploads\/2023\/11\/tx309.webp","contentUrl":"https:\/\/freyaframes.eu\/wp-content\/uploads\/2023\/11\/tx309.webp","width":450,"height":450},{"@type":"BreadcrumbList","@id":"https:\/\/freyaframes.eu\/product\/lower-part-glue-on\/#breadcrumb","itemListElement":[{"@type":"ListItem","position":1,"name":"Home","item":"https:\/\/freyaframes.eu\/"},{"@type":"ListItem","position":2,"name":"Custom Boat Frames &amp; Canvas | Freyaframes Shop","item":"https:\/\/freyaframes.eu\/shop\/"},{"@type":"ListItem","position":3,"name":"Lower part, glue on"}]},{"@type":"WebSite","@id":"https:\/\/freyaframes.eu\/#website","url":"https:\/\/freyaframes.eu\/","name":"Freyaframes","description":"Custom Sprayhoods &amp; Stainless Steel Frames | No Boat Visit Required","publisher":{"@id":"https:\/\/freyaframes.eu\/#organization"},"alternateName":"Freya","potentialAction":[{"@type":"SearchAction","target":{"@type":"EntryPoint","urlTemplate":"https:\/\/freyaframes.eu\/?s={search_term_string}"},"query-input":{"@type":"PropertyValueSpecification","valueRequired":true,"valueName":"search_term_string"}}],"inLanguage":"et"},{"@type":"Organization","@id":"https:\/\/freyaframes.eu\/#organization","name":"Freyaframes","alternateName":"freyaframes.eu","url":"https:\/\/freyaframes.eu\/","logo":{"@type":"ImageObject","inLanguage":"et","@id":"https:\/\/freyaframes.eu\/#\/schema\/logo\/image\/","url":"https:\/\/freyaframes.eu\/wp-content\/uploads\/2023\/02\/Freya-e1711470187319.webp","contentUrl":"https:\/\/freyaframes.eu\/wp-content\/uploads\/2023\/02\/Freya-e1711470187319.webp","width":800,"height":355,"caption":"freyaframes"},"image":{"@id":"https:\/\/freyaframes.eu\/#\/schema\/logo\/image\/"},"sameAs":["https:\/\/www.facebook.com\/freyaframes","https:\/\/www.instagram.com\/freyaframes\/"],"description":"Charter Sailing O\u00dc teeb premium paat kangas &amp; roostevabast terasest raamid. Me m\u00fc\u00fcme oma tooteid 2 kaubam\u00e4rgi all - freyaframes.eu ja sprayhoodz.eu.","email":"we@freyaframes.eu","telephone":"+37256800066","legalName":"Charter Sailing O\u00dc","foundingDate":"2021-01-19","vatID":"EE102499645","numberOfEmployees":{"@type":"QuantitativeValue","minValue":"1","maxValue":"10"},"publishingPrinciples":"https:\/\/freyaframes.eu\/blog\/"}]}},"jetpack_sharing_enabled":true,"_links":{"self":[{"href":"https:\/\/freyaframes.eu\/et\/wp-json\/wp\/v2\/product\/2836","targetHints":{"allow":["GET"]}}],"collection":[{"href":"https:\/\/freyaframes.eu\/et\/wp-json\/wp\/v2\/product"}],"about":[{"href":"https:\/\/freyaframes.eu\/et\/wp-json\/wp\/v2\/types\/product"}],"version-history":[{"count":0,"href":"https:\/\/freyaframes.eu\/et\/wp-json\/wp\/v2\/product\/2836\/revisions"}],"wp:featuredmedia":[{"embeddable":true,"href":"https:\/\/freyaframes.eu\/et\/wp-json\/wp\/v2\/media\/2837"}],"wp:attachment":[{"href":"https:\/\/freyaframes.eu\/et\/wp-json\/wp\/v2\/media?parent=2836"}],"wp:term":[{"taxonomy":"product_brand","embeddable":true,"href":"https:\/\/freyaframes.eu\/et\/wp-json\/wp\/v2\/product_brand?post=2836"},{"taxonomy":"product_cat","embeddable":true,"href":"https:\/\/freyaframes.eu\/et\/wp-json\/wp\/v2\/product_cat?post=2836"},{"taxonomy":"product_tag","embeddable":true,"href":"https:\/\/freyaframes.eu\/et\/wp-json\/wp\/v2\/product_tag?post=2836"}],"curies":[{"name":"wp","href":"https:\/\/api.w.org\/{rel}","templated":true}]}}