{"id":2349,"date":"2023-10-31T17:11:01","date_gmt":"2023-10-31T15:11:01","guid":{"rendered":"https:\/\/freyaframes.eu\/product\/tube-socket-square-base-60\/"},"modified":"2025-04-26T09:37:39","modified_gmt":"2025-04-26T07:37:39","slug":"tube-socket-square-base-60","status":"publish","type":"product","link":"https:\/\/freyaframes.eu\/et\/product\/tube-socket-square-base-60\/","title":{"rendered":"Tube socket square base 60*"},"content":{"rendered":"<table class=\"table table-bordered table-lindemann\" style=\"height: 136px;\" width=\"924\">\n<tbody>\n<tr>\n<td class=\"cell_header\" style=\"text-align: left;\" colspan=\"1\" width=\"17%\"><b>SKU<\/b><\/td>\n<td class=\"cell_header\" style=\"text-align: left;\" colspan=\"1\"><b>for tube \u00d8<br \/>\nmm<\/b><\/td>\n<td class=\"cell_header\" style=\"text-align: left;\" colspan=\"1\"><b>\u00a0<\/b><\/td>\n<td class=\"cell_header\" style=\"text-align: left;\" colspan=\"1\"><b>angle<\/b><\/td>\n<td class=\"cell_header\" style=\"text-align: left;\" colspan=\"1\"><b>La<br \/>\nmm<\/b><\/td>\n<td class=\"cell_header\" style=\"text-align: left;\" colspan=\"1\"><b>LL<br \/>\nmm<\/b><\/td>\n<td class=\"cell_header\" style=\"text-align: left;\" colspan=\"1\"><b>Ba<br \/>\nmm<\/b><\/td>\n<td class=\"cell_header\" style=\"text-align: left;\" colspan=\"1\"><b>BL<br \/>\nmm<\/b><\/td>\n<td class=\"cell_header\" style=\"text-align: left;\" colspan=\"1\"><b>tube mounting<\/b><\/td>\n<\/tr>\n<tr>\n<td class=\"cell_bold containsartno\" colspan=\"1\" align=\"left\">\n<div id=\"EK97038\"><span class=\"badge badge-success\" title=\"on stock\">\u00a0<\/span>EK97038<\/div>\n<\/td>\n<td class=\"cell\" colspan=\"1\" align=\"left\">22<\/td>\n<td class=\"cell\" colspan=\"1\" align=\"left\">metric<\/td>\n<td class=\"cell\" colspan=\"1\" align=\"left\">60\u00b0<\/td>\n<td class=\"cell\" colspan=\"1\" align=\"left\">78<\/td>\n<td class=\"cell\" colspan=\"1\" align=\"left\">61<\/td>\n<td class=\"cell\" colspan=\"1\" align=\"left\">44<\/td>\n<td class=\"cell\" colspan=\"1\" align=\"left\">26<\/td>\n<td class=\"cell\" colspan=\"1\" align=\"left\">screw on<\/td>\n<\/tr>\n<tr>\n<td class=\"cell_bold containsartno\" style=\"text-align: left;\" colspan=\"1\" align=\"left\">\n<div id=\"EK97039\"><span class=\"badge badge-success\" title=\"on stock\">\u00a0<\/span>EK97039<\/div>\n<\/td>\n<td class=\"cell\" style=\"text-align: left;\" colspan=\"1\" align=\"left\">25<\/td>\n<td class=\"cell\" style=\"text-align: left;\" colspan=\"1\" align=\"left\">metric<\/td>\n<td class=\"cell\" style=\"text-align: left;\" colspan=\"1\" align=\"left\">60\u00b0<\/td>\n<td class=\"cell\" style=\"text-align: left;\" colspan=\"1\" align=\"left\">83<\/td>\n<td class=\"cell\" style=\"text-align: left;\" colspan=\"1\" align=\"left\">66<\/td>\n<td class=\"cell\" style=\"text-align: left;\" colspan=\"1\" align=\"left\">48<\/td>\n<td class=\"cell\" style=\"text-align: left;\" colspan=\"1\" align=\"left\">29<\/td>\n<td class=\"cell\" style=\"text-align: left;\" colspan=\"1\" align=\"left\">screw on<\/td>\n<\/tr>\n<\/tbody>\n<\/table>","protected":false},"excerpt":{"rendered":"<p>SKU for tube \u00d8 mm \u00a0 angle La mm LL mm Ba mm BL mm tube mounting \u00a0EK97038 22 metric 60\u00b0 78 61 44 26 screw on \u00a0EK97039 25 metric 60\u00b0 83 66 48 29 screw on<\/p>","protected":false},"featured_media":2381,"template":"","meta":{"_acf_changed":false,"content-type":"","_monsterinsights_skip_tracking":false,"_monsterinsights_sitenote_active":false,"_monsterinsights_sitenote_note":"","_monsterinsights_sitenote_category":0},"product_brand":[],"product_cat":[133,135],"product_tag":[316,435,315],"class_list":{"0":"post-2349","1":"product","2":"type-product","3":"status-publish","4":"has-post-thumbnail","6":"product_cat-deck-fittings","7":"product_cat-endcaps","8":"product_tag-aisi316","9":"product_tag-original","10":"product_tag-stainless-steel","11":"product_shipping_class-eu-premium-0-2-kg","12":"pa_tube-size-22mm","13":"pa_tube-size-25mm","15":"first","16":"outofstock","17":"taxable","18":"shipping-taxable","19":"purchasable","20":"product-type-variable","21":"has-default-attributes","22":"wvs-archive-product-wrapper"},"acf":[],"yoast_head":"<!-- This site is optimized with the Yoast SEO Premium plugin v27.3 (Yoast SEO v27.3) - https:\/\/yoast.com\/product\/yoast-seo-premium-wordpress\/ -->\n<title>Tube socket square base 60* - Freyaframes<\/title>\n<meta name=\"robots\" content=\"index, follow, max-snippet:-1, max-image-preview:large, max-video-preview:-1\" \/>\n<link rel=\"canonical\" href=\"https:\/\/freyaframes.eu\/et\/toode\/tube-socket-square-base-60\/\" \/>\n<meta property=\"og:locale\" content=\"et_EE\" \/>\n<meta property=\"og:type\" content=\"article\" \/>\n<meta property=\"og:title\" content=\"Tube socket square base 60*\" \/>\n<meta property=\"og:description\" content=\"SKU for tube \u00d8 mm \u00a0 angle La mm LL mm Ba mm BL mm tube mounting \u00a0EK97038 22 metric 60\u00b0 78 61 44 26 screw on \u00a0EK97039 25 metric 60\u00b0 83 66 48 29 screw on\" \/>\n<meta property=\"og:url\" content=\"https:\/\/freyaframes.eu\/et\/toode\/tube-socket-square-base-60\/\" \/>\n<meta property=\"og:site_name\" content=\"Freyaframes\" \/>\n<meta property=\"article:publisher\" content=\"https:\/\/www.facebook.com\/freyaframes\" \/>\n<meta property=\"article:modified_time\" content=\"2025-04-26T07:37:39+00:00\" \/>\n<meta property=\"og:image\" content=\"https:\/\/freyaframes.eu\/wp-content\/uploads\/2023\/10\/ek87038.webp\" \/>\n\t<meta property=\"og:image:width\" content=\"450\" \/>\n\t<meta property=\"og:image:height\" content=\"450\" \/>\n\t<meta property=\"og:image:type\" content=\"image\/webp\" \/>\n<meta name=\"twitter:card\" content=\"summary_large_image\" \/>\n<script type=\"application\/ld+json\" class=\"yoast-schema-graph\">{\"@context\":\"https:\\\/\\\/schema.org\",\"@graph\":[{\"@type\":\"WebPage\",\"@id\":\"https:\\\/\\\/freyaframes.eu\\\/product\\\/tube-socket-square-base-60\\\/\",\"url\":\"https:\\\/\\\/freyaframes.eu\\\/product\\\/tube-socket-square-base-60\\\/\",\"name\":\"Tube socket square base 60* - Freyaframes\",\"isPartOf\":{\"@id\":\"https:\\\/\\\/freyaframes.eu\\\/#website\"},\"primaryImageOfPage\":{\"@id\":\"https:\\\/\\\/freyaframes.eu\\\/product\\\/tube-socket-square-base-60\\\/#primaryimage\"},\"image\":{\"@id\":\"https:\\\/\\\/freyaframes.eu\\\/product\\\/tube-socket-square-base-60\\\/#primaryimage\"},\"thumbnailUrl\":\"https:\\\/\\\/freyaframes.eu\\\/wp-content\\\/uploads\\\/2023\\\/10\\\/ek87038.webp\",\"datePublished\":\"2023-10-31T15:11:01+00:00\",\"dateModified\":\"2025-04-26T07:37:39+00:00\",\"breadcrumb\":{\"@id\":\"https:\\\/\\\/freyaframes.eu\\\/product\\\/tube-socket-square-base-60\\\/#breadcrumb\"},\"inLanguage\":\"et\",\"potentialAction\":[{\"@type\":\"ReadAction\",\"target\":[\"https:\\\/\\\/freyaframes.eu\\\/product\\\/tube-socket-square-base-60\\\/\"]}]},{\"@type\":\"ImageObject\",\"inLanguage\":\"et\",\"@id\":\"https:\\\/\\\/freyaframes.eu\\\/product\\\/tube-socket-square-base-60\\\/#primaryimage\",\"url\":\"https:\\\/\\\/freyaframes.eu\\\/wp-content\\\/uploads\\\/2023\\\/10\\\/ek87038.webp\",\"contentUrl\":\"https:\\\/\\\/freyaframes.eu\\\/wp-content\\\/uploads\\\/2023\\\/10\\\/ek87038.webp\",\"width\":450,\"height\":450},{\"@type\":\"BreadcrumbList\",\"@id\":\"https:\\\/\\\/freyaframes.eu\\\/product\\\/tube-socket-square-base-60\\\/#breadcrumb\",\"itemListElement\":[{\"@type\":\"ListItem\",\"position\":1,\"name\":\"Home\",\"item\":\"https:\\\/\\\/freyaframes.eu\\\/\"},{\"@type\":\"ListItem\",\"position\":2,\"name\":\"Custom Boat Frames &amp; Canvas | Freyaframes Shop\",\"item\":\"https:\\\/\\\/freyaframes.eu\\\/shop\\\/\"},{\"@type\":\"ListItem\",\"position\":3,\"name\":\"Tube socket square base 60*\"}]},{\"@type\":\"WebSite\",\"@id\":\"https:\\\/\\\/freyaframes.eu\\\/#website\",\"url\":\"https:\\\/\\\/freyaframes.eu\\\/\",\"name\":\"Freyaframes\",\"description\":\"Custom Sprayhoods &amp; Stainless Steel Frames | No Boat Visit Required\",\"publisher\":{\"@id\":\"https:\\\/\\\/freyaframes.eu\\\/#organization\"},\"alternateName\":\"Freya\",\"potentialAction\":[{\"@type\":\"SearchAction\",\"target\":{\"@type\":\"EntryPoint\",\"urlTemplate\":\"https:\\\/\\\/freyaframes.eu\\\/?s={search_term_string}\"},\"query-input\":{\"@type\":\"PropertyValueSpecification\",\"valueRequired\":true,\"valueName\":\"search_term_string\"}}],\"inLanguage\":\"et\"},{\"@type\":\"Organization\",\"@id\":\"https:\\\/\\\/freyaframes.eu\\\/#organization\",\"name\":\"freyaframes\",\"alternateName\":\"freyaframes.eu\",\"url\":\"https:\\\/\\\/freyaframes.eu\\\/\",\"logo\":{\"@type\":\"ImageObject\",\"inLanguage\":\"et\",\"@id\":\"https:\\\/\\\/freyaframes.eu\\\/#\\\/schema\\\/logo\\\/image\\\/\",\"url\":\"https:\\\/\\\/freyaframes.eu\\\/wp-content\\\/uploads\\\/2023\\\/02\\\/Freya-e1711470187319.webp\",\"contentUrl\":\"https:\\\/\\\/freyaframes.eu\\\/wp-content\\\/uploads\\\/2023\\\/02\\\/Freya-e1711470187319.webp\",\"width\":800,\"height\":355,\"caption\":\"freyaframes\"},\"image\":{\"@id\":\"https:\\\/\\\/freyaframes.eu\\\/#\\\/schema\\\/logo\\\/image\\\/\"},\"sameAs\":[\"https:\\\/\\\/www.facebook.com\\\/freyaframes\",\"https:\\\/\\\/www.instagram.com\\\/freyaframes\\\/\"],\"description\":\"Charter Sailing O\u00dc is making premium boat canvas & stainless steel frames. We sell our products under 2 brands - freyaframes.eu and sprayhoodz.eu.\",\"email\":\"we@freyaframes.eu\",\"telephone\":\"+37256800066\",\"legalName\":\"Charter Sailing O\u00dc\",\"foundingDate\":\"2021-01-19\",\"vatID\":\"EE102499645\",\"numberOfEmployees\":{\"@type\":\"QuantitativeValue\",\"minValue\":\"1\",\"maxValue\":\"10\"},\"publishingPrinciples\":\"https:\\\/\\\/freyaframes.eu\\\/blog\\\/\"}]}<\/script>\n<!-- \/ Yoast SEO Premium plugin. -->","yoast_head_json":{"title":"Tube socket square base 60* - Freyaframes","robots":{"index":"index","follow":"follow","max-snippet":"max-snippet:-1","max-image-preview":"max-image-preview:large","max-video-preview":"max-video-preview:-1"},"canonical":"https:\/\/freyaframes.eu\/et\/toode\/tube-socket-square-base-60\/","og_locale":"et_EE","og_type":"article","og_title":"Tube socket square base 60*","og_description":"SKU for tube \u00d8 mm \u00a0 angle La mm LL mm Ba mm BL mm tube mounting \u00a0EK97038 22 metric 60\u00b0 78 61 44 26 screw on \u00a0EK97039 25 metric 60\u00b0 83 66 48 29 screw on","og_url":"https:\/\/freyaframes.eu\/et\/toode\/tube-socket-square-base-60\/","og_site_name":"Freyaframes","article_publisher":"https:\/\/www.facebook.com\/freyaframes","article_modified_time":"2025-04-26T07:37:39+00:00","og_image":[{"width":450,"height":450,"url":"https:\/\/freyaframes.eu\/wp-content\/uploads\/2023\/10\/ek87038.webp","type":"image\/webp"}],"twitter_card":"summary_large_image","schema":{"@context":"https:\/\/schema.org","@graph":[{"@type":"WebPage","@id":"https:\/\/freyaframes.eu\/product\/tube-socket-square-base-60\/","url":"https:\/\/freyaframes.eu\/product\/tube-socket-square-base-60\/","name":"Tube socket square base 60* - Freyaframes","isPartOf":{"@id":"https:\/\/freyaframes.eu\/#website"},"primaryImageOfPage":{"@id":"https:\/\/freyaframes.eu\/product\/tube-socket-square-base-60\/#primaryimage"},"image":{"@id":"https:\/\/freyaframes.eu\/product\/tube-socket-square-base-60\/#primaryimage"},"thumbnailUrl":"https:\/\/freyaframes.eu\/wp-content\/uploads\/2023\/10\/ek87038.webp","datePublished":"2023-10-31T15:11:01+00:00","dateModified":"2025-04-26T07:37:39+00:00","breadcrumb":{"@id":"https:\/\/freyaframes.eu\/product\/tube-socket-square-base-60\/#breadcrumb"},"inLanguage":"et","potentialAction":[{"@type":"ReadAction","target":["https:\/\/freyaframes.eu\/product\/tube-socket-square-base-60\/"]}]},{"@type":"ImageObject","inLanguage":"et","@id":"https:\/\/freyaframes.eu\/product\/tube-socket-square-base-60\/#primaryimage","url":"https:\/\/freyaframes.eu\/wp-content\/uploads\/2023\/10\/ek87038.webp","contentUrl":"https:\/\/freyaframes.eu\/wp-content\/uploads\/2023\/10\/ek87038.webp","width":450,"height":450},{"@type":"BreadcrumbList","@id":"https:\/\/freyaframes.eu\/product\/tube-socket-square-base-60\/#breadcrumb","itemListElement":[{"@type":"ListItem","position":1,"name":"Home","item":"https:\/\/freyaframes.eu\/"},{"@type":"ListItem","position":2,"name":"Custom Boat Frames &amp; Canvas | Freyaframes Shop","item":"https:\/\/freyaframes.eu\/shop\/"},{"@type":"ListItem","position":3,"name":"Tube socket square base 60*"}]},{"@type":"WebSite","@id":"https:\/\/freyaframes.eu\/#website","url":"https:\/\/freyaframes.eu\/","name":"Freyaframes","description":"Custom Sprayhoods &amp; Stainless Steel Frames | No Boat Visit Required","publisher":{"@id":"https:\/\/freyaframes.eu\/#organization"},"alternateName":"Freya","potentialAction":[{"@type":"SearchAction","target":{"@type":"EntryPoint","urlTemplate":"https:\/\/freyaframes.eu\/?s={search_term_string}"},"query-input":{"@type":"PropertyValueSpecification","valueRequired":true,"valueName":"search_term_string"}}],"inLanguage":"et"},{"@type":"Organization","@id":"https:\/\/freyaframes.eu\/#organization","name":"Freyaframes","alternateName":"freyaframes.eu","url":"https:\/\/freyaframes.eu\/","logo":{"@type":"ImageObject","inLanguage":"et","@id":"https:\/\/freyaframes.eu\/#\/schema\/logo\/image\/","url":"https:\/\/freyaframes.eu\/wp-content\/uploads\/2023\/02\/Freya-e1711470187319.webp","contentUrl":"https:\/\/freyaframes.eu\/wp-content\/uploads\/2023\/02\/Freya-e1711470187319.webp","width":800,"height":355,"caption":"freyaframes"},"image":{"@id":"https:\/\/freyaframes.eu\/#\/schema\/logo\/image\/"},"sameAs":["https:\/\/www.facebook.com\/freyaframes","https:\/\/www.instagram.com\/freyaframes\/"],"description":"Charter Sailing O\u00dc teeb premium paat kangas &amp; roostevabast terasest raamid. Me m\u00fc\u00fcme oma tooteid 2 kaubam\u00e4rgi all - freyaframes.eu ja sprayhoodz.eu.","email":"we@freyaframes.eu","telephone":"+37256800066","legalName":"Charter Sailing O\u00dc","foundingDate":"2021-01-19","vatID":"EE102499645","numberOfEmployees":{"@type":"QuantitativeValue","minValue":"1","maxValue":"10"},"publishingPrinciples":"https:\/\/freyaframes.eu\/blog\/"}]}},"jetpack_sharing_enabled":true,"_links":{"self":[{"href":"https:\/\/freyaframes.eu\/et\/wp-json\/wp\/v2\/product\/2349","targetHints":{"allow":["GET"]}}],"collection":[{"href":"https:\/\/freyaframes.eu\/et\/wp-json\/wp\/v2\/product"}],"about":[{"href":"https:\/\/freyaframes.eu\/et\/wp-json\/wp\/v2\/types\/product"}],"version-history":[{"count":0,"href":"https:\/\/freyaframes.eu\/et\/wp-json\/wp\/v2\/product\/2349\/revisions"}],"wp:featuredmedia":[{"embeddable":true,"href":"https:\/\/freyaframes.eu\/et\/wp-json\/wp\/v2\/media\/2381"}],"wp:attachment":[{"href":"https:\/\/freyaframes.eu\/et\/wp-json\/wp\/v2\/media?parent=2349"}],"wp:term":[{"taxonomy":"product_brand","embeddable":true,"href":"https:\/\/freyaframes.eu\/et\/wp-json\/wp\/v2\/product_brand?post=2349"},{"taxonomy":"product_cat","embeddable":true,"href":"https:\/\/freyaframes.eu\/et\/wp-json\/wp\/v2\/product_cat?post=2349"},{"taxonomy":"product_tag","embeddable":true,"href":"https:\/\/freyaframes.eu\/et\/wp-json\/wp\/v2\/product_tag?post=2349"}],"curies":[{"name":"wp","href":"https:\/\/api.w.org\/{rel}","templated":true}]}}