{"id":1403,"date":"2023-04-01T14:29:25","date_gmt":"2023-04-01T12:29:25","guid":{"rendered":"https:\/\/freyaframes.eu\/product\/product-8\/"},"modified":"2024-04-01T11:14:00","modified_gmt":"2024-04-01T09:14:00","slug":"product-8","status":"publish","type":"product","link":"https:\/\/freyaframes.eu\/et\/product\/product-8\/","title":{"rendered":"K\u00fclgmine libistatav k\u00fclgkinnitus"},"content":{"rendered":"<p>Stand-off type side mounts increase dramatically the possibilities for updating and adding attachments to dodgers, biminis, davits and rails. A slide mount with an extensive range of uses, including:<\/p>\n<ul>\n<li>Adding tensioning and support struts<\/li>\n<li>Adding spreader bars<\/li>\n<li>Attaching solar panels on your bimini top \u2013 this hardware is great for DIY solar additions<\/li>\n<li>Attaching antennae, awnings and foldaways for cutting boards and electronics pads<\/li>\n<li>Adding grab rails on dodgers, stanchions<\/li>\n<li>Fixing binnacle or aft rail lines<\/li>\n<\/ul>\n<p>Crafted from 316 marine grade stainless steel. Sliding side mounts are available for use with 22 mm, 25 mm and 30\/32 mm tubing.<\/p>","protected":false},"excerpt":{"rendered":"<p>Want something sleeker? Try Gemini Marine sliding side mounts. Sliding side mounts are great for new builds or removable installations.<\/p>","protected":false},"featured_media":1445,"template":"","meta":{"_acf_changed":false,"content-type":"","_monsterinsights_skip_tracking":false,"_monsterinsights_sitenote_active":false,"_monsterinsights_sitenote_note":"","_monsterinsights_sitenote_category":0},"product_brand":[],"product_cat":[134],"product_tag":[316,128,315],"class_list":{"0":"post-1403","1":"product","2":"type-product","3":"status-publish","4":"has-post-thumbnail","6":"product_cat-joint-fittings","7":"product_tag-aisi316","8":"product_tag-folding","9":"product_tag-stainless-steel","10":"pa_brand-gemini-marine","11":"pa_tube-size-22mm","12":"pa_tube-size-25mm","13":"pa_tube-size-32-mm","15":"first","16":"instock","17":"taxable","18":"shipping-taxable","19":"purchasable","20":"product-type-variable","21":"has-default-attributes","22":"wvs-archive-product-wrapper"},"acf":[],"yoast_head":"<!-- This site is optimized with the Yoast SEO Premium plugin v27.3 (Yoast SEO v27.3) - https:\/\/yoast.com\/product\/yoast-seo-premium-wordpress\/ -->\n<title>Sliding Side Mount - Freyaframes<\/title>\n<meta name=\"robots\" content=\"index, follow, max-snippet:-1, max-image-preview:large, max-video-preview:-1\" \/>\n<link rel=\"canonical\" href=\"https:\/\/freyaframes.eu\/et\/toode\/product-8\/\" \/>\n<meta property=\"og:locale\" content=\"et_EE\" \/>\n<meta property=\"og:type\" content=\"article\" \/>\n<meta property=\"og:title\" content=\"Sliding Side Mount\" \/>\n<meta property=\"og:description\" content=\"Want something sleeker? Try Gemini Marine sliding side mounts. Sliding side mounts are great for new builds or removable installations.\" \/>\n<meta property=\"og:url\" content=\"https:\/\/freyaframes.eu\/et\/toode\/product-8\/\" \/>\n<meta property=\"og:site_name\" content=\"Freyaframes\" \/>\n<meta property=\"article:publisher\" content=\"https:\/\/www.facebook.com\/freyaframes\" \/>\n<meta property=\"article:modified_time\" content=\"2024-04-01T09:14:00+00:00\" \/>\n<meta property=\"og:image\" content=\"https:\/\/freyaframes.eu\/wp-content\/uploads\/2023\/04\/Sliding700x550-e1682929743777.png\" \/>\n\t<meta property=\"og:image:width\" content=\"700\" \/>\n\t<meta property=\"og:image:height\" content=\"550\" \/>\n\t<meta property=\"og:image:type\" content=\"image\/png\" \/>\n<meta name=\"twitter:card\" content=\"summary_large_image\" \/>\n<script type=\"application\/ld+json\" class=\"yoast-schema-graph\">{\"@context\":\"https:\\\/\\\/schema.org\",\"@graph\":[{\"@type\":\"WebPage\",\"@id\":\"https:\\\/\\\/freyaframes.eu\\\/product\\\/product-8\\\/\",\"url\":\"https:\\\/\\\/freyaframes.eu\\\/product\\\/product-8\\\/\",\"name\":\"Sliding Side Mount - Freyaframes\",\"isPartOf\":{\"@id\":\"https:\\\/\\\/freyaframes.eu\\\/#website\"},\"primaryImageOfPage\":{\"@id\":\"https:\\\/\\\/freyaframes.eu\\\/product\\\/product-8\\\/#primaryimage\"},\"image\":{\"@id\":\"https:\\\/\\\/freyaframes.eu\\\/product\\\/product-8\\\/#primaryimage\"},\"thumbnailUrl\":\"https:\\\/\\\/freyaframes.eu\\\/wp-content\\\/uploads\\\/2023\\\/04\\\/Sliding700x550-e1682929743777.webp\",\"datePublished\":\"2023-04-01T12:29:25+00:00\",\"dateModified\":\"2024-04-01T09:14:00+00:00\",\"breadcrumb\":{\"@id\":\"https:\\\/\\\/freyaframes.eu\\\/product\\\/product-8\\\/#breadcrumb\"},\"inLanguage\":\"et\",\"potentialAction\":[{\"@type\":\"ReadAction\",\"target\":[\"https:\\\/\\\/freyaframes.eu\\\/product\\\/product-8\\\/\"]}]},{\"@type\":\"ImageObject\",\"inLanguage\":\"et\",\"@id\":\"https:\\\/\\\/freyaframes.eu\\\/product\\\/product-8\\\/#primaryimage\",\"url\":\"https:\\\/\\\/freyaframes.eu\\\/wp-content\\\/uploads\\\/2023\\\/04\\\/Sliding700x550-e1682929743777.webp\",\"contentUrl\":\"https:\\\/\\\/freyaframes.eu\\\/wp-content\\\/uploads\\\/2023\\\/04\\\/Sliding700x550-e1682929743777.webp\",\"width\":700,\"height\":550},{\"@type\":\"BreadcrumbList\",\"@id\":\"https:\\\/\\\/freyaframes.eu\\\/product\\\/product-8\\\/#breadcrumb\",\"itemListElement\":[{\"@type\":\"ListItem\",\"position\":1,\"name\":\"Home\",\"item\":\"https:\\\/\\\/freyaframes.eu\\\/\"},{\"@type\":\"ListItem\",\"position\":2,\"name\":\"Custom Boat Frames &amp; Canvas | Freyaframes Shop\",\"item\":\"https:\\\/\\\/freyaframes.eu\\\/shop\\\/\"},{\"@type\":\"ListItem\",\"position\":3,\"name\":\"Sliding Side Mount\"}]},{\"@type\":\"WebSite\",\"@id\":\"https:\\\/\\\/freyaframes.eu\\\/#website\",\"url\":\"https:\\\/\\\/freyaframes.eu\\\/\",\"name\":\"Freyaframes\",\"description\":\"Custom Sprayhoods &amp; Stainless Steel Frames | No Boat Visit Required\",\"publisher\":{\"@id\":\"https:\\\/\\\/freyaframes.eu\\\/#organization\"},\"alternateName\":\"Freya\",\"potentialAction\":[{\"@type\":\"SearchAction\",\"target\":{\"@type\":\"EntryPoint\",\"urlTemplate\":\"https:\\\/\\\/freyaframes.eu\\\/?s={search_term_string}\"},\"query-input\":{\"@type\":\"PropertyValueSpecification\",\"valueRequired\":true,\"valueName\":\"search_term_string\"}}],\"inLanguage\":\"et\"},{\"@type\":\"Organization\",\"@id\":\"https:\\\/\\\/freyaframes.eu\\\/#organization\",\"name\":\"freyaframes\",\"alternateName\":\"freyaframes.eu\",\"url\":\"https:\\\/\\\/freyaframes.eu\\\/\",\"logo\":{\"@type\":\"ImageObject\",\"inLanguage\":\"et\",\"@id\":\"https:\\\/\\\/freyaframes.eu\\\/#\\\/schema\\\/logo\\\/image\\\/\",\"url\":\"https:\\\/\\\/freyaframes.eu\\\/wp-content\\\/uploads\\\/2023\\\/02\\\/Freya-e1711470187319.webp\",\"contentUrl\":\"https:\\\/\\\/freyaframes.eu\\\/wp-content\\\/uploads\\\/2023\\\/02\\\/Freya-e1711470187319.webp\",\"width\":800,\"height\":355,\"caption\":\"freyaframes\"},\"image\":{\"@id\":\"https:\\\/\\\/freyaframes.eu\\\/#\\\/schema\\\/logo\\\/image\\\/\"},\"sameAs\":[\"https:\\\/\\\/www.facebook.com\\\/freyaframes\",\"https:\\\/\\\/www.instagram.com\\\/freyaframes\\\/\"],\"description\":\"Charter Sailing O\u00dc is making premium boat canvas & stainless steel frames. We sell our products under 2 brands - freyaframes.eu and sprayhoodz.eu.\",\"email\":\"we@freyaframes.eu\",\"telephone\":\"+37256800066\",\"legalName\":\"Charter Sailing O\u00dc\",\"foundingDate\":\"2021-01-19\",\"vatID\":\"EE102499645\",\"numberOfEmployees\":{\"@type\":\"QuantitativeValue\",\"minValue\":\"1\",\"maxValue\":\"10\"},\"publishingPrinciples\":\"https:\\\/\\\/freyaframes.eu\\\/blog\\\/\"}]}<\/script>\n<!-- \/ Yoast SEO Premium plugin. -->","yoast_head_json":{"title":"Sliding Side Mount - Freyaframes","robots":{"index":"index","follow":"follow","max-snippet":"max-snippet:-1","max-image-preview":"max-image-preview:large","max-video-preview":"max-video-preview:-1"},"canonical":"https:\/\/freyaframes.eu\/et\/toode\/product-8\/","og_locale":"et_EE","og_type":"article","og_title":"Sliding Side Mount","og_description":"Want something sleeker? Try Gemini Marine sliding side mounts. Sliding side mounts are great for new builds or removable installations.","og_url":"https:\/\/freyaframes.eu\/et\/toode\/product-8\/","og_site_name":"Freyaframes","article_publisher":"https:\/\/www.facebook.com\/freyaframes","article_modified_time":"2024-04-01T09:14:00+00:00","og_image":[{"width":700,"height":550,"url":"https:\/\/freyaframes.eu\/wp-content\/uploads\/2023\/04\/Sliding700x550-e1682929743777.png","type":"image\/png"}],"twitter_card":"summary_large_image","schema":{"@context":"https:\/\/schema.org","@graph":[{"@type":"WebPage","@id":"https:\/\/freyaframes.eu\/product\/product-8\/","url":"https:\/\/freyaframes.eu\/product\/product-8\/","name":"Sliding Side Mount - Freyaframes","isPartOf":{"@id":"https:\/\/freyaframes.eu\/#website"},"primaryImageOfPage":{"@id":"https:\/\/freyaframes.eu\/product\/product-8\/#primaryimage"},"image":{"@id":"https:\/\/freyaframes.eu\/product\/product-8\/#primaryimage"},"thumbnailUrl":"https:\/\/freyaframes.eu\/wp-content\/uploads\/2023\/04\/Sliding700x550-e1682929743777.webp","datePublished":"2023-04-01T12:29:25+00:00","dateModified":"2024-04-01T09:14:00+00:00","breadcrumb":{"@id":"https:\/\/freyaframes.eu\/product\/product-8\/#breadcrumb"},"inLanguage":"et","potentialAction":[{"@type":"ReadAction","target":["https:\/\/freyaframes.eu\/product\/product-8\/"]}]},{"@type":"ImageObject","inLanguage":"et","@id":"https:\/\/freyaframes.eu\/product\/product-8\/#primaryimage","url":"https:\/\/freyaframes.eu\/wp-content\/uploads\/2023\/04\/Sliding700x550-e1682929743777.webp","contentUrl":"https:\/\/freyaframes.eu\/wp-content\/uploads\/2023\/04\/Sliding700x550-e1682929743777.webp","width":700,"height":550},{"@type":"BreadcrumbList","@id":"https:\/\/freyaframes.eu\/product\/product-8\/#breadcrumb","itemListElement":[{"@type":"ListItem","position":1,"name":"Home","item":"https:\/\/freyaframes.eu\/"},{"@type":"ListItem","position":2,"name":"Custom Boat Frames &amp; Canvas | Freyaframes Shop","item":"https:\/\/freyaframes.eu\/shop\/"},{"@type":"ListItem","position":3,"name":"Sliding Side Mount"}]},{"@type":"WebSite","@id":"https:\/\/freyaframes.eu\/#website","url":"https:\/\/freyaframes.eu\/","name":"Freyaframes","description":"Custom Sprayhoods &amp; Stainless Steel Frames | No Boat Visit Required","publisher":{"@id":"https:\/\/freyaframes.eu\/#organization"},"alternateName":"Freya","potentialAction":[{"@type":"SearchAction","target":{"@type":"EntryPoint","urlTemplate":"https:\/\/freyaframes.eu\/?s={search_term_string}"},"query-input":{"@type":"PropertyValueSpecification","valueRequired":true,"valueName":"search_term_string"}}],"inLanguage":"et"},{"@type":"Organization","@id":"https:\/\/freyaframes.eu\/#organization","name":"Freyaframes","alternateName":"freyaframes.eu","url":"https:\/\/freyaframes.eu\/","logo":{"@type":"ImageObject","inLanguage":"et","@id":"https:\/\/freyaframes.eu\/#\/schema\/logo\/image\/","url":"https:\/\/freyaframes.eu\/wp-content\/uploads\/2023\/02\/Freya-e1711470187319.webp","contentUrl":"https:\/\/freyaframes.eu\/wp-content\/uploads\/2023\/02\/Freya-e1711470187319.webp","width":800,"height":355,"caption":"freyaframes"},"image":{"@id":"https:\/\/freyaframes.eu\/#\/schema\/logo\/image\/"},"sameAs":["https:\/\/www.facebook.com\/freyaframes","https:\/\/www.instagram.com\/freyaframes\/"],"description":"Charter Sailing O\u00dc teeb premium paat kangas &amp; roostevabast terasest raamid. Me m\u00fc\u00fcme oma tooteid 2 kaubam\u00e4rgi all - freyaframes.eu ja sprayhoodz.eu.","email":"we@freyaframes.eu","telephone":"+37256800066","legalName":"Charter Sailing O\u00dc","foundingDate":"2021-01-19","vatID":"EE102499645","numberOfEmployees":{"@type":"QuantitativeValue","minValue":"1","maxValue":"10"},"publishingPrinciples":"https:\/\/freyaframes.eu\/blog\/"}]}},"jetpack_sharing_enabled":true,"_links":{"self":[{"href":"https:\/\/freyaframes.eu\/et\/wp-json\/wp\/v2\/product\/1403","targetHints":{"allow":["GET"]}}],"collection":[{"href":"https:\/\/freyaframes.eu\/et\/wp-json\/wp\/v2\/product"}],"about":[{"href":"https:\/\/freyaframes.eu\/et\/wp-json\/wp\/v2\/types\/product"}],"version-history":[{"count":0,"href":"https:\/\/freyaframes.eu\/et\/wp-json\/wp\/v2\/product\/1403\/revisions"}],"wp:featuredmedia":[{"embeddable":true,"href":"https:\/\/freyaframes.eu\/et\/wp-json\/wp\/v2\/media\/1445"}],"wp:attachment":[{"href":"https:\/\/freyaframes.eu\/et\/wp-json\/wp\/v2\/media?parent=1403"}],"wp:term":[{"taxonomy":"product_brand","embeddable":true,"href":"https:\/\/freyaframes.eu\/et\/wp-json\/wp\/v2\/product_brand?post=1403"},{"taxonomy":"product_cat","embeddable":true,"href":"https:\/\/freyaframes.eu\/et\/wp-json\/wp\/v2\/product_cat?post=1403"},{"taxonomy":"product_tag","embeddable":true,"href":"https:\/\/freyaframes.eu\/et\/wp-json\/wp\/v2\/product_tag?post=1403"}],"curies":[{"name":"wp","href":"https:\/\/api.w.org\/{rel}","templated":true}]}}