{"id":815,"date":"2023-03-08T14:06:53","date_gmt":"2023-03-08T12:06:53","guid":{"rendered":"https:\/\/freyaframes.eu\/?page_id=815"},"modified":"2026-03-31T08:18:02","modified_gmt":"2026-03-31T06:18:02","slug":"contacts","status":"publish","type":"page","link":"https:\/\/freyaframes.eu\/et\/freya-frames-landing\/contacts\/","title":{"rendered":"Freya Frames contacts"},"content":{"rendered":"<div data-elementor-type=\"wp-page\" data-elementor-id=\"815\" class=\"elementor elementor-815\" data-elementor-post-type=\"page\">\n\t\t\t\t<div class=\"elementor-element elementor-element-1e29b23 e-flex e-con-boxed e-con e-parent\" data-id=\"1e29b23\" data-element_type=\"container\" data-e-type=\"container\" data-settings=\"{&quot;background_background&quot;:&quot;classic&quot;}\">\n\t\t\t\t\t<div class=\"e-con-inner\">\n\t\t<div class=\"elementor-element elementor-element-86cc005 e-con-full e-flex e-con e-child\" data-id=\"86cc005\" data-element_type=\"container\" data-e-type=\"container\">\n\t\t\t\t<div class=\"elementor-element elementor-element-9ed6749 elementor-widget elementor-widget-text-editor\" data-id=\"9ed6749\" data-element_type=\"widget\" data-e-type=\"widget\" data-widget_type=\"text-editor.default\">\n\t\t\t\t\t\t\t\t\t<p><span style=\"color: var( --e-global-color-541ded6 ); text-align: var(--text-align); background-color: var( --e-global-color-primary ); letter-spacing: var( --e-global-typography-778098a-letter-spacing );\">L\u00fchidalt \u2013 valmistame k\u00f5iki paadikatteid. Freya Frames valmistab k\u00e4sit\u00f6\u00f6na lahendusi purje- ning mootorpaatidele, sealhulgas sprayhoodid, biminid, talve- ja transpordikatted ja palju muud. Telli otse veebipoest v\u00f5i k\u00fcsi personaalne pakkumine!<\/span><\/p><p><span style=\"color: var( --e-global-color-541ded6 ); text-align: var(--text-align); background-color: var( --e-global-color-primary ); letter-spacing: var( --e-global-typography-778098a-letter-spacing );\">2025 aastal tarnisime oma tooteid 18 euroopa riiki. Eesti paadiomanike jaoks oleme olemas \u00fcle Eesti. \u00dcksk\u00f5ik millises sadamas v\u00f5i talvehoius sinu alus on - meie t\u00f6\u00f6tame kliendi juures.<\/span><\/p><p><span style=\"color: var( --e-global-color-541ded6 ); text-align: var(--text-align); background-color: var( --e-global-color-primary ); letter-spacing: var( --e-global-typography-778098a-letter-spacing );\">Oleme purjetajad ja oma kogemustega nii L\u00e4\u00e4nemerelt kui ka soojematest vetest oskame soovitada ja valmistada igasse kliimasse sobivaid lahendusi.<\/span><\/p>\t\t\t\t\t\t\t\t<\/div>\n\t\t\t\t<div class=\"elementor-element elementor-element-8f87bc2 elementor-widget elementor-widget-image\" data-id=\"8f87bc2\" data-element_type=\"widget\" data-e-type=\"widget\" data-widget_type=\"image.default\">\n\t\t\t\t\t\t\t\t\t\t\t\t\t\t\t<img fetchpriority=\"high\" decoding=\"async\" width=\"800\" height=\"800\" src=\"https:\/\/freyaframes.eu\/wp-content\/uploads\/2023\/03\/157B7164-BDC7-4CBB-BD7E-2E566AE87491-scaled-1024x1024.webp\" class=\"attachment-large size-large wp-image-817 wvs-archive-product-image\" alt=\"Jaanus Treilmann, co-foundere of freyaframes.eu\" srcset=\"https:\/\/freyaframes.eu\/wp-content\/uploads\/2023\/03\/157B7164-BDC7-4CBB-BD7E-2E566AE87491-scaled-1024x1024.webp 1024w, https:\/\/freyaframes.eu\/wp-content\/uploads\/2023\/03\/157B7164-BDC7-4CBB-BD7E-2E566AE87491-scaled-150x150.webp 150w, https:\/\/freyaframes.eu\/wp-content\/uploads\/2023\/03\/157B7164-BDC7-4CBB-BD7E-2E566AE87491-scaled-300x300.webp 300w, https:\/\/freyaframes.eu\/wp-content\/uploads\/2023\/03\/157B7164-BDC7-4CBB-BD7E-2E566AE87491-scaled-768x768.webp 768w, https:\/\/freyaframes.eu\/wp-content\/uploads\/2023\/03\/157B7164-BDC7-4CBB-BD7E-2E566AE87491-scaled-1536x1536.webp 1536w, https:\/\/freyaframes.eu\/wp-content\/uploads\/2023\/03\/157B7164-BDC7-4CBB-BD7E-2E566AE87491-scaled-2048x2048.webp 2048w, https:\/\/freyaframes.eu\/wp-content\/uploads\/2023\/03\/157B7164-BDC7-4CBB-BD7E-2E566AE87491-scaled-12x12.webp 12w, https:\/\/freyaframes.eu\/wp-content\/uploads\/2023\/03\/157B7164-BDC7-4CBB-BD7E-2E566AE87491-scaled-1320x1320.webp 1320w, https:\/\/freyaframes.eu\/wp-content\/uploads\/2023\/03\/157B7164-BDC7-4CBB-BD7E-2E566AE87491-scaled-100x100.webp 100w, https:\/\/freyaframes.eu\/wp-content\/uploads\/2023\/03\/157B7164-BDC7-4CBB-BD7E-2E566AE87491-scaled-50x50.webp 50w\" sizes=\"(max-width: 800px) 100vw, 800px\" \/>\t\t\t\t\t\t\t\t\t\t\t\t\t\t\t<\/div>\n\t\t\t\t<div class=\"elementor-element elementor-element-2471465 elementor-widget elementor-widget-text-editor\" data-id=\"2471465\" data-element_type=\"widget\" data-e-type=\"widget\" data-widget_type=\"text-editor.default\">\n\t\t\t\t\t\t\t\t\t<div>2026 aastal oleme EL-i toetatud LEADER projekti abil laiendanud teenuste valikut, et pakkuda paadiomanikele kvaliteetsemaid ja soodsamaid lahendusi senisest kiiremini.<\/div><div>Projekti eesm\u00e4rk on laiendada Charter Sailing O\u00dc teenuste portfelli: parandada 3D skaneerimise kiirust ja kvaliteeti, pakkuda CNC-t\u00f6\u00f6deldud paadiosade tootmist, lisada valikusse roostevaba terase keevitus ning sik-sak \u00f5mblemist v\u00e4ikeste purjeparanduste jaoks ning UV-katete vahetamiseks.\nProjekti on kaasrahastanud Euroopa Liit.<\/div>\t\t\t\t\t\t\t\t<\/div>\n\t\t\t\t<div class=\"elementor-element elementor-element-7985d4a elementor-widget elementor-widget-image\" data-id=\"7985d4a\" data-element_type=\"widget\" data-e-type=\"widget\" data-widget_type=\"image.default\">\n\t\t\t\t\t\t\t\t\t\t\t\t\t\t\t\t<a href=\"https:\/\/kogu.hiiumaa.ee\/\">\n\t\t\t\t\t\t\t<img decoding=\"async\" width=\"800\" height=\"296\" src=\"https:\/\/freyaframes.eu\/wp-content\/uploads\/2026\/03\/Untitled-design-3-1024x379.png\" class=\"attachment-large size-large wp-image-9058 wvs-archive-product-image\" alt=\"Hiidlaste Koost\u00f6\u00f6kogu EL 2023-2027\" srcset=\"https:\/\/freyaframes.eu\/wp-content\/uploads\/2026\/03\/Untitled-design-3-1024x379.png 1024w, https:\/\/freyaframes.eu\/wp-content\/uploads\/2026\/03\/Untitled-design-3-300x111.png 300w, https:\/\/freyaframes.eu\/wp-content\/uploads\/2026\/03\/Untitled-design-3-768x284.png 768w, https:\/\/freyaframes.eu\/wp-content\/uploads\/2026\/03\/Untitled-design-3-1536x569.png 1536w, https:\/\/freyaframes.eu\/wp-content\/uploads\/2026\/03\/Untitled-design-3-18x7.png 18w, https:\/\/freyaframes.eu\/wp-content\/uploads\/2026\/03\/Untitled-design-3-1320x489.png 1320w, https:\/\/freyaframes.eu\/wp-content\/uploads\/2026\/03\/Untitled-design-3.png 1702w\" sizes=\"(max-width: 800px) 100vw, 800px\" \/>\t\t\t\t\t\t\t\t<\/a>\n\t\t\t\t\t\t\t\t\t\t\t\t\t\t\t<\/div>\n\t\t\t\t<div class=\"elementor-element elementor-element-8c9bc03 elementor-widget elementor-widget-text-editor\" data-id=\"8c9bc03\" data-element_type=\"widget\" data-e-type=\"widget\" data-widget_type=\"text-editor.default\">\n\t\t\t\t\t\t\t\t\t<p><span style=\"background-color: var( --e-global-color-primary ); color: var( --e-global-color-541ded6 ); font-family: var( --e-global-typography-778098a-font-family ), Arial; font-size: var( --e-global-typography-778098a-font-size ); font-weight: var( --e-global-typography-778098a-font-weight ); letter-spacing: var( --e-global-typography-778098a-letter-spacing ); word-spacing: var( --e-global-typography-778098a-word-spacing ); text-align: var(--text-align);\">J\u00e4lgi meid v\u00f5i v\u00f5ta \u00fchendust allpool olevatel kontaktidel. <a href=\"http:\/\/instagram.com\/freyaframes\">Instagram<\/a><\/span><\/p>\t\t\t\t\t\t\t\t<\/div>\n\t\t\t\t<div class=\"elementor-element elementor-element-1a71516 elementor-shape-rounded elementor-grid-0 e-grid-align-center elementor-widget elementor-widget-social-icons\" data-id=\"1a71516\" data-element_type=\"widget\" data-e-type=\"widget\" data-widget_type=\"social-icons.default\">\n\t\t\t\t\t\t\t<div class=\"elementor-social-icons-wrapper elementor-grid\" role=\"list\">\n\t\t\t\t\t\t\t<span class=\"elementor-grid-item\" role=\"listitem\">\n\t\t\t\t\t<a class=\"elementor-icon elementor-social-icon elementor-social-icon-envelope elementor-repeater-item-ec885ee\" href=\"mailto:jaanus@freyaframes.eu?subject=Ahoi!\" target=\"_blank\">\n\t\t\t\t\t\t<span class=\"elementor-screen-only\">Envelope<\/span>\n\t\t\t\t\t\t<svg aria-hidden=\"true\" class=\"e-font-icon-svg e-fas-envelope\" viewbox=\"0 0 512 512\" xmlns=\"http:\/\/www.w3.org\/2000\/svg\"><path d=\"M502.3 190.8c3.9-3.1 9.7-.2 9.7 4.7V400c0 26.5-21.5 48-48 48H48c-26.5 0-48-21.5-48-48V195.6c0-5 5.7-7.8 9.7-4.7 22.4 17.4 52.1 39.5 154.1 113.6 21.1 15.4 56.7 47.8 92.2 47.6 35.7.3 72-32.8 92.3-47.6 102-74.1 131.6-96.3 154-113.7zM256 320c23.2.4 56.6-29.2 73.4-41.4 132.7-96.3 142.8-104.7 173.4-128.7 5.8-4.5 9.2-11.5 9.2-18.9v-19c0-26.5-21.5-48-48-48H48C21.5 64 0 85.5 0 112v19c0 7.4 3.4 14.3 9.2 18.9 30.6 23.9 40.7 32.4 173.4 128.7 16.8 12.2 50.2 41.8 73.4 41.4z\"><\/path><\/svg>\t\t\t\t\t<\/a>\n\t\t\t\t<\/span>\n\t\t\t\t\t\t\t<span class=\"elementor-grid-item\" role=\"listitem\">\n\t\t\t\t\t<a class=\"elementor-icon elementor-social-icon elementor-social-icon-linkedin elementor-repeater-item-95375b4\" href=\"https:\/\/www.linkedin.com\/in\/jaanustreilmann\/\" target=\"_blank\">\n\t\t\t\t\t\t<span class=\"elementor-screen-only\">Linkedin<\/span>\n\t\t\t\t\t\t<svg aria-hidden=\"true\" class=\"e-font-icon-svg e-fab-linkedin\" viewbox=\"0 0 448 512\" xmlns=\"http:\/\/www.w3.org\/2000\/svg\"><path d=\"M416 32H31.9C14.3 32 0 46.5 0 64.3v383.4C0 465.5 14.3 480 31.9 480H416c17.6 0 32-14.5 32-32.3V64.3c0-17.8-14.4-32.3-32-32.3zM135.4 416H69V202.2h66.5V416zm-33.2-243c-21.3 0-38.5-17.3-38.5-38.5S80.9 96 102.2 96c21.2 0 38.5 17.3 38.5 38.5 0 21.3-17.2 38.5-38.5 38.5zm282.1 243h-66.4V312c0-24.8-.5-56.7-34.5-56.7-34.6 0-39.9 27-39.9 54.9V416h-66.4V202.2h63.7v29.2h.9c8.9-16.8 30.6-34.5 62.9-34.5 67.2 0 79.7 44.3 79.7 101.9V416z\"><\/path><\/svg>\t\t\t\t\t<\/a>\n\t\t\t\t<\/span>\n\t\t\t\t\t\t\t<span class=\"elementor-grid-item\" role=\"listitem\">\n\t\t\t\t\t<a class=\"elementor-icon elementor-social-icon elementor-social-icon-instagram elementor-repeater-item-764992c\" href=\"https:\/\/www.instagram.com\/freyaframes\/\" target=\"_blank\">\n\t\t\t\t\t\t<span class=\"elementor-screen-only\">Instagram<\/span>\n\t\t\t\t\t\t<svg aria-hidden=\"true\" class=\"e-font-icon-svg e-fab-instagram\" viewbox=\"0 0 448 512\" xmlns=\"http:\/\/www.w3.org\/2000\/svg\"><path d=\"M224.1 141c-63.6 0-114.9 51.3-114.9 114.9s51.3 114.9 114.9 114.9S339 319.5 339 255.9 287.7 141 224.1 141zm0 189.6c-41.1 0-74.7-33.5-74.7-74.7s33.5-74.7 74.7-74.7 74.7 33.5 74.7 74.7-33.6 74.7-74.7 74.7zm146.4-194.3c0 14.9-12 26.8-26.8 26.8-14.9 0-26.8-12-26.8-26.8s12-26.8 26.8-26.8 26.8 12 26.8 26.8zm76.1 27.2c-1.7-35.9-9.9-67.7-36.2-93.9-26.2-26.2-58-34.4-93.9-36.2-37-2.1-147.9-2.1-184.9 0-35.8 1.7-67.6 9.9-93.9 36.1s-34.4 58-36.2 93.9c-2.1 37-2.1 147.9 0 184.9 1.7 35.9 9.9 67.7 36.2 93.9s58 34.4 93.9 36.2c37 2.1 147.9 2.1 184.9 0 35.9-1.7 67.7-9.9 93.9-36.2 26.2-26.2 34.4-58 36.2-93.9 2.1-37 2.1-147.8 0-184.8zM398.8 388c-7.8 19.6-22.9 34.7-42.6 42.6-29.5 11.7-99.5 9-132.1 9s-102.7 2.6-132.1-9c-19.6-7.8-34.7-22.9-42.6-42.6-11.7-29.5-9-99.5-9-132.1s-2.6-102.7 9-132.1c7.8-19.6 22.9-34.7 42.6-42.6 29.5-11.7 99.5-9 132.1-9s102.7-2.6 132.1 9c19.6 7.8 34.7 22.9 42.6 42.6 11.7 29.5 9 99.5 9 132.1s2.7 102.7-9 132.1z\"><\/path><\/svg>\t\t\t\t\t<\/a>\n\t\t\t\t<\/span>\n\t\t\t\t\t<\/div>\n\t\t\t\t\t\t<\/div>\n\t\t\t\t<div class=\"elementor-element elementor-element-62af2c3 elementor-widget elementor-widget-text-editor\" data-id=\"62af2c3\" data-element_type=\"widget\" data-e-type=\"widget\" data-widget_type=\"text-editor.default\">\n\t\t\t\t\t\t\t\t\t<p>Ettev\u00f5tte info:<\/p><p>Charter Sailing O\u00dc<\/p><p>Reg #16142736<\/p><p>Hiiu mnt. 13, K\u00e4ina<\/p><p>Hiiumaa vald<\/p><p><span style=\"color: var( --e-global-color-541ded6 ); text-align: var(--text-align); background-color: var( --e-global-color-primary );\">92101 <\/span><span style=\"color: var( --e-global-color-541ded6 ); text-align: var(--text-align); background-color: var( --e-global-color-primary );\">Eesti<\/span><\/p><p>KMKR\u00a0EE102499645<\/p><p>e-mail we@freyaframes.eu<\/p><p>telefon 5680 0066<\/p>\t\t\t\t\t\t\t\t<\/div>\n\t\t\t\t<div class=\"elementor-element elementor-element-7cf4058 elementor-widget elementor-widget-text-editor\" data-id=\"7cf4058\" data-element_type=\"widget\" data-e-type=\"widget\" data-widget_type=\"text-editor.default\">\n\t\t\t\t\t\t\t\t\t<p><span style=\"color: var( --e-global-color-541ded6 ); text-align: var(--text-align); background-color: var( --e-global-color-primary ); letter-spacing: var( --e-global-typography-778098a-letter-spacing );\">\"Freya Frames\" on Charter Sailing O\u00dc registreeritud kaubam\u00e4rk<\/span><\/p>\t\t\t\t\t\t\t\t<\/div>\n\t\t\t\t<\/div>\n\t\t\t\t\t<\/div>\n\t\t\t\t<\/div>\n\t\t\t\t<\/div>","protected":false},"excerpt":{"rendered":"<p>Long story short &#8211; we make custom boat covers &amp; canopies. Freya Frames handcrafts solutions for Scandinavian, Nordic and Baltic sailboats &amp; motorboats, including sprayhoods, biminis, cockpit enclosures &amp; more. Shop online or contact us for a custom quote! In 2025 alone we delivered our products to 18 European countries including Mediterranean countries like Greece, [&hellip;]<\/p>\n","protected":false},"author":2,"featured_media":817,"parent":912,"menu_order":0,"comment_status":"closed","ping_status":"closed","template":"elementor_header_footer","meta":{"_acf_changed":false,"content-type":"","_monsterinsights_skip_tracking":false,"_monsterinsights_sitenote_active":false,"_monsterinsights_sitenote_note":"","_monsterinsights_sitenote_category":0,"footnotes":""},"class_list":["post-815","page","type-page","status-publish","has-post-thumbnail","hentry"],"acf":[],"yoast_head":"<!-- This site is optimized with the Yoast SEO Premium plugin v27.3 (Yoast SEO v27.3) - https:\/\/yoast.com\/product\/yoast-seo-premium-wordpress\/ -->\n<title>Freya Frames contacts<\/title>\n<meta name=\"description\" content=\"Custom boat canvas and stainless steel frame shop in Estonia. Deliveries anywhere in EU. Get new sprayhood or bimini today.\" \/>\n<meta name=\"robots\" content=\"index, follow, max-snippet:-1, max-image-preview:large, max-video-preview:-1\" \/>\n<link rel=\"canonical\" href=\"https:\/\/freyaframes.eu\/et\/freya-frames-landing\/contacts\/\" \/>\n<meta property=\"og:locale\" content=\"et_EE\" \/>\n<meta property=\"og:type\" content=\"article\" \/>\n<meta property=\"og:title\" content=\"Freya Frames contacts\" \/>\n<meta property=\"og:description\" content=\"Custom boat canvas and stainless steel frame shop in Estonia. Deliveries anywhere in EU. Get new sprayhood or bimini today.\" \/>\n<meta property=\"og:url\" content=\"https:\/\/freyaframes.eu\/et\/freya-frames-landing\/contacts\/\" \/>\n<meta property=\"og:site_name\" content=\"Freyaframes\" \/>\n<meta property=\"article:publisher\" content=\"https:\/\/www.facebook.com\/freyaframes\" \/>\n<meta property=\"article:modified_time\" content=\"2026-03-31T06:18:02+00:00\" \/>\n<meta property=\"og:image\" content=\"https:\/\/freyaframes.eu\/wp-content\/uploads\/2023\/03\/157B7164-BDC7-4CBB-BD7E-2E566AE87491-scaled.webp\" \/>\n\t<meta property=\"og:image:width\" content=\"2560\" \/>\n\t<meta property=\"og:image:height\" content=\"2560\" \/>\n\t<meta property=\"og:image:type\" content=\"image\/webp\" \/>\n<meta name=\"twitter:card\" content=\"summary_large_image\" \/>\n<script type=\"application\/ld+json\" class=\"yoast-schema-graph\">{\"@context\":\"https:\\\/\\\/schema.org\",\"@graph\":[{\"@type\":[\"WebPage\",\"ContactPage\"],\"@id\":\"https:\\\/\\\/freyaframes.eu\\\/freya-frames-landing\\\/contacts\\\/\",\"url\":\"https:\\\/\\\/freyaframes.eu\\\/freya-frames-landing\\\/contacts\\\/\",\"name\":\"Freya Frames contacts\",\"isPartOf\":{\"@id\":\"https:\\\/\\\/freyaframes.eu\\\/#website\"},\"primaryImageOfPage\":{\"@id\":\"https:\\\/\\\/freyaframes.eu\\\/freya-frames-landing\\\/contacts\\\/#primaryimage\"},\"image\":{\"@id\":\"https:\\\/\\\/freyaframes.eu\\\/freya-frames-landing\\\/contacts\\\/#primaryimage\"},\"thumbnailUrl\":\"https:\\\/\\\/freyaframes.eu\\\/wp-content\\\/uploads\\\/2023\\\/03\\\/157B7164-BDC7-4CBB-BD7E-2E566AE87491-scaled.webp\",\"datePublished\":\"2023-03-08T12:06:53+00:00\",\"dateModified\":\"2026-03-31T06:18:02+00:00\",\"description\":\"Custom boat canvas and stainless steel frame shop in Estonia. Deliveries anywhere in EU. Get new sprayhood or bimini today.\",\"breadcrumb\":{\"@id\":\"https:\\\/\\\/freyaframes.eu\\\/freya-frames-landing\\\/contacts\\\/#breadcrumb\"},\"inLanguage\":\"et\",\"potentialAction\":[{\"@type\":\"ReadAction\",\"target\":[\"https:\\\/\\\/freyaframes.eu\\\/freya-frames-landing\\\/contacts\\\/\"]}]},{\"@type\":\"ImageObject\",\"inLanguage\":\"et\",\"@id\":\"https:\\\/\\\/freyaframes.eu\\\/freya-frames-landing\\\/contacts\\\/#primaryimage\",\"url\":\"https:\\\/\\\/freyaframes.eu\\\/wp-content\\\/uploads\\\/2023\\\/03\\\/157B7164-BDC7-4CBB-BD7E-2E566AE87491-scaled.webp\",\"contentUrl\":\"https:\\\/\\\/freyaframes.eu\\\/wp-content\\\/uploads\\\/2023\\\/03\\\/157B7164-BDC7-4CBB-BD7E-2E566AE87491-scaled.webp\",\"width\":2560,\"height\":2560,\"caption\":\"Jaanus Treilmann, co-foundere of freyaframes.eu\"},{\"@type\":\"BreadcrumbList\",\"@id\":\"https:\\\/\\\/freyaframes.eu\\\/freya-frames-landing\\\/contacts\\\/#breadcrumb\",\"itemListElement\":[{\"@type\":\"ListItem\",\"position\":1,\"name\":\"Home\",\"item\":\"https:\\\/\\\/freyaframes.eu\\\/\"},{\"@type\":\"ListItem\",\"position\":2,\"name\":\"Marine Hardware, Stainless Steel frames and Canvas workshop\",\"item\":\"https:\\\/\\\/freyaframes.eu\\\/freya-frames-landing\\\/\"},{\"@type\":\"ListItem\",\"position\":3,\"name\":\"Freya Frames contacts\"}]},{\"@type\":\"WebSite\",\"@id\":\"https:\\\/\\\/freyaframes.eu\\\/#website\",\"url\":\"https:\\\/\\\/freyaframes.eu\\\/\",\"name\":\"Freyaframes\",\"description\":\"Custom Sprayhoods &amp; Stainless Steel Frames | No Boat Visit Required\",\"publisher\":{\"@id\":\"https:\\\/\\\/freyaframes.eu\\\/#organization\"},\"alternateName\":\"Freya\",\"potentialAction\":[{\"@type\":\"SearchAction\",\"target\":{\"@type\":\"EntryPoint\",\"urlTemplate\":\"https:\\\/\\\/freyaframes.eu\\\/?s={search_term_string}\"},\"query-input\":{\"@type\":\"PropertyValueSpecification\",\"valueRequired\":true,\"valueName\":\"search_term_string\"}}],\"inLanguage\":\"et\"},{\"@type\":\"Organization\",\"@id\":\"https:\\\/\\\/freyaframes.eu\\\/#organization\",\"name\":\"freyaframes\",\"alternateName\":\"freyaframes.eu\",\"url\":\"https:\\\/\\\/freyaframes.eu\\\/\",\"logo\":{\"@type\":\"ImageObject\",\"inLanguage\":\"et\",\"@id\":\"https:\\\/\\\/freyaframes.eu\\\/#\\\/schema\\\/logo\\\/image\\\/\",\"url\":\"https:\\\/\\\/freyaframes.eu\\\/wp-content\\\/uploads\\\/2023\\\/02\\\/Freya-e1711470187319.webp\",\"contentUrl\":\"https:\\\/\\\/freyaframes.eu\\\/wp-content\\\/uploads\\\/2023\\\/02\\\/Freya-e1711470187319.webp\",\"width\":800,\"height\":355,\"caption\":\"freyaframes\"},\"image\":{\"@id\":\"https:\\\/\\\/freyaframes.eu\\\/#\\\/schema\\\/logo\\\/image\\\/\"},\"sameAs\":[\"https:\\\/\\\/www.facebook.com\\\/freyaframes\",\"https:\\\/\\\/www.instagram.com\\\/freyaframes\\\/\"],\"description\":\"Charter Sailing O\u00dc is making premium boat canvas & stainless steel frames. We sell our products under 2 brands - freyaframes.eu and sprayhoodz.eu.\",\"email\":\"we@freyaframes.eu\",\"telephone\":\"+37256800066\",\"legalName\":\"Charter Sailing O\u00dc\",\"foundingDate\":\"2021-01-19\",\"vatID\":\"EE102499645\",\"numberOfEmployees\":{\"@type\":\"QuantitativeValue\",\"minValue\":\"1\",\"maxValue\":\"10\"},\"publishingPrinciples\":\"https:\\\/\\\/freyaframes.eu\\\/blog\\\/\"}]}<\/script>\n<!-- \/ Yoast SEO Premium plugin. -->","yoast_head_json":{"title":"Freya Frames contacts","description":"Custom boat canvas and stainless steel frame shop in Estonia. Deliveries anywhere in EU. Get new sprayhood or bimini today.","robots":{"index":"index","follow":"follow","max-snippet":"max-snippet:-1","max-image-preview":"max-image-preview:large","max-video-preview":"max-video-preview:-1"},"canonical":"https:\/\/freyaframes.eu\/et\/freya-frames-landing\/contacts\/","og_locale":"et_EE","og_type":"article","og_title":"Freya Frames contacts","og_description":"Custom boat canvas and stainless steel frame shop in Estonia. Deliveries anywhere in EU. Get new sprayhood or bimini today.","og_url":"https:\/\/freyaframes.eu\/et\/freya-frames-landing\/contacts\/","og_site_name":"Freyaframes","article_publisher":"https:\/\/www.facebook.com\/freyaframes","article_modified_time":"2026-03-31T06:18:02+00:00","og_image":[{"width":2560,"height":2560,"url":"https:\/\/freyaframes.eu\/wp-content\/uploads\/2023\/03\/157B7164-BDC7-4CBB-BD7E-2E566AE87491-scaled.webp","type":"image\/webp"}],"twitter_card":"summary_large_image","schema":{"@context":"https:\/\/schema.org","@graph":[{"@type":["WebPage","ContactPage"],"@id":"https:\/\/freyaframes.eu\/freya-frames-landing\/contacts\/","url":"https:\/\/freyaframes.eu\/freya-frames-landing\/contacts\/","name":"Freya Frames contacts","isPartOf":{"@id":"https:\/\/freyaframes.eu\/#website"},"primaryImageOfPage":{"@id":"https:\/\/freyaframes.eu\/freya-frames-landing\/contacts\/#primaryimage"},"image":{"@id":"https:\/\/freyaframes.eu\/freya-frames-landing\/contacts\/#primaryimage"},"thumbnailUrl":"https:\/\/freyaframes.eu\/wp-content\/uploads\/2023\/03\/157B7164-BDC7-4CBB-BD7E-2E566AE87491-scaled.webp","datePublished":"2023-03-08T12:06:53+00:00","dateModified":"2026-03-31T06:18:02+00:00","description":"Custom boat canvas and stainless steel frame shop in Estonia. Deliveries anywhere in EU. Get new sprayhood or bimini today.","breadcrumb":{"@id":"https:\/\/freyaframes.eu\/freya-frames-landing\/contacts\/#breadcrumb"},"inLanguage":"et","potentialAction":[{"@type":"ReadAction","target":["https:\/\/freyaframes.eu\/freya-frames-landing\/contacts\/"]}]},{"@type":"ImageObject","inLanguage":"et","@id":"https:\/\/freyaframes.eu\/freya-frames-landing\/contacts\/#primaryimage","url":"https:\/\/freyaframes.eu\/wp-content\/uploads\/2023\/03\/157B7164-BDC7-4CBB-BD7E-2E566AE87491-scaled.webp","contentUrl":"https:\/\/freyaframes.eu\/wp-content\/uploads\/2023\/03\/157B7164-BDC7-4CBB-BD7E-2E566AE87491-scaled.webp","width":2560,"height":2560,"caption":"Jaanus Treilmann, co-foundere of freyaframes.eu"},{"@type":"BreadcrumbList","@id":"https:\/\/freyaframes.eu\/freya-frames-landing\/contacts\/#breadcrumb","itemListElement":[{"@type":"ListItem","position":1,"name":"Home","item":"https:\/\/freyaframes.eu\/"},{"@type":"ListItem","position":2,"name":"Marine Hardware, Stainless Steel frames and Canvas workshop","item":"https:\/\/freyaframes.eu\/freya-frames-landing\/"},{"@type":"ListItem","position":3,"name":"Freya Frames contacts"}]},{"@type":"WebSite","@id":"https:\/\/freyaframes.eu\/#website","url":"https:\/\/freyaframes.eu\/","name":"Freyaframes","description":"Custom Sprayhoods &amp; Stainless Steel Frames | No Boat Visit Required","publisher":{"@id":"https:\/\/freyaframes.eu\/#organization"},"alternateName":"Freya","potentialAction":[{"@type":"SearchAction","target":{"@type":"EntryPoint","urlTemplate":"https:\/\/freyaframes.eu\/?s={search_term_string}"},"query-input":{"@type":"PropertyValueSpecification","valueRequired":true,"valueName":"search_term_string"}}],"inLanguage":"et"},{"@type":"Organization","@id":"https:\/\/freyaframes.eu\/#organization","name":"Freyaframes","alternateName":"freyaframes.eu","url":"https:\/\/freyaframes.eu\/","logo":{"@type":"ImageObject","inLanguage":"et","@id":"https:\/\/freyaframes.eu\/#\/schema\/logo\/image\/","url":"https:\/\/freyaframes.eu\/wp-content\/uploads\/2023\/02\/Freya-e1711470187319.webp","contentUrl":"https:\/\/freyaframes.eu\/wp-content\/uploads\/2023\/02\/Freya-e1711470187319.webp","width":800,"height":355,"caption":"freyaframes"},"image":{"@id":"https:\/\/freyaframes.eu\/#\/schema\/logo\/image\/"},"sameAs":["https:\/\/www.facebook.com\/freyaframes","https:\/\/www.instagram.com\/freyaframes\/"],"description":"Charter Sailing O\u00dc teeb premium paat kangas &amp; roostevabast terasest raamid. Me m\u00fc\u00fcme oma tooteid 2 kaubam\u00e4rgi all - freyaframes.eu ja sprayhoodz.eu.","email":"we@freyaframes.eu","telephone":"+37256800066","legalName":"Charter Sailing O\u00dc","foundingDate":"2021-01-19","vatID":"EE102499645","numberOfEmployees":{"@type":"QuantitativeValue","minValue":"1","maxValue":"10"},"publishingPrinciples":"https:\/\/freyaframes.eu\/blog\/"}]}},"jetpack_sharing_enabled":true,"_links":{"self":[{"href":"https:\/\/freyaframes.eu\/et\/wp-json\/wp\/v2\/pages\/815","targetHints":{"allow":["GET"]}}],"collection":[{"href":"https:\/\/freyaframes.eu\/et\/wp-json\/wp\/v2\/pages"}],"about":[{"href":"https:\/\/freyaframes.eu\/et\/wp-json\/wp\/v2\/types\/page"}],"author":[{"embeddable":true,"href":"https:\/\/freyaframes.eu\/et\/wp-json\/wp\/v2\/users\/2"}],"replies":[{"embeddable":true,"href":"https:\/\/freyaframes.eu\/et\/wp-json\/wp\/v2\/comments?post=815"}],"version-history":[{"count":0,"href":"https:\/\/freyaframes.eu\/et\/wp-json\/wp\/v2\/pages\/815\/revisions"}],"up":[{"embeddable":true,"href":"https:\/\/freyaframes.eu\/et\/wp-json\/wp\/v2\/pages\/912"}],"wp:featuredmedia":[{"embeddable":true,"href":"https:\/\/freyaframes.eu\/et\/wp-json\/wp\/v2\/media\/817"}],"wp:attachment":[{"href":"https:\/\/freyaframes.eu\/et\/wp-json\/wp\/v2\/media?parent=815"}],"curies":[{"name":"wp","href":"https:\/\/api.w.org\/{rel}","templated":true}]}}