{"id":7969,"date":"2025-08-22T13:47:18","date_gmt":"2025-08-22T11:47:18","guid":{"rendered":"https:\/\/freyaframes.eu\/?page_id=7969"},"modified":"2026-01-14T10:01:27","modified_gmt":"2026-01-14T08:01:27","slug":"terms-and-conditions","status":"publish","type":"page","link":"https:\/\/freyaframes.eu\/et\/terms-and-conditions\/","title":{"rendered":"Tingimused"},"content":{"rendered":"<div data-elementor-type=\"wp-page\" data-elementor-id=\"7969\" class=\"elementor elementor-7969\" data-elementor-post-type=\"page\">\n\t\t\t\t<div class=\"elementor-element elementor-element-490f77ff e-flex e-con-boxed e-con e-parent\" data-id=\"490f77ff\" data-element_type=\"container\" data-e-type=\"container\">\n\t\t\t\t\t<div class=\"e-con-inner\">\n\t\t\t\t<div class=\"elementor-element elementor-element-a475f5f elementor-widget elementor-widget-heading\" data-id=\"a475f5f\" data-element_type=\"widget\" data-e-type=\"widget\" data-widget_type=\"heading.default\">\n\t\t\t\t\t<h2 class=\"elementor-heading-title elementor-size-default\">Tingimused<\/h2>\t\t\t\t<\/div>\n\t\t\t\t<div class=\"elementor-element elementor-element-197893aa elementor-widget elementor-widget-text-editor\" data-id=\"197893aa\" data-element_type=\"widget\" data-e-type=\"widget\" data-widget_type=\"text-editor.default\">\n\t\t\t\t\t\t\t\t\t<p>Need tingimused (\u201cTingimused\u201d) reguleerivad meie veebisaidi freyaframes.eu (\u201cVeebileht\u201d) kasutamist ja toodete ostmist meie veebipoe kaudu. Veebilehele sisenedes v\u00f5i seda kasutades ning tellimuse esitades n\u00f5ustute, et need tingimused on teie jaoks siduvad.<\/p>\n<p><!-- \/wp:paragraph --><!-- wp:paragraph --><\/p>\n<p><strong>1. Teave meie kohta<\/strong><br \/>freyaframes.eu-d haldab Charter Sailing O\u00dc, registreeritud Eestis, Heltermaa mnt 6, K\u00e4rdla, Hiiumaa vald, Hiiumaa 92414.<br \/>Kontakt: we@freyaframes.eu.<\/p>\n<p><!-- \/wp:paragraph --><!-- wp:paragraph --><\/p>\n<p><strong>2. Veebisaidi kasutamine<\/strong><\/p>\n<p><!-- \/wp:paragraph --><!-- wp:list --><\/p>\n<ul class=\"wp-block-list\">\n<li style=\"list-style-type: none;\">\n<ul class=\"wp-block-list\"><!-- wp:list-item --><\/ul>\n<\/li>\n<\/ul>\n<ul>\n<li>Kasutage veebisaiti ainult seaduslikel eesm\u00e4rkidel.<\/li>\n<\/ul>\n<p><!-- \/wp:list-item --><!-- wp:list-item --><\/p>\n<ul class=\"wp-block-list\">\n<li>Sisu\/pildid kuuluvad\/lizenseeritakse ja neid ei tohi ilma loata kopeerida.<\/li>\n<\/ul>\n<p><!-- \/wp:list-item --><\/p>\n<p><!-- \/wp:list --><!-- wp:paragraph --><\/p>\n<p><strong>3. Tooteinfo<\/strong><\/p>\n<p><!-- \/wp:paragraph --><!-- wp:list --><\/p>\n<ul class=\"wp-block-list\">\n<li style=\"list-style-type: none;\">\n<ul class=\"wp-block-list\"><!-- wp:list-item --><\/ul>\n<\/li>\n<\/ul>\n<ul>\n<li>P\u00fc\u00fcame tagada t\u00e4psed tootekirjeldused ja hinnad.<\/li>\n<\/ul>\n<p><!-- \/wp:list-item --><!-- wp:list-item --><\/p>\n<ul class=\"wp-block-list\">\n<li>V\u00f5ib esineda vigu; saadavus v\u00f5ib muutuda ilma etteteatamiseta.<\/li>\n<\/ul>\n<p><!-- \/wp:list-item --><\/p>\n<p><!-- \/wp:list --><!-- wp:paragraph --><\/p>\n<p><strong>4. Tellimused ja lepingu s\u00f5lmimine<\/strong><\/p>\n<p><!-- \/wp:paragraph --><!-- wp:list --><\/p>\n<ul class=\"wp-block-list\">\n<li style=\"list-style-type: none;\">\n<ul class=\"wp-block-list\"><!-- wp:list-item --><\/ul>\n<\/li>\n<\/ul>\n<ul>\n<li>Tellimused on pakkumised; leping tekib alles p\u00e4rast meie kirjalikku tellimuse kinnitust.<\/li>\n<li>Me j\u00e4tame endale \u00f5iguse tellimusi t\u00fchistada\/tagasi l\u00fckata, kuna need ei ole k\u00e4ttesaadavad v\u00f5i on vigased.<\/li>\n<li>Kui p\u00e4rast tellimuse kinnitamist esineb hinnakujundus- v\u00f5i laoviga, teavitatakse teid sellest ja teile makstakse raha tagasi.<\/li>\n<\/ul>\n<p><!-- \/wp:list-item --><!-- wp:list-item --><\/p>\n<ul class=\"wp-block-list\">\n<li style=\"list-style-type: none;\">\u00a0<\/li>\n<\/ul>\n<p><!-- \/wp:list-item --><!-- wp:list-item --><\/p>\n<p><!-- \/wp:list-item --><\/p>\n<p><!-- \/wp:list --><!-- wp:paragraph --><\/p>\n<p><strong>5. Hinnad ja maksmine<\/strong><\/p>\n<p><!-- \/wp:paragraph --><!-- wp:list --><\/p>\n<ul class=\"wp-block-list\">\n<li style=\"list-style-type: none;\">\n<ul class=\"wp-block-list\"><!-- wp:list-item --><\/ul>\n<\/li>\n<\/ul>\n<ul>\n<li>K\u00f5ik hinnad on eurodes (\u20ac), sisaldavad 24% k\u00e4ibemaksu (alates 2025. aasta juulist) ja makse tuleb tasuda kassas.<\/li>\n<\/ul>\n<p><!-- \/wp:list-item --><!-- wp:list-item --><\/p>\n<ul class=\"wp-block-list\">\n<li>Kasutatakse turvalisi maksev\u00e4ravaid.<\/li>\n<\/ul>\n<p><!-- \/wp:list-item --><\/p>\n<p><!-- \/wp:list --><!-- wp:paragraph --><\/p>\n<p><strong>6. Kohaletoimetamine ja saatmine<\/strong><\/p>\n<p><!-- \/wp:paragraph --><!-- wp:list --><\/p>\n<ul class=\"wp-block-list\">\n<li style=\"list-style-type: none;\">\n<ul class=\"wp-block-list\"><!-- wp:list-item --><\/ul>\n<\/li>\n<\/ul>\n<ul>\n<li>Tarnepiirkonnad ja -ajad on avaldatud meie veebisaidil.<\/li>\n<li>Eeldatavad ajad on parimad v\u00f5imalikud - tarneaeg on maksimaalselt 30 p\u00e4eva, kui ei ole kirjalikult kokku lepitud teisiti.<\/li>\n<li>Risk l\u00e4heb teile \u00fcle tarne korral - t\u00e4pne aadress on teie vastutus.<\/li>\n<\/ul>\n<p><!-- \/wp:list-item --><!-- wp:list-item --><\/p>\n<ul class=\"wp-block-list\">\n<li style=\"list-style-type: none;\">\u00a0<\/li>\n<\/ul>\n<p><!-- \/wp:list-item --><!-- wp:list-item --><\/p>\n<p><!-- \/wp:list-item --><\/p>\n<p><!-- \/wp:list --><!-- wp:paragraph --><\/p>\n<p><strong>7. Arve<\/strong><\/p>\n<p><!-- \/wp:paragraph --><!-- wp:list --><\/p>\n<ul class=\"wp-block-list\">\n<li style=\"list-style-type: none;\">\n<ul class=\"wp-block-list\"><!-- wp:list-item --><\/ul>\n<\/li>\n<\/ul>\n<ul class=\"wp-block-list\">\n<li>K\u00f5ik arved v\u00e4ljastatakse elektrooniliselt, kui ei ole taotletud teisiti.<\/li>\n<\/ul>\n<p><!-- \/wp:list-item --><\/p>\n<p><!-- \/wp:list --><!-- wp:paragraph --><\/p>\n<p><strong>8. Taganemis\u00f5igus (t\u00fchistamine)<\/strong><\/p>\n<p><!-- \/wp:paragraph --><!-- wp:list --><\/p>\n<ul class=\"wp-block-list\">\n<li style=\"list-style-type: none;\">\n<ul class=\"wp-block-list\"><!-- wp:list-item --><\/ul>\n<\/li>\n<\/ul>\n<ul>\n<li>F\u00fc\u00fcsiliste standardtoodete puhul v\u00f5ite t\u00fchistada 14 kalendrip\u00e4eva jooksul p\u00e4rast toote k\u00e4ttesaamist (j\u00e4relem\u00f5tlemisaeg), tingimusel, et:<!-- wp:list --><\/li>\n<\/ul>\n<ul class=\"wp-block-list\">\n<li style=\"list-style-type: none;\">\n<ul class=\"wp-block-list\"><!-- wp:list-item --><\/ul>\n<\/li>\n<\/ul>\n<ul class=\"wp-block-list\">\n<li style=\"list-style-type: none;\">\n<ul class=\"wp-block-list\">\n<li>Tooted on kasutamata ja originaalses, taaskasutatavas seisukorras\/pakendis.<\/li>\n<\/ul>\n<\/li>\n<\/ul>\n<p><!-- \/wp:list-item --><!-- wp:list-item --><\/p>\n<ul>\n<li style=\"list-style-type: none;\">\n<ul class=\"wp-block-list\">\n<li>Kirjalik teade (piisab e-kirjast) 14 p\u00e4eva jooksul.<\/li>\n<\/ul>\n<\/li>\n<li><strong>Erandid:<\/strong> Taganemis- v\u00f5i tagastamis\u00f5igus ei kehti tellimuslike, eritellimusel valmistatud ja kliendip\u00f5histe toodete puhul, v\u00e4lja arvatud juhul, kui need on vigased\/ei vasta kirjeldusele; \u00f5igus puudub digitaalse sisu puhul, mida on hakatud alla laadima, v\u00f5i pitseeritud kaupade puhul, mis on p\u00e4rast tarnimist pitseerimata (nt h\u00fcgieenitarbed).<\/li>\n<li>Esemete tagastamine: Kui toode on vigane v\u00f5i ei vasta tellimusele.<\/li>\n<li>Toetusk\u00f5lblike toodete tagasimaksed t\u00f6\u00f6deldakse 14 p\u00e4eva jooksul p\u00e4rast tagastatud toote k\u00e4ttesaamist.<\/li>\n<\/ul>\n<p>\u00a0<\/p>\n<p><strong>9. Tagastused, tagasimaksed ja garantii<\/strong><\/p>\n<p><!-- \/wp:paragraph --><!-- wp:list --><\/p>\n<ul class=\"wp-block-list\">\n<li style=\"list-style-type: none;\">\n<ul class=\"wp-block-list\"><!-- wp:list-item --><\/ul>\n<\/li>\n<\/ul>\n<ul>\n<li>Me j\u00e4rgime Eesti ja ELi tarbija\u00f5igusi ja garantiiseadust.<\/li>\n<li>Vigased\/kirjeldusele mittevastavad tooted: v\u00f5tke meiega \u00fchendust asendamise, parandamise v\u00f5i raha tagasimaksmise eesm\u00e4rgil.<\/li>\n<li>Tavap\u00e4rane kulumine ja v\u00e4\u00e4rkasutamine ei ole kaetud.<\/li>\n<li>Kaebuste esitamiseks v\u00f5tke meiega \u00fchendust aadressil we@freyaframes.eu. Meie eesm\u00e4rk on lahendada kaebused 14 p\u00e4eva jooksul.<\/li>\n<li>Lahenduseta k\u00fcsimuste lahendamise korral v\u00f5ite kasutada ELi veebip\u00f5hist vaidluste lahendamise platvormi (<a href=\"https:\/\/consumer-redress.ec.europa.eu\/index_en\">https:\/\/consumer-redress.ec.europa.eu\/index_en<\/a>).<\/li>\n<\/ul>\n<p>\u00a0<\/p>\n<p><strong>10. Alternatiivne vaidluste lahendamine (ADR)<\/strong><\/p>\n<p><!-- \/wp:paragraph --><!-- wp:list --><\/p>\n<ul class=\"wp-block-list\">\n<li style=\"list-style-type: none;\">\n<ul class=\"wp-block-list\"><!-- wp:list-item --><\/ul>\n<\/li>\n<li>Kui vaidlust ei ole v\u00f5imalik otse lahendada, v\u00f5ite p\u00f6\u00f6rduda Eesti Tarbijakaitse ja Tehnilise J\u00e4relevalve Ameti tarbijavaidluste komisjoni (info@ttja.ee) v\u00f5i ELi veebip\u00f5hise vaidluste lahendamise platvormi poole.<\/li>\n<\/ul>\n<p><!-- \/wp:list-item --><\/p>\n<p><!-- \/wp:list --><!-- wp:paragraph --><\/p>\n<p><strong>11. Vastutuse piiramine<\/strong><\/p>\n<p><!-- \/wp:paragraph --><!-- wp:list --><\/p>\n<ul class=\"wp-block-list\">\n<li style=\"list-style-type: none;\">\n<ul class=\"wp-block-list\"><!-- wp:list-item --><\/ul>\n<\/li>\n<\/ul>\n<ul>\n<li>Seadusega lubatud ulatuses ei vastuta me kaudsete\/juhuslike\/j\u00e4rgsete kahjude eest.<\/li>\n<\/ul>\n<p><!-- \/wp:list-item --><!-- wp:list-item --><\/p>\n<ul class=\"wp-block-list\">\n<li>Meie vastutus ei \u00fcleta toote ostuhinda.<\/li>\n<\/ul>\n<p><!-- \/wp:list-item --><\/p>\n<p><!-- \/wp:list --><!-- wp:paragraph --><\/p>\n<p><strong>12. Intellektuaalne omand<\/strong><\/p>\n<p><!-- \/wp:paragraph --><!-- wp:list --><\/p>\n<ul class=\"wp-block-list\">\n<li style=\"list-style-type: none;\">\n<ul class=\"wp-block-list\"><!-- wp:list-item --><\/ul>\n<\/li>\n<\/ul>\n<ul>\n<li>Veebisaidi sisu\/toodete intellektuaalomandi \u00f5igused j\u00e4\u00e4vad meile\/litsentsoritele.<\/li>\n<\/ul>\n<p><!-- \/wp:list-item --><!-- wp:list-item --><\/p>\n<ul class=\"wp-block-list\">\n<li>Ilma n\u00f5usolekuta ei tohi reprodutseerida ega levitada.<\/li>\n<\/ul>\n<p><!-- \/wp:list-item --><\/p>\n<p><!-- \/wp:list --><!-- wp:paragraph --><\/p>\n<p><strong>13. Privaatsuspoliitika<\/strong><\/p>\n<ul>\n<li>Isikuandmeid t\u00f6\u00f6deldakse meie privaatsuspoliitikas (vt veebisait), mis kirjeldab:<\/li>\n<li>Kogutud andmete liigid ja \u00f5iguslik alus.<\/li>\n<\/ul>\n<ul class=\"wp-block-list\">\n<li style=\"list-style-type: none;\">\u00a0<\/li>\n<\/ul>\n<p><!-- \/wp:list-item --><!-- wp:list-item --><\/p>\n<ul class=\"wp-block-list\">\n<li style=\"list-style-type: none;\">\n<ul class=\"wp-block-list\">\n<li style=\"list-style-type: none;\">\n<ul class=\"wp-block-list\">\n<li>S\u00e4ilitamise kestus.<\/li>\n<\/ul>\n<\/li>\n<\/ul>\n<\/li>\n<\/ul>\n<p><!-- \/wp:list-item --><!-- wp:list-item --><\/p>\n<ul>\n<li style=\"list-style-type: none;\">\n<ul>\n<li style=\"list-style-type: none;\">\n<ul class=\"wp-block-list\">\n<li>Andmekaitsemeetmed.<\/li>\n<\/ul>\n<\/li>\n<\/ul>\n<\/li>\n<li>Teie \u00f5igused (juurdep\u00e4\u00e4s, parandamine, kustutamine, vastuv\u00e4ide, \u00fclekantavus).<\/li>\n<\/ul>\n<p><!-- \/wp:list-item --><!-- wp:list-item --><\/p>\n<ul class=\"wp-block-list\">\n<li style=\"list-style-type: none;\">\u00a0<\/li>\n<\/ul>\n<p><!-- \/wp:list-item --><\/p>\n<p><!-- \/wp:list --><\/p>\n<p><!-- \/wp:list-item --><\/p>\n<p><!-- \/wp:list --><!-- wp:paragraph --><\/p>\n<p><strong>14. Kohaldatav \u00f5igus ja jurisdiktsioon<\/strong><\/p>\n<p><!-- \/wp:paragraph --><!-- wp:list --><\/p>\n<ul class=\"wp-block-list\">\n<li style=\"list-style-type: none;\">\n<ul class=\"wp-block-list\"><!-- wp:list-item --><\/ul>\n<\/li>\n<\/ul>\n<ul>\n<li>K\u00e4esolevate tingimuste suhtes kohaldatakse Eesti seadusi.<\/li>\n<\/ul>\n<p><!-- \/wp:list-item --><!-- wp:list-item --><\/p>\n<ul class=\"wp-block-list\">\n<li>Vaidlused lahendatakse Eesti kohtutes, v\u00e4lja arvatud juhul, kui neid lahendatakse eespool nimetatud ADR- v\u00f5i ODR-platvormide kaudu.<\/li>\n<\/ul>\n<p><!-- \/wp:list-item --><\/p>\n<p><!-- \/wp:list --><!-- wp:paragraph --><\/p>\n<p><strong>15. Muudatused k\u00e4esolevatesse tingimustesse<\/strong><\/p>\n<p><!-- \/wp:paragraph --><!-- wp:list --><\/p>\n<ul class=\"wp-block-list\">\n<li style=\"list-style-type: none;\">\n<ul class=\"wp-block-list\"><!-- wp:list-item --><\/ul>\n<\/li>\n<\/ul>\n<ul>\n<li>Tingimusi v\u00f5ib igal ajal ajakohastada. Muudatused avaldatakse siin koos uue redaktsiooni kuup\u00e4evaga. J\u00e4tkuv kasutamine t\u00e4hendab n\u00f5ustumist.<\/li>\n<\/ul>\n<p><!-- \/wp:list-item --><\/p>\n<p><!-- \/wp:list --><\/p>\t\t\t\t\t\t\t\t<\/div>\n\t\t\t\t<div class=\"elementor-element elementor-element-e2220cb elementor-widget elementor-widget-spacer\" data-id=\"e2220cb\" data-element_type=\"widget\" data-e-type=\"widget\" data-widget_type=\"spacer.default\">\n\t\t\t\t\t\t\t<div class=\"elementor-spacer\">\n\t\t\t<div class=\"elementor-spacer-inner\"><\/div>\n\t\t<\/div>\n\t\t\t\t\t\t<\/div>\n\t\t\t\t\t<\/div>\n\t\t\t\t<\/div>\n\t\t\t\t<\/div>","protected":false},"excerpt":{"rendered":"<p>Terms and Conditions These Terms and Conditions (\u201cTerms\u201d) govern your use of our website freyaframes.eu (\u201cWebsite\u201d) and purchase of products through our online store. By accessing or using the Website and placing an order, you agree to be bound by these Terms. 1. Information About Usfreyaframes.eu is operated by Charter Sailing O\u00dc, registered in Estonia, [&hellip;]<\/p>\n","protected":false},"author":2,"featured_media":0,"parent":0,"menu_order":0,"comment_status":"closed","ping_status":"closed","template":"elementor_header_footer","meta":{"_acf_changed":false,"content-type":"","_monsterinsights_skip_tracking":false,"_monsterinsights_sitenote_active":false,"_monsterinsights_sitenote_note":"","_monsterinsights_sitenote_category":0,"footnotes":""},"class_list":["post-7969","page","type-page","status-publish","hentry"],"acf":[],"yoast_head":"<!-- This site is optimized with the Yoast SEO Premium plugin v27.3 (Yoast SEO v27.3) - https:\/\/yoast.com\/product\/yoast-seo-premium-wordpress\/ -->\n<title>Terms and Conditions - Freyaframes<\/title>\n<meta name=\"description\" content=\"Review the freyaframes terms and conditions to understand your rights and obligations when using our website and services.\" \/>\n<meta name=\"robots\" content=\"index, follow, max-snippet:-1, max-image-preview:large, max-video-preview:-1\" \/>\n<link rel=\"canonical\" href=\"https:\/\/freyaframes.eu\/et\/terms-and-conditions\/\" \/>\n<meta property=\"og:locale\" content=\"et_EE\" \/>\n<meta property=\"og:type\" content=\"article\" \/>\n<meta property=\"og:title\" content=\"Terms and Conditions\" \/>\n<meta property=\"og:description\" content=\"Review the freyaframes terms and conditions to understand your rights and obligations when using our website and services.\" \/>\n<meta property=\"og:url\" content=\"https:\/\/freyaframes.eu\/et\/terms-and-conditions\/\" \/>\n<meta property=\"og:site_name\" content=\"Freyaframes\" \/>\n<meta property=\"article:publisher\" content=\"https:\/\/www.facebook.com\/freyaframes\" \/>\n<meta property=\"article:modified_time\" content=\"2026-01-14T08:01:27+00:00\" \/>\n<meta property=\"og:image\" content=\"https:\/\/freyaframes.eu\/wp-content\/uploads\/2023\/06\/IMG_0162-scaled.jpg\" \/>\n\t<meta property=\"og:image:width\" content=\"2560\" \/>\n\t<meta property=\"og:image:height\" content=\"1920\" \/>\n\t<meta property=\"og:image:type\" content=\"image\/webp\" \/>\n<meta name=\"twitter:card\" content=\"summary_large_image\" \/>\n<script type=\"application\/ld+json\" class=\"yoast-schema-graph\">{\"@context\":\"https:\\\/\\\/schema.org\",\"@graph\":[{\"@type\":\"WebPage\",\"@id\":\"https:\\\/\\\/freyaframes.eu\\\/terms-and-conditions\\\/\",\"url\":\"https:\\\/\\\/freyaframes.eu\\\/terms-and-conditions\\\/\",\"name\":\"Terms and Conditions - Freyaframes\",\"isPartOf\":{\"@id\":\"https:\\\/\\\/freyaframes.eu\\\/#website\"},\"datePublished\":\"2025-08-22T11:47:18+00:00\",\"dateModified\":\"2026-01-14T08:01:27+00:00\",\"description\":\"Review the freyaframes terms and conditions to understand your rights and obligations when using our website and services.\",\"breadcrumb\":{\"@id\":\"https:\\\/\\\/freyaframes.eu\\\/terms-and-conditions\\\/#breadcrumb\"},\"inLanguage\":\"et\",\"potentialAction\":[{\"@type\":\"ReadAction\",\"target\":[\"https:\\\/\\\/freyaframes.eu\\\/terms-and-conditions\\\/\"]}]},{\"@type\":\"BreadcrumbList\",\"@id\":\"https:\\\/\\\/freyaframes.eu\\\/terms-and-conditions\\\/#breadcrumb\",\"itemListElement\":[{\"@type\":\"ListItem\",\"position\":1,\"name\":\"Home\",\"item\":\"https:\\\/\\\/freyaframes.eu\\\/\"},{\"@type\":\"ListItem\",\"position\":2,\"name\":\"Terms and Conditions\"}]},{\"@type\":\"WebSite\",\"@id\":\"https:\\\/\\\/freyaframes.eu\\\/#website\",\"url\":\"https:\\\/\\\/freyaframes.eu\\\/\",\"name\":\"Freyaframes\",\"description\":\"Custom Sprayhoods &amp; Stainless Steel Frames | No Boat Visit Required\",\"publisher\":{\"@id\":\"https:\\\/\\\/freyaframes.eu\\\/#organization\"},\"alternateName\":\"Freya\",\"potentialAction\":[{\"@type\":\"SearchAction\",\"target\":{\"@type\":\"EntryPoint\",\"urlTemplate\":\"https:\\\/\\\/freyaframes.eu\\\/?s={search_term_string}\"},\"query-input\":{\"@type\":\"PropertyValueSpecification\",\"valueRequired\":true,\"valueName\":\"search_term_string\"}}],\"inLanguage\":\"et\"},{\"@type\":\"Organization\",\"@id\":\"https:\\\/\\\/freyaframes.eu\\\/#organization\",\"name\":\"freyaframes\",\"alternateName\":\"freyaframes.eu\",\"url\":\"https:\\\/\\\/freyaframes.eu\\\/\",\"logo\":{\"@type\":\"ImageObject\",\"inLanguage\":\"et\",\"@id\":\"https:\\\/\\\/freyaframes.eu\\\/#\\\/schema\\\/logo\\\/image\\\/\",\"url\":\"https:\\\/\\\/freyaframes.eu\\\/wp-content\\\/uploads\\\/2023\\\/02\\\/Freya-e1711470187319.webp\",\"contentUrl\":\"https:\\\/\\\/freyaframes.eu\\\/wp-content\\\/uploads\\\/2023\\\/02\\\/Freya-e1711470187319.webp\",\"width\":800,\"height\":355,\"caption\":\"freyaframes\"},\"image\":{\"@id\":\"https:\\\/\\\/freyaframes.eu\\\/#\\\/schema\\\/logo\\\/image\\\/\"},\"sameAs\":[\"https:\\\/\\\/www.facebook.com\\\/freyaframes\",\"https:\\\/\\\/www.instagram.com\\\/freyaframes\\\/\"],\"description\":\"Charter Sailing O\u00dc is making premium boat canvas & stainless steel frames. We sell our products under 2 brands - freyaframes.eu and sprayhoodz.eu.\",\"email\":\"we@freyaframes.eu\",\"telephone\":\"+37256800066\",\"legalName\":\"Charter Sailing O\u00dc\",\"foundingDate\":\"2021-01-19\",\"vatID\":\"EE102499645\",\"numberOfEmployees\":{\"@type\":\"QuantitativeValue\",\"minValue\":\"1\",\"maxValue\":\"10\"},\"publishingPrinciples\":\"https:\\\/\\\/freyaframes.eu\\\/blog\\\/\"}]}<\/script>\n<!-- \/ Yoast SEO Premium plugin. -->","yoast_head_json":{"title":"Tingimused - Freyaframes","description":"Review the freyaframes terms and conditions to understand your rights and obligations when using our website and services.","robots":{"index":"index","follow":"follow","max-snippet":"max-snippet:-1","max-image-preview":"max-image-preview:large","max-video-preview":"max-video-preview:-1"},"canonical":"https:\/\/freyaframes.eu\/et\/terms-and-conditions\/","og_locale":"et_EE","og_type":"article","og_title":"Terms and Conditions","og_description":"Review the freyaframes terms and conditions to understand your rights and obligations when using our website and services.","og_url":"https:\/\/freyaframes.eu\/et\/terms-and-conditions\/","og_site_name":"Freyaframes","article_publisher":"https:\/\/www.facebook.com\/freyaframes","article_modified_time":"2026-01-14T08:01:27+00:00","og_image":[{"width":2560,"height":1920,"url":"https:\/\/freyaframes.eu\/wp-content\/uploads\/2023\/06\/IMG_0162-scaled.jpg","type":"image\/webp"}],"twitter_card":"summary_large_image","schema":{"@context":"https:\/\/schema.org","@graph":[{"@type":"WebPage","@id":"https:\/\/freyaframes.eu\/terms-and-conditions\/","url":"https:\/\/freyaframes.eu\/terms-and-conditions\/","name":"Tingimused - Freyaframes","isPartOf":{"@id":"https:\/\/freyaframes.eu\/#website"},"datePublished":"2025-08-22T11:47:18+00:00","dateModified":"2026-01-14T08:01:27+00:00","description":"Review the freyaframes terms and conditions to understand your rights and obligations when using our website and services.","breadcrumb":{"@id":"https:\/\/freyaframes.eu\/terms-and-conditions\/#breadcrumb"},"inLanguage":"et","potentialAction":[{"@type":"ReadAction","target":["https:\/\/freyaframes.eu\/terms-and-conditions\/"]}]},{"@type":"BreadcrumbList","@id":"https:\/\/freyaframes.eu\/terms-and-conditions\/#breadcrumb","itemListElement":[{"@type":"ListItem","position":1,"name":"Home","item":"https:\/\/freyaframes.eu\/"},{"@type":"ListItem","position":2,"name":"Terms and Conditions"}]},{"@type":"WebSite","@id":"https:\/\/freyaframes.eu\/#website","url":"https:\/\/freyaframes.eu\/","name":"Freyaframes","description":"Custom Sprayhoods &amp; Stainless Steel Frames | No Boat Visit Required","publisher":{"@id":"https:\/\/freyaframes.eu\/#organization"},"alternateName":"Freya","potentialAction":[{"@type":"SearchAction","target":{"@type":"EntryPoint","urlTemplate":"https:\/\/freyaframes.eu\/?s={search_term_string}"},"query-input":{"@type":"PropertyValueSpecification","valueRequired":true,"valueName":"search_term_string"}}],"inLanguage":"et"},{"@type":"Organization","@id":"https:\/\/freyaframes.eu\/#organization","name":"Freyaframes","alternateName":"freyaframes.eu","url":"https:\/\/freyaframes.eu\/","logo":{"@type":"ImageObject","inLanguage":"et","@id":"https:\/\/freyaframes.eu\/#\/schema\/logo\/image\/","url":"https:\/\/freyaframes.eu\/wp-content\/uploads\/2023\/02\/Freya-e1711470187319.webp","contentUrl":"https:\/\/freyaframes.eu\/wp-content\/uploads\/2023\/02\/Freya-e1711470187319.webp","width":800,"height":355,"caption":"freyaframes"},"image":{"@id":"https:\/\/freyaframes.eu\/#\/schema\/logo\/image\/"},"sameAs":["https:\/\/www.facebook.com\/freyaframes","https:\/\/www.instagram.com\/freyaframes\/"],"description":"Charter Sailing O\u00dc teeb premium paat kangas &amp; roostevabast terasest raamid. Me m\u00fc\u00fcme oma tooteid 2 kaubam\u00e4rgi all - freyaframes.eu ja sprayhoodz.eu.","email":"we@freyaframes.eu","telephone":"+37256800066","legalName":"Charter Sailing O\u00dc","foundingDate":"2021-01-19","vatID":"EE102499645","numberOfEmployees":{"@type":"QuantitativeValue","minValue":"1","maxValue":"10"},"publishingPrinciples":"https:\/\/freyaframes.eu\/blog\/"}]}},"jetpack_sharing_enabled":true,"_links":{"self":[{"href":"https:\/\/freyaframes.eu\/et\/wp-json\/wp\/v2\/pages\/7969","targetHints":{"allow":["GET"]}}],"collection":[{"href":"https:\/\/freyaframes.eu\/et\/wp-json\/wp\/v2\/pages"}],"about":[{"href":"https:\/\/freyaframes.eu\/et\/wp-json\/wp\/v2\/types\/page"}],"author":[{"embeddable":true,"href":"https:\/\/freyaframes.eu\/et\/wp-json\/wp\/v2\/users\/2"}],"replies":[{"embeddable":true,"href":"https:\/\/freyaframes.eu\/et\/wp-json\/wp\/v2\/comments?post=7969"}],"version-history":[{"count":0,"href":"https:\/\/freyaframes.eu\/et\/wp-json\/wp\/v2\/pages\/7969\/revisions"}],"wp:attachment":[{"href":"https:\/\/freyaframes.eu\/et\/wp-json\/wp\/v2\/media?parent=7969"}],"curies":[{"name":"wp","href":"https:\/\/api.w.org\/{rel}","templated":true}]}}